{"id":17686,"date":"2023-09-17T18:26:28","date_gmt":"2023-09-17T16:26:28","guid":{"rendered":"https:\/\/cryonic-medical.com\/informacao-juridica\/"},"modified":"2025-01-20T18:20:49","modified_gmt":"2025-01-20T17:20:49","slug":"informacao-juridica","status":"publish","type":"page","link":"https:\/\/cryonic-medical.com\/pt-pt\/informacao-juridica\/","title":{"rendered":"Informa\u00e7\u00e3o jur\u00eddica"},"content":{"rendered":"\t\t<div data-elementor-type=\"wp-page\" data-elementor-id=\"17686\" class=\"elementor elementor-17686 elementor-3\" data-elementor-post-type=\"page\">\n\t\t\t\t\t\t<section class=\"elementor-section elementor-top-section elementor-element elementor-element-97b82e8 elementor-section-full_width elementor-section-height-default elementor-section-height-default\" data-id=\"97b82e8\" data-element_type=\"section\">\n\t\t\t\t\t\t<div class=\"elementor-container elementor-column-gap-default\">\n\t\t\t\t\t<div class=\"elementor-column elementor-col-100 elementor-top-column elementor-element elementor-element-f93527f\" data-id=\"f93527f\" data-element_type=\"column\">\n\t\t\t<div class=\"elementor-widget-wrap elementor-element-populated\">\n\t\t\t\t\t\t<div class=\"elementor-element elementor-element-e9dccf4 elementor-widget elementor-widget-heading\" data-id=\"e9dccf4\" data-element_type=\"widget\" data-widget_type=\"heading.default\">\n\t\t\t\t<div class=\"elementor-widget-container\">\n\t\t\t\t\t<h2 class=\"elementor-heading-title elementor-size-default\">avisos legais<\/h2>\t\t\t\t<\/div>\n\t\t\t\t<\/div>\n\t\t\t\t<div class=\"elementor-element elementor-element-4a2c897 elementor-widget elementor-widget-spacer\" data-id=\"4a2c897\" data-element_type=\"widget\" data-widget_type=\"spacer.default\">\n\t\t\t\t<div class=\"elementor-widget-container\">\n\t\t\t\t\t\t\t<div class=\"elementor-spacer\">\n\t\t\t<div class=\"elementor-spacer-inner\"><\/div>\n\t\t<\/div>\n\t\t\t\t\t\t<\/div>\n\t\t\t\t<\/div>\n\t\t\t\t<div class=\"elementor-element elementor-element-e4e141e elementor-widget elementor-widget-heading\" data-id=\"e4e141e\" data-element_type=\"widget\" data-widget_type=\"heading.default\">\n\t\t\t\t<div class=\"elementor-widget-container\">\n\t\t\t\t\t<h2 class=\"elementor-heading-title elementor-size-default\">propriet\u00e1rio<\/h2>\t\t\t\t<\/div>\n\t\t\t\t<\/div>\n\t\t\t\t<div class=\"elementor-element elementor-element-cfab718 elementor-widget elementor-widget-text-editor\" data-id=\"cfab718\" data-element_type=\"widget\" data-widget_type=\"text-editor.default\">\n\t\t\t\t<div class=\"elementor-widget-container\">\n\t\t\t\t\t\t\t\t\t<p>P<strong>ropriet\u00e1rio do s\u00edtio:<\/strong> Cryonic Medical SAS SIRET<strong>:<\/strong> 78905851800026<strong>RCS Besan\u00e7on:<\/strong> B789 058 518<strong>SAS com capital:<\/strong> 50.000,00 euros<strong>Sede<\/strong><strong>social:<\/strong> 6 rue Berthelot 25000 Besan\u00e7on<\/p>\n\t\t\t\t\t\t\t\t<\/div>\n\t\t\t\t<\/div>\n\t\t\t\t<div class=\"elementor-element elementor-element-f95e6da elementor-widget elementor-widget-heading\" data-id=\"f95e6da\" data-element_type=\"widget\" data-widget_type=\"heading.default\">\n\t\t\t\t<div class=\"elementor-widget-container\">\n\t\t\t\t\t<h2 class=\"elementor-heading-title elementor-size-default\">s\u00edtio web e alojamento<\/h2>\t\t\t\t<\/div>\n\t\t\t\t<\/div>\n\t\t\t\t<div class=\"elementor-element elementor-element-29b1da3 elementor-widget elementor-widget-text-editor\" data-id=\"29b1da3\" data-element_type=\"widget\" data-widget_type=\"text-editor.default\">\n\t\t\t\t<div class=\"elementor-widget-container\">\n\t\t\t\t\t\t\t\t\t<p>O endere\u00e7o do nosso s\u00edtio Web \u00e9 https:\/\/cryonic-medical.com.  <br \/>Alojamento : OVH SAS &#8211; 2 rue Kellermann, Roubaix &#8211; FRAN\u00c7A<\/p>\n\t\t\t\t\t\t\t\t<\/div>\n\t\t\t\t<\/div>\n\t\t\t\t<div class=\"elementor-element elementor-element-e7d6086 elementor-widget elementor-widget-heading\" data-id=\"e7d6086\" data-element_type=\"widget\" data-widget_type=\"heading.default\">\n\t\t\t\t<div class=\"elementor-widget-container\">\n\t\t\t\t\t<h2 class=\"elementor-heading-title elementor-size-default\">lei da prote\u00e7\u00e3o de dados<\/h2>\t\t\t\t<\/div>\n\t\t\t\t<\/div>\n\t\t\t\t<div class=\"elementor-element elementor-element-d706283 elementor-widget elementor-widget-text-editor\" data-id=\"d706283\" data-element_type=\"widget\" data-widget_type=\"text-editor.default\">\n\t\t\t\t<div class=\"elementor-widget-container\">\n\t\t\t\t\t\t\t\t\t<p>Em conformidade com a lei de prote\u00e7\u00e3o de dados de 6 de janeiro de 1978, informamos que tem o direito de aceder, modificar, retificar e apagar a sua contribui\u00e7\u00e3o. Para o fazer, dirigir-se \u00e0 sede da empresa. As informa\u00e7\u00f5es recolhidas das pessoas que utilizam o formul\u00e1rio de contacto n\u00e3o ser\u00e3o divulgadas a outras pessoas para al\u00e9m das que fazem parte da nossa empresa. No entanto, em conformidade com a lei francesa sobre a prote\u00e7\u00e3o de dados, informamos que as suas respostas s\u00e3o facultativas e que a aus\u00eancia de resposta n\u00e3o ter\u00e1 consequ\u00eancias particulares. No entanto, as suas respostas devem ser suficientes para nos permitir tratar a informa\u00e7\u00e3o.<\/p>\n\t\t\t\t\t\t\t\t<\/div>\n\t\t\t\t<\/div>\n\t\t\t\t<div class=\"elementor-element elementor-element-4660c57 elementor-widget elementor-widget-heading\" data-id=\"4660c57\" data-element_type=\"widget\" data-widget_type=\"heading.default\">\n\t\t\t\t<div class=\"elementor-widget-container\">\n\t\t\t\t\t<h2 class=\"elementor-heading-title elementor-size-default\">contrafa\u00e7\u00e3o<\/h2>\t\t\t\t<\/div>\n\t\t\t\t<\/div>\n\t\t\t\t<div class=\"elementor-element elementor-element-26a1273 elementor-widget elementor-widget-text-editor\" data-id=\"26a1273\" data-element_type=\"widget\" data-widget_type=\"text-editor.default\">\n\t\t\t\t<div class=\"elementor-widget-container\">\n\t\t\t\t\t\t\t\t\t<p>\u00c9 proibida qualquer reprodu\u00e7\u00e3o ou representa\u00e7\u00e3o, no todo ou em parte, para qualquer outro fim, seja qual for o suporte. O n\u00e3o cumprimento desta proibi\u00e7\u00e3o constitui uma infra\u00e7\u00e3o pela qual o infrator pode ser responsabilizado civil e criminalmente. As informa\u00e7\u00f5es contidas neste servi\u00e7o n\u00e3o s\u00e3o contratuais e est\u00e3o sujeitas a altera\u00e7\u00f5es sem aviso pr\u00e9vio.<\/p>\n\t\t\t\t\t\t\t\t<\/div>\n\t\t\t\t<\/div>\n\t\t\t\t<div class=\"elementor-element elementor-element-1a035af elementor-widget elementor-widget-heading\" data-id=\"1a035af\" data-element_type=\"widget\" data-widget_type=\"heading.default\">\n\t\t\t\t<div class=\"elementor-widget-container\">\n\t\t\t\t\t<h2 class=\"elementor-heading-title elementor-size-default\">biscoitos<\/h2>\t\t\t\t<\/div>\n\t\t\t\t<\/div>\n\t\t\t\t<div class=\"elementor-element elementor-element-9b17b54 elementor-widget elementor-widget-text-editor\" data-id=\"9b17b54\" data-element_type=\"widget\" data-widget_type=\"text-editor.default\">\n\t\t\t\t<div class=\"elementor-widget-container\">\n\t\t\t\t\t\t\t\t\tSe deixar um coment\u00e1rio no nosso s\u00edtio, ser-lhe-\u00e1 pedido que guarde o seu nome, endere\u00e7o de correio eletr\u00f3nico e s\u00edtio Web nos cookies. Isto \u00e9 apenas para sua conveni\u00eancia, para que n\u00e3o tenha de introduzir esta informa\u00e7\u00e3o se publicar outro coment\u00e1rio mais tarde. Estes cookies expiram ao fim de um ano. Se aceder \u00e0 p\u00e1gina de in\u00edcio de sess\u00e3o, ser\u00e1 criado um cookie tempor\u00e1rio para determinar se o seu browser aceita cookies. N\u00e3o cont\u00e9m quaisquer dados pessoais e ser\u00e1 eliminada automaticamente quando fechar o seu browser. Quando iniciar sess\u00e3o, definiremos uma s\u00e9rie de cookies para registar os seus dados de in\u00edcio de sess\u00e3o e prefer\u00eancias de ecr\u00e3. O tempo de vida de um cookie de liga\u00e7\u00e3o \u00e9 de dois dias, o de um cookie de op\u00e7\u00e3o de ecr\u00e3 \u00e9 de um ano. Se selecionar &#8220;lembrar-me&#8221;, o seu cookie de liga\u00e7\u00e3o ser\u00e1 guardado durante quinze dias. Se sair da sua conta, o cookie de liga\u00e7\u00e3o ser\u00e1 eliminado. Ao modificar ou publicar uma publica\u00e7\u00e3o, ser\u00e1 guardado um cookie adicional no seu browser. Este cookie n\u00e3o cont\u00e9m quaisquer dados pessoais. Indica simplesmente a identifica\u00e7\u00e3o da publica\u00e7\u00e3o que acabou de modificar. Expira ao fim de um dia.  \t\t\t\t\t\t\t\t<\/div>\n\t\t\t\t<\/div>\n\t\t\t\t<div class=\"elementor-element elementor-element-94cd822 elementor-widget elementor-widget-heading\" data-id=\"94cd822\" data-element_type=\"widget\" data-widget_type=\"heading.default\">\n\t\t\t\t<div class=\"elementor-widget-container\">\n\t\t\t\t\t<h2 class=\"elementor-heading-title elementor-size-default\">conte\u00fado incorporado de outros s\u00edtios<\/h2>\t\t\t\t<\/div>\n\t\t\t\t<\/div>\n\t\t\t\t<div class=\"elementor-element elementor-element-15b8103 elementor-widget elementor-widget-text-editor\" data-id=\"15b8103\" data-element_type=\"widget\" data-widget_type=\"text-editor.default\">\n\t\t\t\t<div class=\"elementor-widget-container\">\n\t\t\t\t\t\t\t\t\tOs artigos deste s\u00edtio podem incluir conte\u00fados incorporados (por exemplo, v\u00eddeos, imagens, artigos, etc.). O conte\u00fado integrado de outros s\u00edtios comporta-se da mesma forma como se o visitante estivesse a visitar esse outro s\u00edtio. Estes s\u00edtios Web podem recolher dados sobre ti, utilizar cookies, incorporar ferramentas de rastreio de terceiros e rastrear as tuas intera\u00e7\u00f5es com este conte\u00fado incorporado se tiveres uma conta ligada ao seu s\u00edtio Web.  \t\t\t\t\t\t\t\t<\/div>\n\t\t\t\t<\/div>\n\t\t\t\t<div class=\"elementor-element elementor-element-1e94f53 elementor-widget elementor-widget-heading\" data-id=\"1e94f53\" data-element_type=\"widget\" data-widget_type=\"heading.default\">\n\t\t\t\t<div class=\"elementor-widget-container\">\n\t\t\t\t\t<h2 class=\"elementor-heading-title elementor-size-default\">utiliza\u00e7\u00e3o e transmiss\u00e3o dos seus dados pessoais<\/h2>\t\t\t\t<\/div>\n\t\t\t\t<\/div>\n\t\t\t\t<div class=\"elementor-element elementor-element-cc545f8 elementor-widget elementor-widget-text-editor\" data-id=\"cc545f8\" data-element_type=\"widget\" data-widget_type=\"text-editor.default\">\n\t\t\t\t<div class=\"elementor-widget-container\">\n\t\t\t\t\t\t\t\t\t<p>Para os utilizadores que se registam no nosso s\u00edtio (sempre que poss\u00edvel), guardamos tamb\u00e9m os dados pessoais indicados no seu perfil. Todos os utilizadores podem ver, modificar ou apagar as suas informa\u00e7\u00f5es pessoais em qualquer altura (com exce\u00e7\u00e3o do seu nome de utilizador). Os gestores do s\u00edtio tamb\u00e9m podem ver e modificar estas informa\u00e7\u00f5es.<\/p>\n\t\t\t\t\t\t\t\t<\/div>\n\t\t\t\t<\/div>\n\t\t\t\t<div class=\"elementor-element elementor-element-d67e680 elementor-widget elementor-widget-heading\" data-id=\"d67e680\" data-element_type=\"widget\" data-widget_type=\"heading.default\">\n\t\t\t\t<div class=\"elementor-widget-container\">\n\t\t\t\t\t<h2 class=\"elementor-heading-title elementor-size-default\">direitos sobre os seus dados<\/h2>\t\t\t\t<\/div>\n\t\t\t\t<\/div>\n\t\t\t\t<div class=\"elementor-element elementor-element-576aca9 elementor-widget elementor-widget-text-editor\" data-id=\"576aca9\" data-element_type=\"widget\" data-widget_type=\"text-editor.default\">\n\t\t\t\t<div class=\"elementor-widget-container\">\n\t\t\t\t\t\t\t\t\t<p>Se tiver uma conta ou se tiver deixado coment\u00e1rios no s\u00edtio, pode pedir para receber um ficheiro com todos os dados pessoais que temos sobre si, incluindo os que nos forneceu. Tamb\u00e9m pode solicitar a elimina\u00e7\u00e3o dos seus dados pessoais. Tal n\u00e3o inclui os dados armazenados para fins administrativos, jur\u00eddicos ou de seguran\u00e7a.<\/p>\n\t\t\t\t\t\t\t\t<\/div>\n\t\t\t\t<\/div>\n\t\t\t\t<div class=\"elementor-element elementor-element-4f2de39 elementor-widget elementor-widget-heading\" data-id=\"4f2de39\" data-element_type=\"widget\" data-widget_type=\"heading.default\">\n\t\t\t\t<div class=\"elementor-widget-container\">\n\t\t\t\t\t<h2 class=\"elementor-heading-title elementor-size-default\">dados de contacto<\/h2>\t\t\t\t<\/div>\n\t\t\t\t<\/div>\n\t\t\t\t<div class=\"elementor-element elementor-element-b940254 elementor-widget elementor-widget-text-editor\" data-id=\"b940254\" data-element_type=\"widget\" data-widget_type=\"text-editor.default\">\n\t\t\t\t<div class=\"elementor-widget-container\">\n\t\t\t\t\t\t\t\t\t<p>Para todas as informa\u00e7\u00f5es relativas \u00e0 utiliza\u00e7\u00e3o, \u00e0 prote\u00e7\u00e3o e aos seus direitos em mat\u00e9ria de dados, contacte diretamente o webmaster em webmaster@cryonic-medical.com. Para qualquer informa\u00e7\u00e3o de car\u00e1cter geral ou comercial, \u00e9 favor contactar diretamente os nossos servi\u00e7os atrav\u00e9s da nossa p\u00e1gina de contacto ou diretamente por correio eletr\u00f3nico para commercial@cryonic-medical.com ou pelo telefone 03 81 54 35 40.  <\/p>\n\t\t\t\t\t\t\t\t<\/div>\n\t\t\t\t<\/div>\n\t\t\t\t<div class=\"elementor-element elementor-element-a718e0c elementor-widget elementor-widget-spacer\" data-id=\"a718e0c\" data-element_type=\"widget\" data-widget_type=\"spacer.default\">\n\t\t\t\t<div class=\"elementor-widget-container\">\n\t\t\t\t\t\t\t<div class=\"elementor-spacer\">\n\t\t\t<div class=\"elementor-spacer-inner\"><\/div>\n\t\t<\/div>\n\t\t\t\t\t\t<\/div>\n\t\t\t\t<\/div>\n\t\t\t\t\t<\/div>\n\t\t<\/div>\n\t\t\t\t\t<\/div>\n\t\t<\/section>\n\t\t\t\t<\/div>\n\t\t","protected":false},"excerpt":{"rendered":"<p>avisos legais propriet\u00e1rio Propriet\u00e1rio do s\u00edtio: Cryonic Medical SAS SIRET: 78905851800026RCS Besan\u00e7on: B789 058 518SAS com capital: 50.000,00 eurosSedesocial: 6 rue Berthelot 25000 Besan\u00e7on s\u00edtio web e alojamento O endere\u00e7o do nosso s\u00edtio Web \u00e9 https:\/\/cryonic-medical.com. Alojamento : OVH SAS &#8211; 2 rue Kellermann, Roubaix &#8211; FRAN\u00c7A lei da prote\u00e7\u00e3o de dados Em conformidade com [&hellip;]<\/p>\n","protected":false},"author":1,"featured_media":0,"parent":0,"menu_order":0,"comment_status":"closed","ping_status":"closed","template":"","meta":{"footnotes":""},"class_list":["post-17686","page","type-page","status-publish","hentry"],"_links":{"self":[{"href":"https:\/\/cryonic-medical.com\/pt-pt\/wp-json\/wp\/v2\/pages\/17686","targetHints":{"allow":["GET"]}}],"collection":[{"href":"https:\/\/cryonic-medical.com\/pt-pt\/wp-json\/wp\/v2\/pages"}],"about":[{"href":"https:\/\/cryonic-medical.com\/pt-pt\/wp-json\/wp\/v2\/types\/page"}],"author":[{"embeddable":true,"href":"https:\/\/cryonic-medical.com\/pt-pt\/wp-json\/wp\/v2\/users\/1"}],"replies":[{"embeddable":true,"href":"https:\/\/cryonic-medical.com\/pt-pt\/wp-json\/wp\/v2\/comments?post=17686"}],"version-history":[{"count":2,"href":"https:\/\/cryonic-medical.com\/pt-pt\/wp-json\/wp\/v2\/pages\/17686\/revisions"}],"predecessor-version":[{"id":18244,"href":"https:\/\/cryonic-medical.com\/pt-pt\/wp-json\/wp\/v2\/pages\/17686\/revisions\/18244"}],"wp:attachment":[{"href":"https:\/\/cryonic-medical.com\/pt-pt\/wp-json\/wp\/v2\/media?parent=17686"}],"curies":[{"name":"wp","href":"https:\/\/api.w.org\/{rel}","templated":true}]}}