{"id":17255,"date":"2023-09-15T10:07:12","date_gmt":"2023-09-15T08:07:12","guid":{"rendered":"https:\/\/cryonic-medical.com\/os-nossos-servicos\/"},"modified":"2025-10-20T10:50:35","modified_gmt":"2025-10-20T08:50:35","slug":"os-nossos-servicos","status":"publish","type":"page","link":"https:\/\/cryonic-medical.com\/pt-pt\/os-nossos-servicos\/","title":{"rendered":"Os nossos servi\u00e7os"},"content":{"rendered":"\t\t<div data-elementor-type=\"wp-post\" data-elementor-id=\"17255\" class=\"elementor elementor-17255 elementor-2656\" data-elementor-post-type=\"page\">\n\t\t\t\t\t\t<section class=\"elementor-section elementor-top-section elementor-element elementor-element-2f5870d elementor-section-stretched elementor-section-height-min-height elementor-section-content-middle elementor-section-boxed elementor-section-height-default elementor-section-items-middle\" data-id=\"2f5870d\" data-element_type=\"section\" data-settings=\"{&quot;stretch_section&quot;:&quot;section-stretched&quot;,&quot;background_background&quot;:&quot;classic&quot;}\">\n\t\t\t\t\t\t\t<div class=\"elementor-background-overlay\"><\/div>\n\t\t\t\t\t\t\t<div class=\"elementor-container elementor-column-gap-no\">\n\t\t\t\t\t<div class=\"elementor-column elementor-col-100 elementor-top-column elementor-element elementor-element-88f2249\" data-id=\"88f2249\" data-element_type=\"column\">\n\t\t\t<div class=\"elementor-widget-wrap elementor-element-populated\">\n\t\t\t\t\t\t<div class=\"elementor-element elementor-element-0685722 animated-slow elementor-invisible elementor-widget elementor-widget-heading\" data-id=\"0685722\" data-element_type=\"widget\" data-settings=\"{&quot;_animation&quot;:&quot;fadeIn&quot;}\" data-widget_type=\"heading.default\">\n\t\t\t\t<div class=\"elementor-widget-container\">\n\t\t\t\t\t<h4 class=\"elementor-heading-title elementor-size-default\">oferecemos-lhe<\/h4>\t\t\t\t<\/div>\n\t\t\t\t<\/div>\n\t\t\t\t<div class=\"elementor-element elementor-element-675b214 elementor-headline--style-rotate elementor-widget elementor-widget-animated-headline\" data-id=\"675b214\" data-element_type=\"widget\" data-settings=\"{&quot;headline_style&quot;:&quot;rotate&quot;,&quot;animation_type&quot;:&quot;drop-in&quot;,&quot;rotating_text&quot;:&quot;\\n\\n\\ng\\u00e1s log\\u00edstica forma\\u00e7\\u00e3o manuten\\u00e7\\u00e3o reciclagem\\n&quot;,&quot;loop&quot;:&quot;yes&quot;,&quot;rotate_iteration_delay&quot;:2500}\" data-widget_type=\"animated-headline.default\">\n\t\t\t\t<div class=\"elementor-widget-container\">\n\t\t\t\t\t\t\t<h3 class=\"elementor-headline elementor-headline-animation-type-drop-in\">\n\t\t\t\t\t<span class=\"elementor-headline-plain-text elementor-headline-text-wrapper\">um servi\u00e7o de<\/span>\n\t\t\t\t<span class=\"elementor-headline-dynamic-wrapper elementor-headline-text-wrapper\">\n\t\t\t\t\t<span class=\"elementor-headline-dynamic-text elementor-headline-text-active\">\n\t\t\t\t\t\t\t<\/span>\n\t\t\t\t\t<span class=\"elementor-headline-dynamic-text\">\n\t\t\t\t\t\t\t<\/span>\n\t\t\t\t\t<span class=\"elementor-headline-dynamic-text\">\n\t\t\t\t\t\t\t<\/span>\n\t\t\t\t\t<span class=\"elementor-headline-dynamic-text\">\n\t\t\t\tg\u00e1s&nbsp;log\u00edstica&nbsp;forma\u00e7\u00e3o&nbsp;manuten\u00e7\u00e3o&nbsp;reciclagem\t\t\t<\/span>\n\t\t\t\t\t<span class=\"elementor-headline-dynamic-text\">\n\t\t\t\t\t\t\t<\/span>\n\t\t\t\t\t\t<\/span>\n\t\t\t\t<\/h3>\n\t\t\t\t\t\t<\/div>\n\t\t\t\t<\/div>\n\t\t\t\t\t<\/div>\n\t\t<\/div>\n\t\t\t\t\t<\/div>\n\t\t<\/section>\n\t\t\t\t<section class=\"elementor-section elementor-top-section elementor-element elementor-element-7f8fe6d elementor-section-stretched elementor-section-full_width animated-slow elementor-reverse-mobile elementor-section-height-default elementor-section-height-default elementor-invisible\" data-id=\"7f8fe6d\" data-element_type=\"section\" data-settings=\"{&quot;stretch_section&quot;:&quot;section-stretched&quot;,&quot;animation&quot;:&quot;fadeInUp&quot;}\">\n\t\t\t\t\t\t<div class=\"elementor-container elementor-column-gap-no\">\n\t\t\t\t\t<div class=\"elementor-column elementor-col-50 elementor-top-column elementor-element elementor-element-e6b75ef\" data-id=\"e6b75ef\" data-element_type=\"column\" data-settings=\"{&quot;background_background&quot;:&quot;classic&quot;}\">\n\t\t\t<div class=\"elementor-widget-wrap elementor-element-populated\">\n\t\t\t\t\t\t<div class=\"elementor-element elementor-element-3452626 elementor-widget elementor-widget-spacer\" data-id=\"3452626\" data-element_type=\"widget\" data-widget_type=\"spacer.default\">\n\t\t\t\t<div class=\"elementor-widget-container\">\n\t\t\t\t\t\t\t<div class=\"elementor-spacer\">\n\t\t\t<div class=\"elementor-spacer-inner\"><\/div>\n\t\t<\/div>\n\t\t\t\t\t\t<\/div>\n\t\t\t\t<\/div>\n\t\t\t\t<div class=\"elementor-element elementor-element-ebb4dfd elementor-hidden-mobile elementor-widget elementor-widget-tp-shape-divider\" data-id=\"ebb4dfd\" data-element_type=\"widget\" data-widget_type=\"tp-shape-divider.default\">\n\t\t\t\t<div class=\"elementor-widget-container\">\n\t\t\t\t\t<div id=\"shapeebb4dfd\" class=\"tp-plus-shape-divider shape-shape-1 shapeebb4dfd shape-right flip-right \" data-id=\"shapeebb4dfd\" data-position=\"right\" data-section-type=\"column\"><svg class=\"shape-1\" xmlns=\"http:\/\/www.w3.org\/2000\/svg\" xmlns:xlink=\"http:\/\/www.w3.org\/1999\/xlink\" width=\"44px\" height=\"200px\" viewBox=\"0 0 44 200\" preserveAspectRatio=\"none\"><g><path fill=\"rgba(255,255,255,1)\" stroke=\"#ffffff\" stroke-width=\"1\" stroke-linecap=\"butt\" stroke-linejoin=\"miter\" opacity=\"1\" d=\"M 45.703505156528365 200.19885384998346 C 45.73301315307617 190.79171752929688 45.365841356073965 101.6338238086374 45.662750244140625 0.25295501947402954 C 45.52727381388346 10.878458460172016 41.63068771362305 22.985551555951435 34.041473388671875 36.57423400878906 C 24.181148529052734 56.518985748291016 1.116410493850708 75.28781127929688 0.9567615985870361 100.19087982177734 C 1.1245900392532349 125.75543975830078 23.82019805908203 145.14585876464844 34.17644691467285 165.19732666015625 C 41.07911682128906 178.5620574951172 45.73301315307617 190.79171752929688 45.703505156528365 200.19885384998346 Z\" transform=\"matrix(1 0 0 1 -0.729369 -0.220138)\"><\/path><\/g><\/svg><i class=\" fa fa-angle-down shape-1-icon\"><\/i><a href=\"#tabs\" target=\"_blank\" rel=\"nofollow\" class=\"shape-1-url\"><\/a><\/div>\t\t\t\t<\/div>\n\t\t\t\t<\/div>\n\t\t\t\t\t<\/div>\n\t\t<\/div>\n\t\t\t\t<div class=\"elementor-column elementor-col-50 elementor-top-column elementor-element elementor-element-358be66\" data-id=\"358be66\" data-element_type=\"column\">\n\t\t\t<div class=\"elementor-widget-wrap elementor-element-populated\">\n\t\t\t\t\t\t<div class=\"elementor-element elementor-element-c04ad47 elementor-view-default elementor-widget elementor-widget-icon\" data-id=\"c04ad47\" data-element_type=\"widget\" data-widget_type=\"icon.default\">\n\t\t\t\t<div class=\"elementor-widget-container\">\n\t\t\t\t\t\t\t<div class=\"elementor-icon-wrapper\">\n\t\t\t<div class=\"elementor-icon\">\n\t\t\t<svg xmlns=\"http:\/\/www.w3.org\/2000\/svg\" viewBox=\"0 0 53.41 53.41\"><defs><style>.cls-1{fill:#13b1f0;}<\/style><\/defs><g id=\"Calque_2\" data-name=\"Calque 2\"><g id=\"Calque_1-2\" data-name=\"Calque 1\"><path class=\"cls-1\" d=\"M47.53,10,34.45,23.08a8.56,8.56,0,1,1-3.93-4L43.61,6A26.71,26.71,0,0,0,6,43.61l4.08-4.08A21,21,0,0,1,26.7,5.77v5.58A15.39,15.39,0,1,0,42.09,26.73v0h5.58v0a21,21,0,0,1-33.6,16.73L10,47.53A26.7,26.7,0,0,0,47.53,10Z\"><\/path><\/g><\/g><\/svg>\t\t\t<\/div>\n\t\t<\/div>\n\t\t\t\t\t\t<\/div>\n\t\t\t\t<\/div>\n\t\t\t\t<div class=\"elementor-element elementor-element-9548cf8 elementor-widget elementor-widget-text-editor\" data-id=\"9548cf8\" data-element_type=\"widget\" data-widget_type=\"text-editor.default\">\n\t\t\t\t<div class=\"elementor-widget-container\">\n\t\t\t\t\t\t\t\t\t<p>A satisfa\u00e7\u00e3o do cliente \u00e9 a nossa principal prioridade.  <\/p>\t\t\t\t\t\t\t\t<\/div>\n\t\t\t\t<\/div>\n\t\t\t\t<div class=\"elementor-element elementor-element-a04e1a1 elementor-widget elementor-widget-text-editor\" data-id=\"a04e1a1\" data-element_type=\"widget\" data-widget_type=\"text-editor.default\">\n\t\t\t\t<div class=\"elementor-widget-container\">\n\t\t\t\t\t\t\t\t\t<p>A Cryonic Medical desenvolveu servi\u00e7os adaptados \u00e0s necessidades dos profissionais em Fran\u00e7a e no estrangeiro. Dependendo das restri\u00e7\u00f5es profissionais de cada indiv\u00edduo, a cri\u00f3nica \u00e9 capaz de se adaptar para otimizar ao m\u00e1ximo os resultados da t\u00e9cnica.<\/p>\t\t\t\t\t\t\t\t<\/div>\n\t\t\t\t<\/div>\n\t\t\t\t\t<\/div>\n\t\t<\/div>\n\t\t\t\t\t<\/div>\n\t\t<\/section>\n\t\t\t\t<section class=\"elementor-section elementor-top-section elementor-element elementor-element-b6b034c elementor-section-stretched elementor-section-full_width elementor-section-height-default elementor-section-height-default\" data-id=\"b6b034c\" data-element_type=\"section\" data-settings=\"{&quot;stretch_section&quot;:&quot;section-stretched&quot;}\">\n\t\t\t\t\t\t<div class=\"elementor-container elementor-column-gap-no\">\n\t\t\t\t\t<div class=\"elementor-column elementor-col-100 elementor-top-column elementor-element elementor-element-daeec22\" data-id=\"daeec22\" data-element_type=\"column\" id=\"tabs\">\n\t\t\t<div class=\"elementor-widget-wrap elementor-element-populated\">\n\t\t\t\t\t\t<div class=\"elementor-element elementor-element-493d34f elementor-widget elementor-widget-tp-accordion\" data-id=\"493d34f\" data-element_type=\"widget\" data-widget_type=\"tp-accordion.default\">\n\t\t\t\t<div class=\"elementor-widget-container\">\n\t\t\t\t\t\r\n<div class=\"theplus-accordion-wrapper elementor-accordion  hover-style-1 \"\r\n    id=\"accordion69e7aac9f0456\" data-accordion-id=\"accordion69e7aac9f0456\"\r\n    data-connection=\"\"\r\n    data-accordion-type=\"accordion\"\r\n    data-heightlight-text       role=\"tablist\" >\r\n\r\n            <div class=\"theplus-accordion-item\"  role=\"tab\">\r\n            <div id=\"elementor-tab-title-7671\" class=\"elementor-tab-title plus-accordion-header active-default text-left \" data-tab=\"1\" aria-controls=\"elementor-tab-content-7671\">\r\n                                <span class=\"elementor-accordion-icon elementor-accordion-icon-left\" aria-hidden=\"true\"><i class=\"elementor-accordion-icon-closed fa fa-plus\"><\/i><i class=\"elementor-accordion-icon-opened fa fa-minus\"><\/i><\/span>\r\n                <span style=\"width:100%\">log\u00edstica do g\u00e1s<\/span>                            <\/div>\r\n\r\n                        <div id=\"elementor-tab-content-7671\" class=\"elementor-tab-content elementor-clearfix plus-accordion-content active-default \" data-tab=\"1\" role=\"tabpanel\" aria-labelledby=\"elementor-tab-title-7671\">\r\n                <div class=\"plus-content-editor\" ><p><strong>PORQU\u00ca O CO2 (DI\u00d3XIDO DE CARBONO) MEDICINAL?<\/strong><br \/>O &#8220;choque t\u00e9rmico&#8221; \u00e9 a chave para a efic\u00e1cia da crioterapia. Mas s\u00f3 pode ser criado quando a temperatura \u00e9 inferior a -60\u00b0. \u00c9 claro que este tipo de refrigera\u00e7\u00e3o n\u00e3o existe, n\u00e3o pode ser produzido sem g\u00e1s, pelo que n\u00e3o h\u00e1 forma de ser eficaz sem consum\u00edveis. O g\u00e1s recomendado \u00e9 o CO2 medicinal l\u00edquido, que se expande no ar para produzir uma temperatura constante de -78\u00b0C. Por conseguinte, as garrafas devem estar equipadas com um TUBO DE MERGULHO, pois \u00e9 necess\u00e1rio utilizar a fase l\u00edquida do g\u00e1s.<\/p>\n<p>O CO2 \u00e9 f\u00e1cil de utilizar, agrad\u00e1vel, fi\u00e1vel e manobr\u00e1vel.<\/p>\n<p><strong>OS PONTOS FORTES DO CO2<\/strong><br \/>&#8211; Propriedades f\u00edsicas e qu\u00edmicas para melhorar a tua pr\u00e1tica e o conforto do paciente: O g\u00e1s \u00e9 puro, seco e bacteriost\u00e1tico. Por conseguinte, \u00e9 muito confort\u00e1vel e pode ser utilizado \u00e0 volta de feridas ou ap\u00f3s uma interven\u00e7\u00e3o cir\u00fargica, de forma totalmente ass\u00e9ptica e sem amolecer o tecido.<br \/>&#8211; Armazenamento: Os cilindros devem ser armazenados num local seco e afastado de fontes de calor (balneo-radiadores). N\u00e3o \u00e9 inflam\u00e1vel nem perigoso.<br \/>&#8211; Eco-responsabilidade: o CO2 utilizado prov\u00e9m de uma combust\u00e3o reciclada. \u00c9 purificado e limpo antes de ser comprimido nas nossas garrafas. Por conseguinte, n\u00e3o h\u00e1 polui\u00e7\u00e3o quando a t\u00e9cnica \u00e9 utilizada.  <\/p>\n<p><strong>LOG\u00cdSTICA<\/strong><br \/>Em Fran\u00e7a, propomos dois tipos de garrafas: as garrafas normais de CO2 de 10 quilos e as garrafas mais pequenas (1 a 2 quilos) para utiliza\u00e7\u00e3o port\u00e1til. Todas as garrafas s\u00e3o recarreg\u00e1veis. O servi\u00e7o log\u00edstico da Cryonic medical \u00e9 extremamente eficaz e podemos fazer entregas em todo o territ\u00f3rio franc\u00eas em 48-72 horas, recebendo os frascos vazios. A rastreabilidade das garrafas \u00e9 controlada e as garrafas s\u00e3o regularmente recondicionadas.<\/p>\n<p>Podes encomendar as tuas garrafas em <a href=\"mailto:gaz@cryonic-medical.com\">gaz@cryonic-medical.com<\/a><br \/>Abroad, o CO2 est\u00e1 dispon\u00edvel em todos os fornecedores de g\u00e1s. A Cryonic Medical trabalha com uma s\u00e9rie de distribuidores locais que prestam aconselhamento aos utilizadores.<\/p>\n<\/div>\r\n            <\/div>\r\n                    <\/div>\r\n                <div class=\"theplus-accordion-item\"  role=\"tab\">\r\n            <div id=\"elementor-tab-title-7672\" class=\"elementor-tab-title plus-accordion-header no text-left \" data-tab=\"2\" aria-controls=\"elementor-tab-content-7672\">\r\n                                <span class=\"elementor-accordion-icon elementor-accordion-icon-left\" aria-hidden=\"true\"><i class=\"elementor-accordion-icon-closed fa fa-plus\"><\/i><i class=\"elementor-accordion-icon-opened fa fa-minus\"><\/i><\/span>\r\n                <span style=\"width:100%\">forma\u00e7\u00e3o<\/span>                            <\/div>\r\n\r\n                        <div id=\"elementor-tab-content-7672\" class=\"elementor-tab-content elementor-clearfix plus-accordion-content no \" data-tab=\"2\" role=\"tabpanel\" aria-labelledby=\"elementor-tab-title-7672\">\r\n                <div class=\"plus-content-editor\" ><p><strong>UMA FORMA\u00c7\u00c3O MAIS PR\u00d3XIMA DAS SUAS NECESSIDADES<\/strong><br \/>Em Fran\u00e7a, a Cryonic Medical assegura a forma\u00e7\u00e3o dos utilizadores dos seus equipamentos, para que possam otimizar a utiliza\u00e7\u00e3o da NCS e oferec\u00ea-la aos seus pacientes de forma adaptada \u00e0s suas necessidades. O gesto profissional e a valoriza\u00e7\u00e3o dos conhecimentos s\u00e3o pontos fundamentais na utiliza\u00e7\u00e3o desta t\u00e9cnica.<\/p>\n<p>Na Fran\u00e7a continental, \u00e9 proposto um curso de forma\u00e7\u00e3o de meio dia, ministrado por um especialista em Neurocriostimula\u00e7\u00e3o, com o seguinte programa:<br \/>&#8211; Recorda\u00e7\u00e3o dos princ\u00edpios da Neurocriostimula\u00e7\u00e3o, do seu funcionamento e dos seus efeitos.<br \/>&#8211; Compreens\u00e3o e defini\u00e7\u00e3o do tipo de patologias tratadas.<br \/>&#8211; Aplica\u00e7\u00f5es pr\u00e1ticas e gestos t\u00e9cnicos &#8211; tratamentos em pacientes.  <\/p>\n<p>Ap\u00f3s a sess\u00e3o de forma\u00e7\u00e3o de meio dia, \u00e9 emitido um certificado de curso. Este servi\u00e7o pode ser prestado na sede da Cryonic M\u00e9dical em Besan\u00e7on (25000-FR), nas suas instala\u00e7\u00f5es ou em centros NCS especializados em toda a Fran\u00e7a.<\/p>\n<p><strong>PARA TODOS OS CURSOS NO ESTRANGEIRO<\/strong><\/p>\n<p>Os parceiros internacionais est\u00e3o presentes em muitos pa\u00edses e s\u00e3o acreditados pela Cryonic Medical para oferecer forma\u00e7\u00e3o aos seus clientes que utilizam a t\u00e9cnica NeuroCryoStimulation. Os certificados s\u00e3o emitidos pela Cryonic Medical no final do curso.<\/p>\n<p>Muitos pacientes pedem-nos os contactos de profissionais formados na nossa t\u00e9cnica, pelo que a nossa lista \u00e9 actualizada regularmente! Al\u00e9m disso, dispomos de uma rede de profissionais de sa\u00fade por especialidade, que utilizam o NCS h\u00e1 muitos anos e que o podem ajudar com quaisquer pedidos especiais que possa ter.<\/p>\n<\/div>\r\n            <\/div>\r\n                    <\/div>\r\n                <div class=\"theplus-accordion-item\"  role=\"tab\">\r\n            <div id=\"elementor-tab-title-7673\" class=\"elementor-tab-title plus-accordion-header no text-left \" data-tab=\"3\" aria-controls=\"elementor-tab-content-7673\">\r\n                                <span class=\"elementor-accordion-icon elementor-accordion-icon-left\" aria-hidden=\"true\"><i class=\"elementor-accordion-icon-closed fa fa-plus\"><\/i><i class=\"elementor-accordion-icon-opened fa fa-minus\"><\/i><\/span>\r\n                <span style=\"width:100%\">qualidade e manuten\u00e7\u00e3o<\/span>                            <\/div>\r\n\r\n                        <div id=\"elementor-tab-content-7673\" class=\"elementor-tab-content elementor-clearfix plus-accordion-content no \" data-tab=\"3\" role=\"tabpanel\" aria-labelledby=\"elementor-tab-title-7673\">\r\n                <div class=\"plus-content-editor\" ><p><strong>O SISTEMA DE QUALIDADE<\/strong><br \/>Todos os anos, um organismo de certifica\u00e7\u00e3o inspecciona as empresas que fabricam dispositivos m\u00e9dicos. Estas devem respeitar as normas m\u00e9dicas europeias e cumprir os requisitos das diretivas e regulamentos em vigor.<br \/>Gra\u00e7as ao rigor do seu sistema, \u00e0 sua equipa e ao empenho de cada parceiro, a Cryonic Medical disp\u00f5e de v\u00e1rias certifica\u00e7\u00f5es e aprova\u00e7\u00f5es que lhe permitem comercializar os seus dispositivos m\u00e9dicos em diferentes mercados internacionais e em todos os hospitais: <br \/><strong>&#8211; Certifica\u00e7\u00e3o: ISO 13485  <\/strong><\/p>\n<p>N\u00e3o hesite em verificar a marca\u00e7\u00e3o m\u00e9dica CE no equipamento que utiliza. Em caso de incidente, a sua seguradora pedir-lhe-\u00e1 que o fa\u00e7a.<\/p>\n<p><strong>MANUTEN\u00c7\u00c3O E SERVI\u00c7O<\/strong> P\u00d3S-VENDA<br \/>Em Fran\u00e7a:<br \/>A CRYONIC MEDICAL coloca \u00e0 sua disposi\u00e7\u00e3o um t\u00e9cnico p\u00f3s-venda especializado nos aparelhos CRYONIC MEDICAL.<br \/>O servi\u00e7o em linha permite-lhe identificar a avaria, caso exista, e resolv\u00ea-la por telefone na maioria dos casos. Se o diagn\u00f3stico exigir uma interven\u00e7\u00e3o, s\u00e3o propostas v\u00e1rias solu\u00e7\u00f5es, incluindo a possibilidade de enviar um dispositivo emprestado durante a interven\u00e7\u00e3o. A capacidade de resposta deste servi\u00e7o \u00e9 um dos pontos fortes da Cryonic Medical.<\/p>\n<p>Fora de Fran\u00e7a:<br \/>Os nossos distribuidores e revendedores t\u00eam forma\u00e7\u00e3o para responder a todas as quest\u00f5es t\u00e9cnicas. Se tiveres um problema espec\u00edfico, eles podem contactar os nossos engenheiros ou podes enviar o teu pedido diretamente para technique@cryonic-medical.com <br \/>. O apoio por v\u00eddeo Skype tamb\u00e9m est\u00e1 dispon\u00edvel. <\/p>\n<\/div>\r\n            <\/div>\r\n                    <\/div>\r\n                <div class=\"theplus-accordion-item\"  role=\"tab\">\r\n            <div id=\"elementor-tab-title-7674\" class=\"elementor-tab-title plus-accordion-header no text-left \" data-tab=\"4\" aria-controls=\"elementor-tab-content-7674\">\r\n                                <span class=\"elementor-accordion-icon elementor-accordion-icon-left\" aria-hidden=\"true\"><i class=\"elementor-accordion-icon-closed fa fa-plus\"><\/i><i class=\"elementor-accordion-icon-opened fa fa-minus\"><\/i><\/span>\r\n                <span style=\"width:100%\">reciclagem<\/span>                            <\/div>\r\n\r\n                        <div id=\"elementor-tab-content-7674\" class=\"elementor-tab-content elementor-clearfix plus-accordion-content no \" data-tab=\"4\" role=\"tabpanel\" aria-labelledby=\"elementor-tab-title-7674\">\r\n                <div class=\"plus-content-editor\" ><p>A CRYONIC MEDICAL financia o esquema de reciclagem WEEE Pro, que recebe gratuitamente equipamentos el\u00e9ctricos de ilumina\u00e7\u00e3o, equipamentos de controlo e monitoriza\u00e7\u00e3o e dispositivos m\u00e9dicos usados (mais informa\u00e7\u00f5es em <a href=\"http:\/\/www.recylum.com\" target=\"_blank\" rel=\"noopener\">www.ecosystem.com)<\/a>.<\/p>\n<p><a href=\"http:\/\/www.recylum.com\" target=\"_blank\" rel=\"noopener\"><img decoding=\"async\" class=\"alignnone size-medium wp-image-7767\" src=\"https:\/\/cryonic-medical.com\/wp-content\/uploads\/2020\/04\/logo-300x73.png\" alt=\"\" width=\"300\" height=\"73\" srcset=\"https:\/\/cryonic-medical.com\/wp-content\/uploads\/2020\/04\/logo-300x73.png 300w, https:\/\/cryonic-medical.com\/wp-content\/uploads\/2020\/04\/logo-1024x250.png 1024w, https:\/\/cryonic-medical.com\/wp-content\/uploads\/2020\/04\/logo.png 1154w\" sizes=\"(max-width: 300px) 100vw, 300px\" \/><\/a><\/p>\n<\/div>\r\n            <\/div>\r\n                    <\/div>\r\n        \r\n<\/div>\r\n\t\t\t\t<\/div>\n\t\t\t\t<\/div>\n\t\t\t\t\t<\/div>\n\t\t<\/div>\n\t\t\t\t\t<\/div>\n\t\t<\/section>\n\t\t\t\t<\/div>\n\t\t","protected":false},"excerpt":{"rendered":"<p>oferecemos-lhe um servi\u00e7o de g\u00e1s&nbsp;log\u00edstica&nbsp;forma\u00e7\u00e3o&nbsp;manuten\u00e7\u00e3o&nbsp;reciclagem A satisfa\u00e7\u00e3o do cliente \u00e9 a nossa principal prioridade. A Cryonic Medical desenvolveu servi\u00e7os adaptados \u00e0s necessidades dos profissionais em Fran\u00e7a e no estrangeiro. Dependendo das restri\u00e7\u00f5es profissionais de cada indiv\u00edduo, a cri\u00f3nica \u00e9 capaz de se adaptar para otimizar ao m\u00e1ximo os resultados da t\u00e9cnica. log\u00edstica do g\u00e1s PORQU\u00ca [&hellip;]<\/p>\n","protected":false},"author":1,"featured_media":0,"parent":0,"menu_order":0,"comment_status":"closed","ping_status":"closed","template":"","meta":{"footnotes":""},"class_list":["post-17255","page","type-page","status-publish","hentry"],"_links":{"self":[{"href":"https:\/\/cryonic-medical.com\/pt-pt\/wp-json\/wp\/v2\/pages\/17255","targetHints":{"allow":["GET"]}}],"collection":[{"href":"https:\/\/cryonic-medical.com\/pt-pt\/wp-json\/wp\/v2\/pages"}],"about":[{"href":"https:\/\/cryonic-medical.com\/pt-pt\/wp-json\/wp\/v2\/types\/page"}],"author":[{"embeddable":true,"href":"https:\/\/cryonic-medical.com\/pt-pt\/wp-json\/wp\/v2\/users\/1"}],"replies":[{"embeddable":true,"href":"https:\/\/cryonic-medical.com\/pt-pt\/wp-json\/wp\/v2\/comments?post=17255"}],"version-history":[{"count":17,"href":"https:\/\/cryonic-medical.com\/pt-pt\/wp-json\/wp\/v2\/pages\/17255\/revisions"}],"predecessor-version":[{"id":18552,"href":"https:\/\/cryonic-medical.com\/pt-pt\/wp-json\/wp\/v2\/pages\/17255\/revisions\/18552"}],"wp:attachment":[{"href":"https:\/\/cryonic-medical.com\/pt-pt\/wp-json\/wp\/v2\/media?parent=17255"}],"curies":[{"name":"wp","href":"https:\/\/api.w.org\/{rel}","templated":true}]}}