{"id":16597,"date":"2023-09-14T15:11:04","date_gmt":"2023-09-14T13:11:04","guid":{"rendered":"https:\/\/cryonic-medical.com\/inicio\/"},"modified":"2025-01-20T18:55:20","modified_gmt":"2025-01-20T17:55:20","slug":"inicio","status":"publish","type":"page","link":"https:\/\/cryonic-medical.com\/pt-pt\/","title":{"rendered":"In\u00edcio"},"content":{"rendered":"\t\t<div data-elementor-type=\"wp-page\" data-elementor-id=\"16597\" class=\"elementor elementor-16597 elementor-8443\" data-elementor-post-type=\"page\">\n\t\t\t\t\t\t<section class=\"elementor-section elementor-top-section elementor-element elementor-element-759f4d8 elementor-section-stretched elementor-section-full_width elementor-section-height-min-height elementor-section-items-stretch elementor-section-content-middle elementor-reverse-mobile elementor-section-height-default\" data-id=\"759f4d8\" data-element_type=\"section\" data-settings=\"{&quot;stretch_section&quot;:&quot;section-stretched&quot;}\">\n\t\t\t\t\t\t<div class=\"elementor-container elementor-column-gap-no\">\n\t\t\t\t\t<div class=\"elementor-column elementor-col-50 elementor-top-column elementor-element elementor-element-32af342\" data-id=\"32af342\" data-element_type=\"column\" data-settings=\"{&quot;background_background&quot;:&quot;classic&quot;}\">\n\t\t\t<div class=\"elementor-widget-wrap elementor-element-populated\">\n\t\t\t\t\t<div class=\"elementor-background-overlay\"><\/div>\n\t\t\t\t\t\t<div class=\"elementor-element elementor-element-72b08a3 animated-slow elementor-invisible elementor-widget elementor-widget-image\" data-id=\"72b08a3\" data-element_type=\"widget\" data-settings=\"{&quot;_animation&quot;:&quot;fadeInLeft&quot;}\" data-widget_type=\"image.default\">\n\t\t\t\t<div class=\"elementor-widget-container\">\n\t\t\t\t\t\t\t\t\t\t\t\t\t\t\t<img fetchpriority=\"high\" decoding=\"async\" width=\"716\" height=\"1024\" src=\"https:\/\/cryonic-medical.com\/wp-content\/uploads\/2020\/06\/minigunnew-716x1024.png\" class=\"attachment-large size-large wp-image-16607\" alt=\"\" srcset=\"https:\/\/cryonic-medical.com\/wp-content\/uploads\/2020\/06\/minigunnew-716x1024.png 716w, https:\/\/cryonic-medical.com\/wp-content\/uploads\/2020\/06\/minigunnew-210x300.png 210w, https:\/\/cryonic-medical.com\/wp-content\/uploads\/2020\/06\/minigunnew-1074x1536.png 1074w, https:\/\/cryonic-medical.com\/wp-content\/uploads\/2020\/06\/minigunnew.png 1254w\" sizes=\"(max-width: 716px) 100vw, 716px\" \/>\t\t\t\t\t\t\t\t\t\t\t\t\t\t\t<\/div>\n\t\t\t\t<\/div>\n\t\t\t\t\t<\/div>\n\t\t<\/div>\n\t\t\t\t<div class=\"elementor-column elementor-col-50 elementor-top-column elementor-element elementor-element-0b0c6a7\" data-id=\"0b0c6a7\" data-element_type=\"column\" data-settings=\"{&quot;background_background&quot;:&quot;classic&quot;}\">\n\t\t\t<div class=\"elementor-widget-wrap elementor-element-populated\">\n\t\t\t\t\t<div class=\"elementor-background-overlay\"><\/div>\n\t\t\t\t\t\t<div class=\"elementor-element elementor-element-6c36d7a elementor-invisible elementor-widget elementor-widget-heading\" data-id=\"6c36d7a\" data-element_type=\"widget\" data-settings=\"{&quot;_animation&quot;:&quot;fadeInUp&quot;,&quot;_animation_delay&quot;:400}\" data-widget_type=\"heading.default\">\n\t\t\t\t<div class=\"elementor-widget-container\">\n\t\t\t\t\t<h2 class=\"elementor-heading-title elementor-size-default\">NeuroCryoStimulation a -78\u00b0C<\/h2>\t\t\t\t<\/div>\n\t\t\t\t<\/div>\n\t\t\t\t<div class=\"elementor-element elementor-element-b41a5f0 elementor-invisible elementor-widget elementor-widget-heading\" data-id=\"b41a5f0\" data-element_type=\"widget\" data-settings=\"{&quot;_animation&quot;:&quot;fadeInUp&quot;,&quot;_animation_delay&quot;:600}\" data-widget_type=\"heading.default\">\n\t\t\t\t<div class=\"elementor-widget-container\">\n\t\t\t\t\t<h2 class=\"elementor-heading-title elementor-size-default\">tratamento do frio na ponta dos dedos<\/h2>\t\t\t\t<\/div>\n\t\t\t\t<\/div>\n\t\t\t\t<div class=\"elementor-element elementor-element-de5a078 elementor-widget elementor-widget-spacer\" data-id=\"de5a078\" data-element_type=\"widget\" data-widget_type=\"spacer.default\">\n\t\t\t\t<div class=\"elementor-widget-container\">\n\t\t\t\t\t\t\t<div class=\"elementor-spacer\">\n\t\t\t<div class=\"elementor-spacer-inner\"><\/div>\n\t\t<\/div>\n\t\t\t\t\t\t<\/div>\n\t\t\t\t<\/div>\n\t\t\t\t<div class=\"elementor-element elementor-element-8ee7f0a elementor-invisible elementor-widget elementor-widget-text-editor\" data-id=\"8ee7f0a\" data-element_type=\"widget\" data-settings=\"{&quot;_animation&quot;:&quot;fadeInUp&quot;,&quot;_animation_delay&quot;:800}\" data-widget_type=\"text-editor.default\">\n\t\t\t\t<div class=\"elementor-widget-container\">\n\t\t\t\t\t\t\t\t\t<p>A Cryonic Medical \u00e9 especializada na conce\u00e7\u00e3o e fabrico de dispositivos de neurocriostimula\u00e7\u00e3o que, gra\u00e7as ao seu elevado poder de arrefecimento (CO2 a -78\u00b0C), podem ser utilizados para tratamentos completos em v\u00e1rios dom\u00ednios.  <\/p>\n\t\t\t\t\t\t\t\t<\/div>\n\t\t\t\t<\/div>\n\t\t\t\t<div class=\"elementor-element elementor-element-5af6a6a elementor-widget elementor-widget-spacer\" data-id=\"5af6a6a\" data-element_type=\"widget\" data-widget_type=\"spacer.default\">\n\t\t\t\t<div class=\"elementor-widget-container\">\n\t\t\t\t\t\t\t<div class=\"elementor-spacer\">\n\t\t\t<div class=\"elementor-spacer-inner\"><\/div>\n\t\t<\/div>\n\t\t\t\t\t\t<\/div>\n\t\t\t\t<\/div>\n\t\t\t\t<section class=\"elementor-section elementor-inner-section elementor-element elementor-element-5b29f4c elementor-section-boxed elementor-section-height-default elementor-section-height-default\" data-id=\"5b29f4c\" data-element_type=\"section\">\n\t\t\t\t\t\t<div class=\"elementor-container elementor-column-gap-default\">\n\t\t\t\t\t<div class=\"elementor-column elementor-col-33 elementor-inner-column elementor-element elementor-element-1dd8437\" data-id=\"1dd8437\" data-element_type=\"column\">\n\t\t\t<div class=\"elementor-widget-wrap elementor-element-populated\">\n\t\t\t\t\t\t<div class=\"elementor-element elementor-element-128540d elementor-widget elementor-widget-tp-button\" data-id=\"128540d\" data-element_type=\"widget\" data-widget_type=\"tp-button.default\">\n\t\t\t\t<div class=\"elementor-widget-container\">\n\t\t\t\t\t<div class=\"pt-plus-button-wrapper   text-center   \"><div class=\"button_parallax   \" ><div id=\"button69d0e65a9cfc6\"  class=\" text-center ts-button content_hover_effect   \" ><div class=\"pt_plus_button btn69d0e65a9cb1c button-style-12   \"  ><div class=\"animted-content-inner \"><a href=\"https:\/\/cryonic-medical.com\/sport\/\" class=\"button-link-wrap \" role=\"button\" data-hover=\"Terap\u00eautica e desporto\"  ><span>Terap\u00eautica e desporto<\/span><\/a><\/div><\/div><\/div><\/div><\/div>\t\t\t\t<\/div>\n\t\t\t\t<\/div>\n\t\t\t\t\t<\/div>\n\t\t<\/div>\n\t\t\t\t<div class=\"elementor-column elementor-col-33 elementor-inner-column elementor-element elementor-element-57b215c\" data-id=\"57b215c\" data-element_type=\"column\">\n\t\t\t<div class=\"elementor-widget-wrap elementor-element-populated\">\n\t\t\t\t\t\t<div class=\"elementor-element elementor-element-3fc0a39 elementor-widget elementor-widget-tp-button\" data-id=\"3fc0a39\" data-element_type=\"widget\" data-widget_type=\"tp-button.default\">\n\t\t\t\t<div class=\"elementor-widget-container\">\n\t\t\t\t\t<div class=\"pt-plus-button-wrapper   text-center   \"><div class=\"button_parallax   \" ><div id=\"button69d0e65a9d957\"  class=\" text-center ts-button content_hover_effect   \" ><div class=\"pt_plus_button btn69d0e65a9d621 button-style-12   \"  ><div class=\"animted-content-inner \"><a href=\"https:\/\/cryonic-medical.com\/animal\/\" class=\"button-link-wrap \" role=\"button\" data-hover=\"Equinos e caninos\"  ><span>Equinos e caninos<\/span><\/a><\/div><\/div><\/div><\/div><\/div>\t\t\t\t<\/div>\n\t\t\t\t<\/div>\n\t\t\t\t\t<\/div>\n\t\t<\/div>\n\t\t\t\t<div class=\"elementor-column elementor-col-33 elementor-inner-column elementor-element elementor-element-c6bb2a1\" data-id=\"c6bb2a1\" data-element_type=\"column\">\n\t\t\t<div class=\"elementor-widget-wrap elementor-element-populated\">\n\t\t\t\t\t\t<div class=\"elementor-element elementor-element-6fcffba elementor-widget elementor-widget-tp-button\" data-id=\"6fcffba\" data-element_type=\"widget\" data-widget_type=\"tp-button.default\">\n\t\t\t\t<div class=\"elementor-widget-container\">\n\t\t\t\t\t<div class=\"pt-plus-button-wrapper   text-center   \"><div class=\"button_parallax   \" ><div id=\"button69d0e65a9e205\"  class=\" text-center ts-button content_hover_effect   \" ><div class=\"pt_plus_button btn69d0e65a9decb button-style-12   \"  ><div class=\"animted-content-inner \"><a href=\"https:\/\/cryonic-medical.com\/soins\/\" class=\"button-link-wrap \" role=\"button\" data-hover=\"Beleza e est\u00e9tica\"  ><span>Beleza e est\u00e9tica<\/span><\/a><\/div><\/div><\/div><\/div><\/div>\t\t\t\t<\/div>\n\t\t\t\t<\/div>\n\t\t\t\t\t<\/div>\n\t\t<\/div>\n\t\t\t\t\t<\/div>\n\t\t<\/section>\n\t\t\t\t\t<\/div>\n\t\t<\/div>\n\t\t\t\t\t<\/div>\n\t\t<\/section>\n\t\t\t\t<section class=\"elementor-section elementor-top-section elementor-element elementor-element-86a3275 elementor-section-full_width elementor-section-height-min-height elementor-section-stretched elementor-section-height-default elementor-section-items-middle\" data-id=\"86a3275\" data-element_type=\"section\" data-settings=\"{&quot;stretch_section&quot;:&quot;section-stretched&quot;}\">\n\t\t\t\t\t\t<div class=\"elementor-container elementor-column-gap-no\">\n\t\t\t\t\t<div class=\"elementor-column elementor-col-100 elementor-top-column elementor-element elementor-element-0ddd474\" data-id=\"0ddd474\" data-element_type=\"column\">\n\t\t\t<div class=\"elementor-widget-wrap elementor-element-populated\">\n\t\t\t\t\t\t<div class=\"elementor-element elementor-element-e7d2888 elementor-widget elementor-widget-tp-animated-service-boxes\" data-id=\"e7d2888\" data-element_type=\"widget\" data-widget_type=\"tp-animated-service-boxes.default\">\n\t\t\t\t<div class=\"elementor-widget-container\">\n\t\t\t\t\t<div id=\"ani_ser_box69d0e65a9f423\" class=\"pt_plus_asb_wrapper fancy-box fancy-box-style-1   \"  ><div class=\"asb_wrap_list tp-row\"><div class=\"service-item-loop tp-col-lg-12  tp-col-md-12 tp-col-sm-12 tp-col-12   \"       ><div class=\"fancybox-inner-wrapper\">\r\n\t\t<div class=\"fancybox-image-background\" style=\"background-image:url(https:\/\/cryonic-medical.com\/wp-content\/uploads\/2021\/02\/thera85.jpg)\"><\/div>\r\n\t\t<div class=\"fancybox-inner-content\">\r\n\t\t\t<div class=\"fb-content\"><a class=\"asb-title-link\" href=\"https:\/\/cryonic-medical.com\/sport\/\"><h6 class=\"asb-title \">Terap\u00eautica e desporto<\/h6><\/a><div class=\"asb-desc\"> <p>Cl\u00ednicas, hospitais, clubes desportivos: este aparelho \u00e9 adaptado \u00e0s suas instala\u00e7\u00f5es. Fisioterapeutas, reumatologistas, quiropodistas, osteopatas ou m\u00e9dicos de cl\u00ednica geral: descubra as indica\u00e7\u00f5es do NCS para o tratamento de patologias agudas ou cr\u00f3nicas.<\/p> <\/div><\/div>\r\n\t\t\t<div class=\"fb-button\"><div class=\"pt-plus-button-wrapper\"><div class=\"pt_plus_button btn69d0e65a9ee64 button-style-9 \"><div class=\"animted-content-inner\"><a href=\"https:\/\/cryonic-medical.com\/sport\/\" class=\"button-link-wrap\" role=\"button\">Terap\u00eautica e desporto<span class=\"btn-arrow\"><i class=\"fa-show fa fa-chevron-right\" aria-hidden=\"true\"><\/i><i class=\"fa-hide fa fa-chevron-right\" aria-hidden=\"true\"><\/i><\/span><\/a><\/div><\/div><\/div><\/div>\r\n\t\t<\/div>\r\n<\/div>\r\n<\/div><\/div><\/div>\t\t\t\t<\/div>\n\t\t\t\t<\/div>\n\t\t\t\t\t<\/div>\n\t\t<\/div>\n\t\t\t\t\t<\/div>\n\t\t<\/section>\n\t\t\t\t<section class=\"elementor-section elementor-top-section elementor-element elementor-element-3eed443 elementor-section-full_width elementor-section-height-min-height elementor-section-stretched elementor-section-height-default elementor-section-items-middle\" data-id=\"3eed443\" data-element_type=\"section\" data-settings=\"{&quot;stretch_section&quot;:&quot;section-stretched&quot;}\">\n\t\t\t\t\t\t<div class=\"elementor-container elementor-column-gap-no\">\n\t\t\t\t\t<div class=\"elementor-column elementor-col-100 elementor-top-column elementor-element elementor-element-8d2c534\" data-id=\"8d2c534\" data-element_type=\"column\">\n\t\t\t<div class=\"elementor-widget-wrap elementor-element-populated\">\n\t\t\t\t\t\t<div class=\"elementor-element elementor-element-7082802 elementor-widget elementor-widget-tp-animated-service-boxes\" data-id=\"7082802\" data-element_type=\"widget\" data-widget_type=\"tp-animated-service-boxes.default\">\n\t\t\t\t<div class=\"elementor-widget-container\">\n\t\t\t\t\t<div id=\"ani_ser_box69d0e65aa045b\" class=\"pt_plus_asb_wrapper fancy-box fancy-box-style-1   \"  ><div class=\"asb_wrap_list tp-row\"><div class=\"service-item-loop tp-col-lg-6  tp-col-md-6 tp-col-sm-12 tp-col-12   \"       ><div class=\"fancybox-inner-wrapper\">\r\n\t\t<div class=\"fancybox-image-background\" style=\"background-image:url(https:\/\/cryonic-medical.com\/wp-content\/uploads\/2021\/02\/horse85.jpg)\"><\/div>\r\n\t\t<div class=\"fancybox-inner-content\">\r\n\t\t\t<div class=\"fb-content\"><a class=\"asb-title-link\" href=\"https:\/\/cryonic-medical.com\/animal\/\"><h6 class=\"asb-title \">Equinos e caninos<\/h6><\/a><div class=\"asb-desc\"> <p>Cl\u00ednicas veterin\u00e1rias: este dispositivo \u00e9 adequado para as vossas instala\u00e7\u00f5es. M\u00e9dicos veterin\u00e1rios, treinadores e criadores: descubra as indica\u00e7\u00f5es do NCS para tratar patologias agudas ou cr\u00f3nicas de forma natural, r\u00e1pida e indolor.<\/p> <\/div><\/div>\r\n\t\t\t<div class=\"fb-button\"><div class=\"pt-plus-button-wrapper\"><div class=\"pt_plus_button btn69d0e65aa0044 button-style-9 \"><div class=\"animted-content-inner\"><a href=\"https:\/\/cryonic-medical.com\/animal\/\" class=\"button-link-wrap\" role=\"button\">Equinos e caninos<span class=\"btn-arrow\"><i class=\"fa-show fa fa-chevron-right\" aria-hidden=\"true\"><\/i><i class=\"fa-hide fa fa-chevron-right\" aria-hidden=\"true\"><\/i><\/span><\/a><\/div><\/div><\/div><\/div>\r\n\t\t<\/div>\r\n<\/div>\r\n<\/div><div class=\"service-item-loop tp-col-lg-6  tp-col-md-6 tp-col-sm-12 tp-col-12   \"       ><div class=\"fancybox-inner-wrapper\">\r\n\t\t<div class=\"fancybox-image-background\" style=\"background-image:url(https:\/\/cryonic-medical.com\/wp-content\/uploads\/2021\/02\/beaute85.jpg)\"><\/div>\r\n\t\t<div class=\"fancybox-inner-content\">\r\n\t\t\t<div class=\"fb-content\"><a class=\"asb-title-link\" href=\"https:\/\/cryonic-medical.com\/soins\/\"><h6 class=\"asb-title \">Beleza e est\u00e9tica<\/h6><\/a><div class=\"asb-desc\"> <p>Centros de tratamento, sal\u00f5es de beleza, spas: este aparelho, com o seu bocal dedicado CryoFace, \u00e9 ideal para as suas instala\u00e7\u00f5es. Terapeutas de beleza: a aplica\u00e7\u00e3o no rosto dar\u00e1 aos seus clientes resultados convincentes e uma sensa\u00e7\u00e3o imediata de bem-estar.<\/p> <\/div><\/div>\r\n\t\t\t<div class=\"fb-button\"><div class=\"pt-plus-button-wrapper\"><div class=\"pt_plus_button btn69d0e65aa0394 button-style-9 \"><div class=\"animted-content-inner\"><a href=\"https:\/\/cryonic-medical.com\/soins\/\" class=\"button-link-wrap\" role=\"button\">Beleza e est\u00e9tica<span class=\"btn-arrow\"><i class=\"fa-show fa fa-chevron-right\" aria-hidden=\"true\"><\/i><i class=\"fa-hide fa fa-chevron-right\" aria-hidden=\"true\"><\/i><\/span><\/a><\/div><\/div><\/div><\/div>\r\n\t\t<\/div>\r\n<\/div>\r\n<\/div><\/div><\/div>\t\t\t\t<\/div>\n\t\t\t\t<\/div>\n\t\t\t\t\t<\/div>\n\t\t<\/div>\n\t\t\t\t\t<\/div>\n\t\t<\/section>\n\t\t\t\t<\/div>\n\t\t","protected":false},"excerpt":{"rendered":"<p>NeuroCryoStimulation a -78\u00b0C tratamento do frio na ponta dos dedos A Cryonic Medical \u00e9 especializada na conce\u00e7\u00e3o e fabrico de dispositivos de neurocriostimula\u00e7\u00e3o que, gra\u00e7as ao seu elevado poder de arrefecimento (CO2 a -78\u00b0C), podem ser utilizados para tratamentos completos em v\u00e1rios dom\u00ednios. Terap\u00eautica e desporto Equinos e caninos Beleza e est\u00e9tica Terap\u00eautica e desporto [&hellip;]<\/p>\n","protected":false},"author":1,"featured_media":0,"parent":0,"menu_order":0,"comment_status":"closed","ping_status":"closed","template":"","meta":{"footnotes":""},"class_list":["post-16597","page","type-page","status-publish","hentry"],"_links":{"self":[{"href":"https:\/\/cryonic-medical.com\/pt-pt\/wp-json\/wp\/v2\/pages\/16597","targetHints":{"allow":["GET"]}}],"collection":[{"href":"https:\/\/cryonic-medical.com\/pt-pt\/wp-json\/wp\/v2\/pages"}],"about":[{"href":"https:\/\/cryonic-medical.com\/pt-pt\/wp-json\/wp\/v2\/types\/page"}],"author":[{"embeddable":true,"href":"https:\/\/cryonic-medical.com\/pt-pt\/wp-json\/wp\/v2\/users\/1"}],"replies":[{"embeddable":true,"href":"https:\/\/cryonic-medical.com\/pt-pt\/wp-json\/wp\/v2\/comments?post=16597"}],"version-history":[{"count":15,"href":"https:\/\/cryonic-medical.com\/pt-pt\/wp-json\/wp\/v2\/pages\/16597\/revisions"}],"predecessor-version":[{"id":18294,"href":"https:\/\/cryonic-medical.com\/pt-pt\/wp-json\/wp\/v2\/pages\/16597\/revisions\/18294"}],"wp:attachment":[{"href":"https:\/\/cryonic-medical.com\/pt-pt\/wp-json\/wp\/v2\/media?parent=16597"}],"curies":[{"name":"wp","href":"https:\/\/api.w.org\/{rel}","templated":true}]}}