{"id":17683,"date":"2023-09-17T18:21:15","date_gmt":"2023-09-17T16:21:15","guid":{"rendered":"https:\/\/cryonic-medical.com\/informazioni-legali\/"},"modified":"2025-01-20T18:20:49","modified_gmt":"2025-01-20T17:20:49","slug":"informazioni-legali","status":"publish","type":"page","link":"https:\/\/cryonic-medical.com\/it\/informazioni-legali\/","title":{"rendered":"Informazioni legali"},"content":{"rendered":"\t\t<div data-elementor-type=\"wp-page\" data-elementor-id=\"17683\" class=\"elementor elementor-17683 elementor-3\" data-elementor-post-type=\"page\">\n\t\t\t\t\t\t<section class=\"elementor-section elementor-top-section elementor-element elementor-element-97b82e8 elementor-section-full_width elementor-section-height-default elementor-section-height-default\" data-id=\"97b82e8\" data-element_type=\"section\">\n\t\t\t\t\t\t<div class=\"elementor-container elementor-column-gap-default\">\n\t\t\t\t\t<div class=\"elementor-column elementor-col-100 elementor-top-column elementor-element elementor-element-f93527f\" data-id=\"f93527f\" data-element_type=\"column\">\n\t\t\t<div class=\"elementor-widget-wrap elementor-element-populated\">\n\t\t\t\t\t\t<div class=\"elementor-element elementor-element-e9dccf4 elementor-widget elementor-widget-heading\" data-id=\"e9dccf4\" data-element_type=\"widget\" data-widget_type=\"heading.default\">\n\t\t\t\t<div class=\"elementor-widget-container\">\n\t\t\t\t\t<h2 class=\"elementor-heading-title elementor-size-default\">avvisi legali<\/h2>\t\t\t\t<\/div>\n\t\t\t\t<\/div>\n\t\t\t\t<div class=\"elementor-element elementor-element-4a2c897 elementor-widget elementor-widget-spacer\" data-id=\"4a2c897\" data-element_type=\"widget\" data-widget_type=\"spacer.default\">\n\t\t\t\t<div class=\"elementor-widget-container\">\n\t\t\t\t\t\t\t<div class=\"elementor-spacer\">\n\t\t\t<div class=\"elementor-spacer-inner\"><\/div>\n\t\t<\/div>\n\t\t\t\t\t\t<\/div>\n\t\t\t\t<\/div>\n\t\t\t\t<div class=\"elementor-element elementor-element-e4e141e elementor-widget elementor-widget-heading\" data-id=\"e4e141e\" data-element_type=\"widget\" data-widget_type=\"heading.default\">\n\t\t\t\t<div class=\"elementor-widget-container\">\n\t\t\t\t\t<h2 class=\"elementor-heading-title elementor-size-default\">proprietario<\/h2>\t\t\t\t<\/div>\n\t\t\t\t<\/div>\n\t\t\t\t<div class=\"elementor-element elementor-element-cfab718 elementor-widget elementor-widget-text-editor\" data-id=\"cfab718\" data-element_type=\"widget\" data-widget_type=\"text-editor.default\">\n\t\t\t\t<div class=\"elementor-widget-container\">\n\t\t\t\t\t\t\t\t\t<p>P<strong>roprietario del sito:<\/strong> Cryonic Medical SAS SIRET<strong>:<\/strong> 78905851800026<strong>RCS Besan\u00e7on:<\/strong> B789 058 518<strong>SAS con capitale:<\/strong> 50.000,00 euro<strong>Sede<\/strong><strong>legale:<\/strong> 6 rue Berthelot 25000 Besan\u00e7on<\/p>\n\t\t\t\t\t\t\t\t<\/div>\n\t\t\t\t<\/div>\n\t\t\t\t<div class=\"elementor-element elementor-element-f95e6da elementor-widget elementor-widget-heading\" data-id=\"f95e6da\" data-element_type=\"widget\" data-widget_type=\"heading.default\">\n\t\t\t\t<div class=\"elementor-widget-container\">\n\t\t\t\t\t<h2 class=\"elementor-heading-title elementor-size-default\">sito web e hosting<\/h2>\t\t\t\t<\/div>\n\t\t\t\t<\/div>\n\t\t\t\t<div class=\"elementor-element elementor-element-29b1da3 elementor-widget elementor-widget-text-editor\" data-id=\"29b1da3\" data-element_type=\"widget\" data-widget_type=\"text-editor.default\">\n\t\t\t\t<div class=\"elementor-widget-container\">\n\t\t\t\t\t\t\t\t\t<p>L&#8217;indirizzo del nostro sito web \u00e8: https:\/\/cryonic-medical.com.  <br \/>Hosting : OVH SAS &#8211; 2 rue Kellermann, Roubaix &#8211; FRANCIA<\/p>\n\t\t\t\t\t\t\t\t<\/div>\n\t\t\t\t<\/div>\n\t\t\t\t<div class=\"elementor-element elementor-element-e7d6086 elementor-widget elementor-widget-heading\" data-id=\"e7d6086\" data-element_type=\"widget\" data-widget_type=\"heading.default\">\n\t\t\t\t<div class=\"elementor-widget-container\">\n\t\t\t\t\t<h2 class=\"elementor-heading-title elementor-size-default\">legge sulla protezione dei dati<\/h2>\t\t\t\t<\/div>\n\t\t\t\t<\/div>\n\t\t\t\t<div class=\"elementor-element elementor-element-d706283 elementor-widget elementor-widget-text-editor\" data-id=\"d706283\" data-element_type=\"widget\" data-widget_type=\"text-editor.default\">\n\t\t\t\t<div class=\"elementor-widget-container\">\n\t\t\t\t\t\t\t\t\t<p>In conformit\u00e0 alla legge francese sulla protezione dei dati personali del 6 gennaio 1978, vi informiamo che avete il diritto di accedere, modificare, rettificare e cancellare il vostro contributo. Per farlo, scrivete alla sede centrale della societ\u00e0. Le informazioni raccolte dalle persone che utilizzano il modulo di contatto non saranno divulgate a nessun altro se non a coloro che compongono la nostra azienda. Tuttavia, come richiesto dalla legge francese sulla protezione dei dati, vi informiamo che le vostre risposte sono facoltative e che la mancata risposta non comporter\u00e0 particolari conseguenze. Tuttavia, le vostre risposte devono essere sufficienti per consentirci di elaborare le informazioni.<\/p>\n\t\t\t\t\t\t\t\t<\/div>\n\t\t\t\t<\/div>\n\t\t\t\t<div class=\"elementor-element elementor-element-4660c57 elementor-widget elementor-widget-heading\" data-id=\"4660c57\" data-element_type=\"widget\" data-widget_type=\"heading.default\">\n\t\t\t\t<div class=\"elementor-widget-container\">\n\t\t\t\t\t<h2 class=\"elementor-heading-title elementor-size-default\">contraffazione<\/h2>\t\t\t\t<\/div>\n\t\t\t\t<\/div>\n\t\t\t\t<div class=\"elementor-element elementor-element-26a1273 elementor-widget elementor-widget-text-editor\" data-id=\"26a1273\" data-element_type=\"widget\" data-widget_type=\"text-editor.default\">\n\t\t\t\t<div class=\"elementor-widget-container\">\n\t\t\t\t\t\t\t\t\t<p>\u00c8 vietata qualsiasi riproduzione o rappresentazione, totale o parziale, per qualsiasi altro scopo su qualsiasi supporto. L&#8217;inosservanza di questo divieto costituisce una violazione per la quale il trasgressore pu\u00f2 essere ritenuto responsabile civilmente e penalmente. Le informazioni contenute in questo servizio non sono contrattuali e possono essere modificate senza preavviso.<\/p>\n\t\t\t\t\t\t\t\t<\/div>\n\t\t\t\t<\/div>\n\t\t\t\t<div class=\"elementor-element elementor-element-1a035af elementor-widget elementor-widget-heading\" data-id=\"1a035af\" data-element_type=\"widget\" data-widget_type=\"heading.default\">\n\t\t\t\t<div class=\"elementor-widget-container\">\n\t\t\t\t\t<h2 class=\"elementor-heading-title elementor-size-default\">biscotti<\/h2>\t\t\t\t<\/div>\n\t\t\t\t<\/div>\n\t\t\t\t<div class=\"elementor-element elementor-element-9b17b54 elementor-widget elementor-widget-text-editor\" data-id=\"9b17b54\" data-element_type=\"widget\" data-widget_type=\"text-editor.default\">\n\t\t\t\t<div class=\"elementor-widget-container\">\n\t\t\t\t\t\t\t\t\tSe lasciate un commento sul nostro sito, vi verr\u00e0 chiesto di salvare il vostro nome, indirizzo e-mail e sito web nei cookie. Questo \u00e8 solo per comodit\u00e0, in modo da non dover inserire queste informazioni se si pubblica un altro commento in seguito. Questi cookie scadono dopo un anno. Se si accede alla pagina di login, viene creato un cookie temporaneo per determinare se il browser accetta i cookie. Non contiene dati personali e verr\u00e0 cancellato automaticamente alla chiusura del browser. Quando l&#8217;utente accede, vengono impostati alcuni cookie per registrare i dati di accesso e le preferenze dello schermo. La durata di un cookie di connessione \u00e8 di due giorni, quella di un cookie di opzione dello schermo \u00e8 di un anno. Se si seleziona &#8220;ricordami&#8221;, il cookie di connessione verr\u00e0 memorizzato per quindici giorni. Se si esce dal proprio account, il cookie di connessione viene cancellato. Modificando o pubblicando una pubblicazione, un ulteriore cookie verr\u00e0 memorizzato nel vostro browser. Questo cookie non contiene dati personali. Indica semplicemente l&#8217;id della pubblicazione appena modificata. Scade dopo un giorno.  \t\t\t\t\t\t\t\t<\/div>\n\t\t\t\t<\/div>\n\t\t\t\t<div class=\"elementor-element elementor-element-94cd822 elementor-widget elementor-widget-heading\" data-id=\"94cd822\" data-element_type=\"widget\" data-widget_type=\"heading.default\">\n\t\t\t\t<div class=\"elementor-widget-container\">\n\t\t\t\t\t<h2 class=\"elementor-heading-title elementor-size-default\">contenuti incorporati da altri siti<\/h2>\t\t\t\t<\/div>\n\t\t\t\t<\/div>\n\t\t\t\t<div class=\"elementor-element elementor-element-15b8103 elementor-widget elementor-widget-text-editor\" data-id=\"15b8103\" data-element_type=\"widget\" data-widget_type=\"text-editor.default\">\n\t\t\t\t<div class=\"elementor-widget-container\">\n\t\t\t\t\t\t\t\t\tGli articoli di questo sito possono includere contenuti incorporati (ad esempio, video, immagini, articoli, ecc.). I contenuti integrati da altri siti si comportano come se il visitatore stesse visitando l&#8217;altro sito. Questi siti web possono raccogliere dati su di te, utilizzare cookie, incorporare strumenti di tracciamento di terze parti e tracciare le tue interazioni con questi contenuti incorporati se hai un account collegato al loro sito web.  \t\t\t\t\t\t\t\t<\/div>\n\t\t\t\t<\/div>\n\t\t\t\t<div class=\"elementor-element elementor-element-1e94f53 elementor-widget elementor-widget-heading\" data-id=\"1e94f53\" data-element_type=\"widget\" data-widget_type=\"heading.default\">\n\t\t\t\t<div class=\"elementor-widget-container\">\n\t\t\t\t\t<h2 class=\"elementor-heading-title elementor-size-default\">utilizzo e trasmissione dei vostri dati personali<\/h2>\t\t\t\t<\/div>\n\t\t\t\t<\/div>\n\t\t\t\t<div class=\"elementor-element elementor-element-cc545f8 elementor-widget elementor-widget-text-editor\" data-id=\"cc545f8\" data-element_type=\"widget\" data-widget_type=\"text-editor.default\">\n\t\t\t\t<div class=\"elementor-widget-container\">\n\t\t\t\t\t\t\t\t\t<p>Per gli utenti che si registrano sul nostro sito (ove possibile), memorizziamo anche i dati personali indicati nel loro profilo. Tutti gli utenti possono visualizzare, modificare o cancellare le proprie informazioni personali in qualsiasi momento (ad eccezione del nome utente). Anche i responsabili del sito possono visualizzare e modificare queste informazioni.<\/p>\n\t\t\t\t\t\t\t\t<\/div>\n\t\t\t\t<\/div>\n\t\t\t\t<div class=\"elementor-element elementor-element-d67e680 elementor-widget elementor-widget-heading\" data-id=\"d67e680\" data-element_type=\"widget\" data-widget_type=\"heading.default\">\n\t\t\t\t<div class=\"elementor-widget-container\">\n\t\t\t\t\t<h2 class=\"elementor-heading-title elementor-size-default\">diritti sui vostri dati<\/h2>\t\t\t\t<\/div>\n\t\t\t\t<\/div>\n\t\t\t\t<div class=\"elementor-element elementor-element-576aca9 elementor-widget elementor-widget-text-editor\" data-id=\"576aca9\" data-element_type=\"widget\" data-widget_type=\"text-editor.default\">\n\t\t\t\t<div class=\"elementor-widget-container\">\n\t\t\t\t\t\t\t\t\t<p>Se avete un account o se avete lasciato commenti sul sito, potete richiedere di ricevere un file contenente tutti i dati personali in nostro possesso, compresi quelli che ci avete fornito. Potete anche chiedere la cancellazione dei vostri dati personali. Non sono compresi i dati memorizzati per scopi amministrativi, legali o di sicurezza.<\/p>\n\t\t\t\t\t\t\t\t<\/div>\n\t\t\t\t<\/div>\n\t\t\t\t<div class=\"elementor-element elementor-element-4f2de39 elementor-widget elementor-widget-heading\" data-id=\"4f2de39\" data-element_type=\"widget\" data-widget_type=\"heading.default\">\n\t\t\t\t<div class=\"elementor-widget-container\">\n\t\t\t\t\t<h2 class=\"elementor-heading-title elementor-size-default\">dettagli di contatto<\/h2>\t\t\t\t<\/div>\n\t\t\t\t<\/div>\n\t\t\t\t<div class=\"elementor-element elementor-element-b940254 elementor-widget elementor-widget-text-editor\" data-id=\"b940254\" data-element_type=\"widget\" data-widget_type=\"text-editor.default\">\n\t\t\t\t<div class=\"elementor-widget-container\">\n\t\t\t\t\t\t\t\t\t<p>Per tutte le informazioni relative all&#8217;utilizzo, alla protezione e ai vostri diritti in materia di dati, vi preghiamo di contattare direttamente il webmaster all&#8217;indirizzo webmaster@cryonic-medical.com. Per qualsiasi informazione di carattere generale o commerciale, vi invitiamo a contattare direttamente i nostri servizi tramite la nostra pagina di contatto o direttamente via e-mail all&#8217;indirizzo commercial@cryonic-medical.com o telefonicamente al numero 03 81 54 35 40.  <\/p>\n\t\t\t\t\t\t\t\t<\/div>\n\t\t\t\t<\/div>\n\t\t\t\t<div class=\"elementor-element elementor-element-a718e0c elementor-widget elementor-widget-spacer\" data-id=\"a718e0c\" data-element_type=\"widget\" data-widget_type=\"spacer.default\">\n\t\t\t\t<div class=\"elementor-widget-container\">\n\t\t\t\t\t\t\t<div class=\"elementor-spacer\">\n\t\t\t<div class=\"elementor-spacer-inner\"><\/div>\n\t\t<\/div>\n\t\t\t\t\t\t<\/div>\n\t\t\t\t<\/div>\n\t\t\t\t\t<\/div>\n\t\t<\/div>\n\t\t\t\t\t<\/div>\n\t\t<\/section>\n\t\t\t\t<\/div>\n\t\t","protected":false},"excerpt":{"rendered":"<p>avvisi legali proprietario Proprietario del sito: Cryonic Medical SAS SIRET: 78905851800026RCS Besan\u00e7on: B789 058 518SAS con capitale: 50.000,00 euroSedelegale: 6 rue Berthelot 25000 Besan\u00e7on sito web e hosting L&#8217;indirizzo del nostro sito web \u00e8: https:\/\/cryonic-medical.com. Hosting : OVH SAS &#8211; 2 rue Kellermann, Roubaix &#8211; FRANCIA legge sulla protezione dei dati In conformit\u00e0 alla legge [&hellip;]<\/p>\n","protected":false},"author":1,"featured_media":0,"parent":0,"menu_order":0,"comment_status":"closed","ping_status":"closed","template":"","meta":{"footnotes":""},"class_list":["post-17683","page","type-page","status-publish","hentry"],"_links":{"self":[{"href":"https:\/\/cryonic-medical.com\/it\/wp-json\/wp\/v2\/pages\/17683","targetHints":{"allow":["GET"]}}],"collection":[{"href":"https:\/\/cryonic-medical.com\/it\/wp-json\/wp\/v2\/pages"}],"about":[{"href":"https:\/\/cryonic-medical.com\/it\/wp-json\/wp\/v2\/types\/page"}],"author":[{"embeddable":true,"href":"https:\/\/cryonic-medical.com\/it\/wp-json\/wp\/v2\/users\/1"}],"replies":[{"embeddable":true,"href":"https:\/\/cryonic-medical.com\/it\/wp-json\/wp\/v2\/comments?post=17683"}],"version-history":[{"count":2,"href":"https:\/\/cryonic-medical.com\/it\/wp-json\/wp\/v2\/pages\/17683\/revisions"}],"predecessor-version":[{"id":18246,"href":"https:\/\/cryonic-medical.com\/it\/wp-json\/wp\/v2\/pages\/17683\/revisions\/18246"}],"wp:attachment":[{"href":"https:\/\/cryonic-medical.com\/it\/wp-json\/wp\/v2\/media?parent=17683"}],"curies":[{"name":"wp","href":"https:\/\/api.w.org\/{rel}","templated":true}]}}