{"id":17222,"date":"2023-09-15T10:02:11","date_gmt":"2023-09-15T08:02:11","guid":{"rendered":"https:\/\/cryonic-medical.com\/i-nostri-servizi\/"},"modified":"2025-10-20T10:50:35","modified_gmt":"2025-10-20T08:50:35","slug":"i-nostri-servizi","status":"publish","type":"page","link":"https:\/\/cryonic-medical.com\/it\/i-nostri-servizi\/","title":{"rendered":"I nostri servizi"},"content":{"rendered":"\t\t<div data-elementor-type=\"wp-post\" data-elementor-id=\"17222\" class=\"elementor elementor-17222 elementor-2656\" data-elementor-post-type=\"page\">\n\t\t\t\t\t\t<section class=\"elementor-section elementor-top-section elementor-element elementor-element-2f5870d elementor-section-stretched elementor-section-height-min-height elementor-section-content-middle elementor-section-boxed elementor-section-height-default elementor-section-items-middle\" data-id=\"2f5870d\" data-element_type=\"section\" data-settings=\"{&quot;stretch_section&quot;:&quot;section-stretched&quot;,&quot;background_background&quot;:&quot;classic&quot;}\">\n\t\t\t\t\t\t\t<div class=\"elementor-background-overlay\"><\/div>\n\t\t\t\t\t\t\t<div class=\"elementor-container elementor-column-gap-no\">\n\t\t\t\t\t<div class=\"elementor-column elementor-col-100 elementor-top-column elementor-element elementor-element-88f2249\" data-id=\"88f2249\" data-element_type=\"column\">\n\t\t\t<div class=\"elementor-widget-wrap elementor-element-populated\">\n\t\t\t\t\t\t<div class=\"elementor-element elementor-element-0685722 animated-slow elementor-invisible elementor-widget elementor-widget-heading\" data-id=\"0685722\" data-element_type=\"widget\" data-settings=\"{&quot;_animation&quot;:&quot;fadeIn&quot;}\" data-widget_type=\"heading.default\">\n\t\t\t\t<div class=\"elementor-widget-container\">\n\t\t\t\t\t<h4 class=\"elementor-heading-title elementor-size-default\">vi offriamo<\/h4>\t\t\t\t<\/div>\n\t\t\t\t<\/div>\n\t\t\t\t<div class=\"elementor-element elementor-element-675b214 elementor-headline--style-rotate elementor-widget elementor-widget-animated-headline\" data-id=\"675b214\" data-element_type=\"widget\" data-settings=\"{&quot;headline_style&quot;:&quot;rotate&quot;,&quot;animation_type&quot;:&quot;drop-in&quot;,&quot;rotating_text&quot;:&quot;\\n\\n\\ngas logistica formazione manutenzione riciclaggio\\n&quot;,&quot;loop&quot;:&quot;yes&quot;,&quot;rotate_iteration_delay&quot;:2500}\" data-widget_type=\"animated-headline.default\">\n\t\t\t\t<div class=\"elementor-widget-container\">\n\t\t\t\t\t\t\t<h3 class=\"elementor-headline elementor-headline-animation-type-drop-in\">\n\t\t\t\t\t<span class=\"elementor-headline-plain-text elementor-headline-text-wrapper\">un servizio di<\/span>\n\t\t\t\t<span class=\"elementor-headline-dynamic-wrapper elementor-headline-text-wrapper\">\n\t\t\t\t\t<span class=\"elementor-headline-dynamic-text elementor-headline-text-active\">\n\t\t\t\t\t\t\t<\/span>\n\t\t\t\t\t<span class=\"elementor-headline-dynamic-text\">\n\t\t\t\t\t\t\t<\/span>\n\t\t\t\t\t<span class=\"elementor-headline-dynamic-text\">\n\t\t\t\t\t\t\t<\/span>\n\t\t\t\t\t<span class=\"elementor-headline-dynamic-text\">\n\t\t\t\tgas&nbsp;logistica&nbsp;formazione&nbsp;manutenzione&nbsp;riciclaggio\t\t\t<\/span>\n\t\t\t\t\t<span class=\"elementor-headline-dynamic-text\">\n\t\t\t\t\t\t\t<\/span>\n\t\t\t\t\t\t<\/span>\n\t\t\t\t<\/h3>\n\t\t\t\t\t\t<\/div>\n\t\t\t\t<\/div>\n\t\t\t\t\t<\/div>\n\t\t<\/div>\n\t\t\t\t\t<\/div>\n\t\t<\/section>\n\t\t\t\t<section class=\"elementor-section elementor-top-section elementor-element elementor-element-7f8fe6d elementor-section-stretched elementor-section-full_width animated-slow elementor-reverse-mobile elementor-section-height-default elementor-section-height-default elementor-invisible\" data-id=\"7f8fe6d\" data-element_type=\"section\" data-settings=\"{&quot;stretch_section&quot;:&quot;section-stretched&quot;,&quot;animation&quot;:&quot;fadeInUp&quot;}\">\n\t\t\t\t\t\t<div class=\"elementor-container elementor-column-gap-no\">\n\t\t\t\t\t<div class=\"elementor-column elementor-col-50 elementor-top-column elementor-element elementor-element-e6b75ef\" data-id=\"e6b75ef\" data-element_type=\"column\" data-settings=\"{&quot;background_background&quot;:&quot;classic&quot;}\">\n\t\t\t<div class=\"elementor-widget-wrap elementor-element-populated\">\n\t\t\t\t\t\t<div class=\"elementor-element elementor-element-3452626 elementor-widget elementor-widget-spacer\" data-id=\"3452626\" data-element_type=\"widget\" data-widget_type=\"spacer.default\">\n\t\t\t\t<div class=\"elementor-widget-container\">\n\t\t\t\t\t\t\t<div class=\"elementor-spacer\">\n\t\t\t<div class=\"elementor-spacer-inner\"><\/div>\n\t\t<\/div>\n\t\t\t\t\t\t<\/div>\n\t\t\t\t<\/div>\n\t\t\t\t<div class=\"elementor-element elementor-element-ebb4dfd elementor-hidden-mobile elementor-widget elementor-widget-tp-shape-divider\" data-id=\"ebb4dfd\" data-element_type=\"widget\" data-widget_type=\"tp-shape-divider.default\">\n\t\t\t\t<div class=\"elementor-widget-container\">\n\t\t\t\t\t<div id=\"shapeebb4dfd\" class=\"tp-plus-shape-divider shape-shape-1 shapeebb4dfd shape-right flip-right \" data-id=\"shapeebb4dfd\" data-position=\"right\" data-section-type=\"column\"><svg class=\"shape-1\" xmlns=\"http:\/\/www.w3.org\/2000\/svg\" xmlns:xlink=\"http:\/\/www.w3.org\/1999\/xlink\" width=\"44px\" height=\"200px\" viewBox=\"0 0 44 200\" preserveAspectRatio=\"none\"><g><path fill=\"rgba(255,255,255,1)\" stroke=\"#ffffff\" stroke-width=\"1\" stroke-linecap=\"butt\" stroke-linejoin=\"miter\" opacity=\"1\" d=\"M 45.703505156528365 200.19885384998346 C 45.73301315307617 190.79171752929688 45.365841356073965 101.6338238086374 45.662750244140625 0.25295501947402954 C 45.52727381388346 10.878458460172016 41.63068771362305 22.985551555951435 34.041473388671875 36.57423400878906 C 24.181148529052734 56.518985748291016 1.116410493850708 75.28781127929688 0.9567615985870361 100.19087982177734 C 1.1245900392532349 125.75543975830078 23.82019805908203 145.14585876464844 34.17644691467285 165.19732666015625 C 41.07911682128906 178.5620574951172 45.73301315307617 190.79171752929688 45.703505156528365 200.19885384998346 Z\" transform=\"matrix(1 0 0 1 -0.729369 -0.220138)\"><\/path><\/g><\/svg><i class=\" fa fa-angle-down shape-1-icon\"><\/i><a href=\"#tabs\" target=\"_blank\" rel=\"nofollow\" class=\"shape-1-url\"><\/a><\/div>\t\t\t\t<\/div>\n\t\t\t\t<\/div>\n\t\t\t\t\t<\/div>\n\t\t<\/div>\n\t\t\t\t<div class=\"elementor-column elementor-col-50 elementor-top-column elementor-element elementor-element-358be66\" data-id=\"358be66\" data-element_type=\"column\">\n\t\t\t<div class=\"elementor-widget-wrap elementor-element-populated\">\n\t\t\t\t\t\t<div class=\"elementor-element elementor-element-c04ad47 elementor-view-default elementor-widget elementor-widget-icon\" data-id=\"c04ad47\" data-element_type=\"widget\" data-widget_type=\"icon.default\">\n\t\t\t\t<div class=\"elementor-widget-container\">\n\t\t\t\t\t\t\t<div class=\"elementor-icon-wrapper\">\n\t\t\t<div class=\"elementor-icon\">\n\t\t\t<svg xmlns=\"http:\/\/www.w3.org\/2000\/svg\" viewBox=\"0 0 53.41 53.41\"><defs><style>.cls-1{fill:#13b1f0;}<\/style><\/defs><g id=\"Calque_2\" data-name=\"Calque 2\"><g id=\"Calque_1-2\" data-name=\"Calque 1\"><path class=\"cls-1\" d=\"M47.53,10,34.45,23.08a8.56,8.56,0,1,1-3.93-4L43.61,6A26.71,26.71,0,0,0,6,43.61l4.08-4.08A21,21,0,0,1,26.7,5.77v5.58A15.39,15.39,0,1,0,42.09,26.73v0h5.58v0a21,21,0,0,1-33.6,16.73L10,47.53A26.7,26.7,0,0,0,47.53,10Z\"><\/path><\/g><\/g><\/svg>\t\t\t<\/div>\n\t\t<\/div>\n\t\t\t\t\t\t<\/div>\n\t\t\t\t<\/div>\n\t\t\t\t<div class=\"elementor-element elementor-element-9548cf8 elementor-widget elementor-widget-text-editor\" data-id=\"9548cf8\" data-element_type=\"widget\" data-widget_type=\"text-editor.default\">\n\t\t\t\t<div class=\"elementor-widget-container\">\n\t\t\t\t\t\t\t\t\t<p>La soddisfazione del cliente \u00e8 la nostra massima priorit\u00e0.  <\/p>\t\t\t\t\t\t\t\t<\/div>\n\t\t\t\t<\/div>\n\t\t\t\t<div class=\"elementor-element elementor-element-a04e1a1 elementor-widget elementor-widget-text-editor\" data-id=\"a04e1a1\" data-element_type=\"widget\" data-widget_type=\"text-editor.default\">\n\t\t\t\t<div class=\"elementor-widget-container\">\n\t\t\t\t\t\t\t\t\t<p>Cryonic Medical ha sviluppato servizi su misura per le esigenze dei professionisti in Francia e all&#8217;estero. A seconda dei vincoli professionali di ciascun individuo, la criogenia \u00e8 in grado di adattarsi per ottimizzare il pi\u00f9 possibile i risultati della tecnica.<\/p>\t\t\t\t\t\t\t\t<\/div>\n\t\t\t\t<\/div>\n\t\t\t\t\t<\/div>\n\t\t<\/div>\n\t\t\t\t\t<\/div>\n\t\t<\/section>\n\t\t\t\t<section class=\"elementor-section elementor-top-section elementor-element elementor-element-b6b034c elementor-section-stretched elementor-section-full_width elementor-section-height-default elementor-section-height-default\" data-id=\"b6b034c\" data-element_type=\"section\" data-settings=\"{&quot;stretch_section&quot;:&quot;section-stretched&quot;}\">\n\t\t\t\t\t\t<div class=\"elementor-container elementor-column-gap-no\">\n\t\t\t\t\t<div class=\"elementor-column elementor-col-100 elementor-top-column elementor-element elementor-element-daeec22\" data-id=\"daeec22\" data-element_type=\"column\" id=\"tabs\">\n\t\t\t<div class=\"elementor-widget-wrap elementor-element-populated\">\n\t\t\t\t\t\t<div class=\"elementor-element elementor-element-493d34f elementor-widget elementor-widget-tp-accordion\" data-id=\"493d34f\" data-element_type=\"widget\" data-widget_type=\"tp-accordion.default\">\n\t\t\t\t<div class=\"elementor-widget-container\">\n\t\t\t\t\t\r\n<div class=\"theplus-accordion-wrapper elementor-accordion  hover-style-1 \"\r\n    id=\"accordion69e5be08c6b0d\" data-accordion-id=\"accordion69e5be08c6b0d\"\r\n    data-connection=\"\"\r\n    data-accordion-type=\"accordion\"\r\n    data-heightlight-text       role=\"tablist\" >\r\n\r\n            <div class=\"theplus-accordion-item\"  role=\"tab\">\r\n            <div id=\"elementor-tab-title-7671\" class=\"elementor-tab-title plus-accordion-header active-default text-left \" data-tab=\"1\" aria-controls=\"elementor-tab-content-7671\">\r\n                                <span class=\"elementor-accordion-icon elementor-accordion-icon-left\" aria-hidden=\"true\"><i class=\"elementor-accordion-icon-closed fa fa-plus\"><\/i><i class=\"elementor-accordion-icon-opened fa fa-minus\"><\/i><\/span>\r\n                <span style=\"width:100%\">logistica del gas<\/span>                            <\/div>\r\n\r\n                        <div id=\"elementor-tab-content-7671\" class=\"elementor-tab-content elementor-clearfix plus-accordion-content active-default \" data-tab=\"1\" role=\"tabpanel\" aria-labelledby=\"elementor-tab-title-7671\">\r\n                <div class=\"plus-content-editor\" ><p><strong>PERCH\u00c9 LA CO2 MEDICA (ANIDRIDE CARBONICA)?<\/strong><br \/>Lo &#8220;shock termico&#8221; \u00e8 la chiave dell&#8217;efficacia della crioterapia. Ma pu\u00f2 essere creato solo quando la temperatura \u00e8 inferiore a -60\u00b0. Naturalmente, questo tipo di refrigerazione non esiste, non pu\u00f2 essere prodotta senza gas, quindi non \u00e8 possibile che sia efficace senza materiali di consumo. Il gas consigliato \u00e8 la CO2 medicale liquida, che si espande nell&#8217;aria per produrre una temperatura costante di -78\u00b0C. Le bombole devono quindi essere dotate di un TUBO DI IMMERSIONE perch\u00e9 dobbiamo utilizzare la fase liquida del gas.<\/p>\n<p>La CO2 \u00e8 facile da usare, piacevole, affidabile e maneggevole.<\/p>\n<p><strong>I PUNTI DI FORZA DELLA CO2<\/strong><br \/>&#8211; Propriet\u00e0 fisiche e chimiche che migliorano la tua pratica e il comfort del paziente: Il gas \u00e8 puro, secco e batteriostatico. \u00c8 quindi molto confortevole e pu\u00f2 essere utilizzato intorno alle ferite o dopo un intervento chirurgico, in modo completamente asettico e senza ammorbidire i tessuti.<br \/>&#8211; Stoccaggio: le bombole devono essere conservate in un luogo asciutto e lontano da fonti di calore (balneo-radiatori). Non \u00e8 infiammabile n\u00e9 pericoloso.<br \/>&#8211; Eco-responsabilit\u00e0: la CO2 utilizzata proviene da combustione riciclata. Viene purificato e pulito prima di essere compresso nelle nostre bottiglie. Non c&#8217;\u00e8 quindi inquinamento quando si utilizza questa tecnica.  <\/p>\n<p><strong>LOGISTICA<\/strong><br \/>In Francia offriamo due tipi di bombole: bombole di CO2 standard da 10 chili e bombole pi\u00f9 piccole (da 1 a 2 chili) per uso portatile. Tutte le bottiglie sono ricaricabili. Il servizio logistico di Cryonic medical \u00e8 estremamente efficiente: possiamo consegnare in tutta la Francia entro 48-72 ore, ritirando i flaconi vuoti. La tracciabilit\u00e0 delle bottiglie viene controllata e le bottiglie vengono regolarmente ricondizionate.<\/p>\n<p>Puoi ordinare le tue bombole su <a href=\"mailto:gaz@cryonic-medical.com\">gaz@cryonic-medical.com<\/a><br \/>Abroad, la CO2 \u00e8 disponibile presso tutti i fornitori di gas. Cryonic Medical collabora con una serie di distributori locali che forniscono consulenza agli utenti.<\/p>\n<\/div>\r\n            <\/div>\r\n                    <\/div>\r\n                <div class=\"theplus-accordion-item\"  role=\"tab\">\r\n            <div id=\"elementor-tab-title-7672\" class=\"elementor-tab-title plus-accordion-header no text-left \" data-tab=\"2\" aria-controls=\"elementor-tab-content-7672\">\r\n                                <span class=\"elementor-accordion-icon elementor-accordion-icon-left\" aria-hidden=\"true\"><i class=\"elementor-accordion-icon-closed fa fa-plus\"><\/i><i class=\"elementor-accordion-icon-opened fa fa-minus\"><\/i><\/span>\r\n                <span style=\"width:100%\">formazione<\/span>                            <\/div>\r\n\r\n                        <div id=\"elementor-tab-content-7672\" class=\"elementor-tab-content elementor-clearfix plus-accordion-content no \" data-tab=\"2\" role=\"tabpanel\" aria-labelledby=\"elementor-tab-title-7672\">\r\n                <div class=\"plus-content-editor\" ><p><strong>FORMAZIONE PI\u00d9 VICINA ALLE VOSTRE ESIGENZE<\/strong><br \/>In Francia, Cryonic Medical offre una formazione agli utenti delle sue apparecchiature affinch\u00e9 possano ottimizzare l&#8217;uso dell&#8217;NCS e offrirlo ai loro pazienti in modo adeguato alle loro esigenze. Il gesto professionale e la valorizzazione delle conoscenze sono punti fondamentali nell&#8217;utilizzo di questa tecnica.<\/p>\n<p>In Francia, viene offerto un corso di formazione di mezza giornata da uno specialista in Neurocriostimolazione, con il seguente programma:<br \/>&#8211; Richiamo dei principi della Neurocriostimolazione, del suo funzionamento e dei suoi effetti.<br \/>&#8211; Comprensione e definizione del tipo di patologie trattate.<br \/>&#8211; Applicazioni pratiche e gesti tecnici &#8211; trattamenti sui pazienti.  <\/p>\n<p>Dopo la sessione di formazione di mezza giornata viene rilasciato un certificato del corso. L&#8217;offerta pu\u00f2 essere effettuata presso la sede di Cryonic M\u00e9dical a Besan\u00e7on (25000-FR), presso la vostra sede o presso i centri specializzati in NCS in tutta la Francia.<\/p>\n<p><strong>PER TUTTI I CORSI ALL&#8217;ESTERO<\/strong><\/p>\n<p>I partner internazionali sono presenti in molti paesi e sono accreditati da Cryonic Medical per offrire formazione ai loro clienti che utilizzano la tecnica di NeuroCryoStimulation. I certificati vengono rilasciati da Cryonic Medical al termine del corso.<\/p>\n<p>Molti pazienti ci chiedono i recapiti di operatori formati nella nostra tecnica, per cui il nostro elenco viene regolarmente aggiornato! Inoltre, disponiamo di una rete di professionisti della sanit\u00e0, suddivisi per specialit\u00e0, che utilizzano NCS da molti anni e che possono aiutarvi a soddisfare qualsiasi richiesta particolare.<\/p>\n<\/div>\r\n            <\/div>\r\n                    <\/div>\r\n                <div class=\"theplus-accordion-item\"  role=\"tab\">\r\n            <div id=\"elementor-tab-title-7673\" class=\"elementor-tab-title plus-accordion-header no text-left \" data-tab=\"3\" aria-controls=\"elementor-tab-content-7673\">\r\n                                <span class=\"elementor-accordion-icon elementor-accordion-icon-left\" aria-hidden=\"true\"><i class=\"elementor-accordion-icon-closed fa fa-plus\"><\/i><i class=\"elementor-accordion-icon-opened fa fa-minus\"><\/i><\/span>\r\n                <span style=\"width:100%\">qualit\u00e0 e manutenzione<\/span>                            <\/div>\r\n\r\n                        <div id=\"elementor-tab-content-7673\" class=\"elementor-tab-content elementor-clearfix plus-accordion-content no \" data-tab=\"3\" role=\"tabpanel\" aria-labelledby=\"elementor-tab-title-7673\">\r\n                <div class=\"plus-content-editor\" ><p><strong>IL SISTEMA DI QUALIT\u00c0<\/strong><br \/>Ogni anno, un ente certificatore ispeziona le aziende che producono dispositivi medici. Esse devono essere conformi agli standard medici europei e soddisfare i requisiti delle direttive e dei regolamenti in vigore.<br \/>Grazie al rigore del suo sistema, al suo team e all&#8217;impegno di ogni partner, Cryonic Medical dispone di numerose certificazioni e approvazioni che le consentono di vendere i suoi dispositivi medici su diversi mercati internazionali e in tutti gli ospedali: <br \/><strong>&#8211; Certificazione: ISO 13485  <\/strong><\/p>\n<p>Non esitate a controllare la marcatura medica CE sulle apparecchiature che utilizzate. In caso di incidente, il vostro assicuratore vi chieder\u00e0 di farlo.<\/p>\n<p><strong>MANUTENZIONE E ASSISTENZA POST-VENDITA<\/strong><br \/>In Francia:<br \/>CRYONIC MEDICAL metter\u00e0 a tua disposizione un tecnico post-vendita specializzato in apparecchiature CRYONIC MEDICAL.<br \/>Il servizio online ti permette di identificare il guasto, se presente, e di risolverlo telefonicamente nella maggior parte dei casi. Se la diagnosi richiede un intervento, vengono offerte diverse soluzioni, tra cui la possibilit\u00e0 di inviare un dispositivo in prestito per la durata dell&#8217;intervento. La reattivit\u00e0 di questo servizio \u00e8 uno dei punti di forza di Cryonic Medical.<\/p>\n<p>Al di fuori della Francia:<br \/>I nostri distributori e rivenditori sono preparati a rispondere a tutte le domande tecniche. Se hai un problema specifico, possono contattare i nostri tecnici o puoi inviare la tua richiesta direttamente a technique@cryonic-medical.com <br \/>. \u00c8 disponibile anche l&#8217;assistenza video via Skype. <\/p>\n<\/div>\r\n            <\/div>\r\n                    <\/div>\r\n                <div class=\"theplus-accordion-item\"  role=\"tab\">\r\n            <div id=\"elementor-tab-title-7674\" class=\"elementor-tab-title plus-accordion-header no text-left \" data-tab=\"4\" aria-controls=\"elementor-tab-content-7674\">\r\n                                <span class=\"elementor-accordion-icon elementor-accordion-icon-left\" aria-hidden=\"true\"><i class=\"elementor-accordion-icon-closed fa fa-plus\"><\/i><i class=\"elementor-accordion-icon-opened fa fa-minus\"><\/i><\/span>\r\n                <span style=\"width:100%\">riciclaggio<\/span>                            <\/div>\r\n\r\n                        <div id=\"elementor-tab-content-7674\" class=\"elementor-tab-content elementor-clearfix plus-accordion-content no \" data-tab=\"4\" role=\"tabpanel\" aria-labelledby=\"elementor-tab-title-7674\">\r\n                <div class=\"plus-content-editor\" ><p>CRYONIC MEDICAL finanzia il programma di riciclaggio WEEE Pro, che ritira gratuitamente le apparecchiature elettriche di illuminazione, controllo e monitoraggio e i dispositivi medici usati (maggiori informazioni su <a href=\"http:\/\/www.recylum.com\" target=\"_blank\" rel=\"noopener\">www.ecosystem.com)<\/a>.<\/p>\n<p><a href=\"http:\/\/www.recylum.com\" target=\"_blank\" rel=\"noopener\"><img decoding=\"async\" class=\"alignnone size-medium wp-image-7767\" src=\"https:\/\/cryonic-medical.com\/wp-content\/uploads\/2020\/04\/logo-300x73.png\" alt=\"\" width=\"300\" height=\"73\" srcset=\"https:\/\/cryonic-medical.com\/wp-content\/uploads\/2020\/04\/logo-300x73.png 300w, https:\/\/cryonic-medical.com\/wp-content\/uploads\/2020\/04\/logo-1024x250.png 1024w, https:\/\/cryonic-medical.com\/wp-content\/uploads\/2020\/04\/logo.png 1154w\" sizes=\"(max-width: 300px) 100vw, 300px\" \/><\/a><\/p>\n<\/div>\r\n            <\/div>\r\n                    <\/div>\r\n        \r\n<\/div>\r\n\t\t\t\t<\/div>\n\t\t\t\t<\/div>\n\t\t\t\t\t<\/div>\n\t\t<\/div>\n\t\t\t\t\t<\/div>\n\t\t<\/section>\n\t\t\t\t<\/div>\n\t\t","protected":false},"excerpt":{"rendered":"<p>vi offriamo un servizio di gas&nbsp;logistica&nbsp;formazione&nbsp;manutenzione&nbsp;riciclaggio La soddisfazione del cliente \u00e8 la nostra massima priorit\u00e0. Cryonic Medical ha sviluppato servizi su misura per le esigenze dei professionisti in Francia e all&#8217;estero. A seconda dei vincoli professionali di ciascun individuo, la criogenia \u00e8 in grado di adattarsi per ottimizzare il pi\u00f9 possibile i risultati della tecnica. [&hellip;]<\/p>\n","protected":false},"author":1,"featured_media":0,"parent":0,"menu_order":0,"comment_status":"closed","ping_status":"closed","template":"","meta":{"footnotes":""},"class_list":["post-17222","page","type-page","status-publish","hentry"],"_links":{"self":[{"href":"https:\/\/cryonic-medical.com\/it\/wp-json\/wp\/v2\/pages\/17222","targetHints":{"allow":["GET"]}}],"collection":[{"href":"https:\/\/cryonic-medical.com\/it\/wp-json\/wp\/v2\/pages"}],"about":[{"href":"https:\/\/cryonic-medical.com\/it\/wp-json\/wp\/v2\/types\/page"}],"author":[{"embeddable":true,"href":"https:\/\/cryonic-medical.com\/it\/wp-json\/wp\/v2\/users\/1"}],"replies":[{"embeddable":true,"href":"https:\/\/cryonic-medical.com\/it\/wp-json\/wp\/v2\/comments?post=17222"}],"version-history":[{"count":17,"href":"https:\/\/cryonic-medical.com\/it\/wp-json\/wp\/v2\/pages\/17222\/revisions"}],"predecessor-version":[{"id":18553,"href":"https:\/\/cryonic-medical.com\/it\/wp-json\/wp\/v2\/pages\/17222\/revisions\/18553"}],"wp:attachment":[{"href":"https:\/\/cryonic-medical.com\/it\/wp-json\/wp\/v2\/media?parent=17222"}],"curies":[{"name":"wp","href":"https:\/\/api.w.org\/{rel}","templated":true}]}}