{"id":17262,"date":"2023-09-15T10:08:24","date_gmt":"2023-09-15T08:08:24","guid":{"rendered":"https:\/\/cryonic-medical.com\/nuestros-servicios\/"},"modified":"2025-10-20T10:50:35","modified_gmt":"2025-10-20T08:50:35","slug":"nuestros-servicios","status":"publish","type":"page","link":"https:\/\/cryonic-medical.com\/es\/nuestros-servicios\/","title":{"rendered":"Nuestros servicios"},"content":{"rendered":"\t\t<div data-elementor-type=\"wp-post\" data-elementor-id=\"17262\" class=\"elementor elementor-17262 elementor-2656\" data-elementor-post-type=\"page\">\n\t\t\t\t\t\t<section class=\"elementor-section elementor-top-section elementor-element elementor-element-2f5870d elementor-section-stretched elementor-section-height-min-height elementor-section-content-middle elementor-section-boxed elementor-section-height-default elementor-section-items-middle\" data-id=\"2f5870d\" data-element_type=\"section\" data-settings=\"{&quot;stretch_section&quot;:&quot;section-stretched&quot;,&quot;background_background&quot;:&quot;classic&quot;}\">\n\t\t\t\t\t\t\t<div class=\"elementor-background-overlay\"><\/div>\n\t\t\t\t\t\t\t<div class=\"elementor-container elementor-column-gap-no\">\n\t\t\t\t\t<div class=\"elementor-column elementor-col-100 elementor-top-column elementor-element elementor-element-88f2249\" data-id=\"88f2249\" data-element_type=\"column\">\n\t\t\t<div class=\"elementor-widget-wrap elementor-element-populated\">\n\t\t\t\t\t\t<div class=\"elementor-element elementor-element-0685722 animated-slow elementor-invisible elementor-widget elementor-widget-heading\" data-id=\"0685722\" data-element_type=\"widget\" data-settings=\"{&quot;_animation&quot;:&quot;fadeIn&quot;}\" data-widget_type=\"heading.default\">\n\t\t\t\t<div class=\"elementor-widget-container\">\n\t\t\t\t\t<h4 class=\"elementor-heading-title elementor-size-default\">le ofrecemos<\/h4>\t\t\t\t<\/div>\n\t\t\t\t<\/div>\n\t\t\t\t<div class=\"elementor-element elementor-element-675b214 elementor-headline--style-rotate elementor-widget elementor-widget-animated-headline\" data-id=\"675b214\" data-element_type=\"widget\" data-settings=\"{&quot;headline_style&quot;:&quot;rotate&quot;,&quot;animation_type&quot;:&quot;drop-in&quot;,&quot;rotating_text&quot;:&quot;\\n\\n\\ngas log\\u00edstica formaci\\u00f3n mantenimiento reciclaje\\n&quot;,&quot;loop&quot;:&quot;yes&quot;,&quot;rotate_iteration_delay&quot;:2500}\" data-widget_type=\"animated-headline.default\">\n\t\t\t\t<div class=\"elementor-widget-container\">\n\t\t\t\t\t\t\t<h3 class=\"elementor-headline elementor-headline-animation-type-drop-in\">\n\t\t\t\t\t<span class=\"elementor-headline-plain-text elementor-headline-text-wrapper\">un servicio de<\/span>\n\t\t\t\t<span class=\"elementor-headline-dynamic-wrapper elementor-headline-text-wrapper\">\n\t\t\t\t\t<span class=\"elementor-headline-dynamic-text elementor-headline-text-active\">\n\t\t\t\t\t\t\t<\/span>\n\t\t\t\t\t<span class=\"elementor-headline-dynamic-text\">\n\t\t\t\t\t\t\t<\/span>\n\t\t\t\t\t<span class=\"elementor-headline-dynamic-text\">\n\t\t\t\t\t\t\t<\/span>\n\t\t\t\t\t<span class=\"elementor-headline-dynamic-text\">\n\t\t\t\tgas&nbsp;log\u00edstica&nbsp;formaci\u00f3n&nbsp;mantenimiento&nbsp;reciclaje\t\t\t<\/span>\n\t\t\t\t\t<span class=\"elementor-headline-dynamic-text\">\n\t\t\t\t\t\t\t<\/span>\n\t\t\t\t\t\t<\/span>\n\t\t\t\t<\/h3>\n\t\t\t\t\t\t<\/div>\n\t\t\t\t<\/div>\n\t\t\t\t\t<\/div>\n\t\t<\/div>\n\t\t\t\t\t<\/div>\n\t\t<\/section>\n\t\t\t\t<section class=\"elementor-section elementor-top-section elementor-element elementor-element-7f8fe6d elementor-section-stretched elementor-section-full_width animated-slow elementor-reverse-mobile elementor-section-height-default elementor-section-height-default elementor-invisible\" data-id=\"7f8fe6d\" data-element_type=\"section\" data-settings=\"{&quot;stretch_section&quot;:&quot;section-stretched&quot;,&quot;animation&quot;:&quot;fadeInUp&quot;}\">\n\t\t\t\t\t\t<div class=\"elementor-container elementor-column-gap-no\">\n\t\t\t\t\t<div class=\"elementor-column elementor-col-50 elementor-top-column elementor-element elementor-element-e6b75ef\" data-id=\"e6b75ef\" data-element_type=\"column\" data-settings=\"{&quot;background_background&quot;:&quot;classic&quot;}\">\n\t\t\t<div class=\"elementor-widget-wrap elementor-element-populated\">\n\t\t\t\t\t\t<div class=\"elementor-element elementor-element-3452626 elementor-widget elementor-widget-spacer\" data-id=\"3452626\" data-element_type=\"widget\" data-widget_type=\"spacer.default\">\n\t\t\t\t<div class=\"elementor-widget-container\">\n\t\t\t\t\t\t\t<div class=\"elementor-spacer\">\n\t\t\t<div class=\"elementor-spacer-inner\"><\/div>\n\t\t<\/div>\n\t\t\t\t\t\t<\/div>\n\t\t\t\t<\/div>\n\t\t\t\t<div class=\"elementor-element elementor-element-ebb4dfd elementor-hidden-mobile elementor-widget elementor-widget-tp-shape-divider\" data-id=\"ebb4dfd\" data-element_type=\"widget\" data-widget_type=\"tp-shape-divider.default\">\n\t\t\t\t<div class=\"elementor-widget-container\">\n\t\t\t\t\t<div id=\"shapeebb4dfd\" class=\"tp-plus-shape-divider shape-shape-1 shapeebb4dfd shape-right flip-right \" data-id=\"shapeebb4dfd\" data-position=\"right\" data-section-type=\"column\"><svg class=\"shape-1\" xmlns=\"http:\/\/www.w3.org\/2000\/svg\" xmlns:xlink=\"http:\/\/www.w3.org\/1999\/xlink\" width=\"44px\" height=\"200px\" viewBox=\"0 0 44 200\" preserveAspectRatio=\"none\"><g><path fill=\"rgba(255,255,255,1)\" stroke=\"#ffffff\" stroke-width=\"1\" stroke-linecap=\"butt\" stroke-linejoin=\"miter\" opacity=\"1\" d=\"M 45.703505156528365 200.19885384998346 C 45.73301315307617 190.79171752929688 45.365841356073965 101.6338238086374 45.662750244140625 0.25295501947402954 C 45.52727381388346 10.878458460172016 41.63068771362305 22.985551555951435 34.041473388671875 36.57423400878906 C 24.181148529052734 56.518985748291016 1.116410493850708 75.28781127929688 0.9567615985870361 100.19087982177734 C 1.1245900392532349 125.75543975830078 23.82019805908203 145.14585876464844 34.17644691467285 165.19732666015625 C 41.07911682128906 178.5620574951172 45.73301315307617 190.79171752929688 45.703505156528365 200.19885384998346 Z\" transform=\"matrix(1 0 0 1 -0.729369 -0.220138)\"><\/path><\/g><\/svg><i class=\" fa fa-angle-down shape-1-icon\"><\/i><a href=\"#tabs\" target=\"_blank\" rel=\"nofollow\" class=\"shape-1-url\"><\/a><\/div>\t\t\t\t<\/div>\n\t\t\t\t<\/div>\n\t\t\t\t\t<\/div>\n\t\t<\/div>\n\t\t\t\t<div class=\"elementor-column elementor-col-50 elementor-top-column elementor-element elementor-element-358be66\" data-id=\"358be66\" data-element_type=\"column\">\n\t\t\t<div class=\"elementor-widget-wrap elementor-element-populated\">\n\t\t\t\t\t\t<div class=\"elementor-element elementor-element-c04ad47 elementor-view-default elementor-widget elementor-widget-icon\" data-id=\"c04ad47\" data-element_type=\"widget\" data-widget_type=\"icon.default\">\n\t\t\t\t<div class=\"elementor-widget-container\">\n\t\t\t\t\t\t\t<div class=\"elementor-icon-wrapper\">\n\t\t\t<div class=\"elementor-icon\">\n\t\t\t<svg xmlns=\"http:\/\/www.w3.org\/2000\/svg\" viewBox=\"0 0 53.41 53.41\"><defs><style>.cls-1{fill:#13b1f0;}<\/style><\/defs><g id=\"Calque_2\" data-name=\"Calque 2\"><g id=\"Calque_1-2\" data-name=\"Calque 1\"><path class=\"cls-1\" d=\"M47.53,10,34.45,23.08a8.56,8.56,0,1,1-3.93-4L43.61,6A26.71,26.71,0,0,0,6,43.61l4.08-4.08A21,21,0,0,1,26.7,5.77v5.58A15.39,15.39,0,1,0,42.09,26.73v0h5.58v0a21,21,0,0,1-33.6,16.73L10,47.53A26.7,26.7,0,0,0,47.53,10Z\"><\/path><\/g><\/g><\/svg>\t\t\t<\/div>\n\t\t<\/div>\n\t\t\t\t\t\t<\/div>\n\t\t\t\t<\/div>\n\t\t\t\t<div class=\"elementor-element elementor-element-9548cf8 elementor-widget elementor-widget-text-editor\" data-id=\"9548cf8\" data-element_type=\"widget\" data-widget_type=\"text-editor.default\">\n\t\t\t\t<div class=\"elementor-widget-container\">\n\t\t\t\t\t\t\t\t\t<p>La satisfacci\u00f3n del cliente es nuestra m\u00e1xima prioridad.  <\/p>\t\t\t\t\t\t\t\t<\/div>\n\t\t\t\t<\/div>\n\t\t\t\t<div class=\"elementor-element elementor-element-a04e1a1 elementor-widget elementor-widget-text-editor\" data-id=\"a04e1a1\" data-element_type=\"widget\" data-widget_type=\"text-editor.default\">\n\t\t\t\t<div class=\"elementor-widget-container\">\n\t\t\t\t\t\t\t\t\t<p>Cryonic Medical ha desarrollado servicios adaptados a las necesidades de los profesionales en Francia y en el extranjero. En funci\u00f3n de las limitaciones profesionales de cada uno, la cri\u00f3nica es capaz de adaptarse para optimizar al m\u00e1ximo los resultados de la t\u00e9cnica.<\/p>\t\t\t\t\t\t\t\t<\/div>\n\t\t\t\t<\/div>\n\t\t\t\t\t<\/div>\n\t\t<\/div>\n\t\t\t\t\t<\/div>\n\t\t<\/section>\n\t\t\t\t<section class=\"elementor-section elementor-top-section elementor-element elementor-element-b6b034c elementor-section-stretched elementor-section-full_width elementor-section-height-default elementor-section-height-default\" data-id=\"b6b034c\" data-element_type=\"section\" data-settings=\"{&quot;stretch_section&quot;:&quot;section-stretched&quot;}\">\n\t\t\t\t\t\t<div class=\"elementor-container elementor-column-gap-no\">\n\t\t\t\t\t<div class=\"elementor-column elementor-col-100 elementor-top-column elementor-element elementor-element-daeec22\" data-id=\"daeec22\" data-element_type=\"column\" id=\"tabs\">\n\t\t\t<div class=\"elementor-widget-wrap elementor-element-populated\">\n\t\t\t\t\t\t<div class=\"elementor-element elementor-element-493d34f elementor-widget elementor-widget-tp-accordion\" data-id=\"493d34f\" data-element_type=\"widget\" data-widget_type=\"tp-accordion.default\">\n\t\t\t\t<div class=\"elementor-widget-container\">\n\t\t\t\t\t\r\n<div class=\"theplus-accordion-wrapper elementor-accordion  hover-style-1 \"\r\n    id=\"accordion69df9c5f1c35b\" data-accordion-id=\"accordion69df9c5f1c35b\"\r\n    data-connection=\"\"\r\n    data-accordion-type=\"accordion\"\r\n    data-heightlight-text       role=\"tablist\" >\r\n\r\n            <div class=\"theplus-accordion-item\"  role=\"tab\">\r\n            <div id=\"elementor-tab-title-7671\" class=\"elementor-tab-title plus-accordion-header active-default text-left \" data-tab=\"1\" aria-controls=\"elementor-tab-content-7671\">\r\n                                <span class=\"elementor-accordion-icon elementor-accordion-icon-left\" aria-hidden=\"true\"><i class=\"elementor-accordion-icon-closed fa fa-plus\"><\/i><i class=\"elementor-accordion-icon-opened fa fa-minus\"><\/i><\/span>\r\n                <span style=\"width:100%\">log\u00edstica del gas<\/span>                            <\/div>\r\n\r\n                        <div id=\"elementor-tab-content-7671\" class=\"elementor-tab-content elementor-clearfix plus-accordion-content active-default \" data-tab=\"1\" role=\"tabpanel\" aria-labelledby=\"elementor-tab-title-7671\">\r\n                <div class=\"plus-content-editor\" ><p><strong>\u00bfPOR QU\u00c9 CO2 M\u00c9DICO (DI\u00d3XIDO DE CARBONO)?<\/strong><br \/>El \u00abchoque t\u00e9rmico\u00bb es la clave de la eficacia de la crioterapia. Pero s\u00f3lo puede crearse cuando la temperatura es inferior a -60\u00b0. Por supuesto, este tipo de refrigeraci\u00f3n no existe, no se puede producir sin gas, por lo que es imposible que sea eficaz sin consumibles. El gas recomendado es el CO2 m\u00e9dico l\u00edquido, que se expande en el aire para producir una temperatura constante de -78\u00b0C. Por lo tanto, las botellas deben estar equipadas con un TUBO DE INMERSI\u00d3N, ya que necesitamos utilizar la fase l\u00edquida del gas.<\/p>\n<p>El CO2 es f\u00e1cil de usar, agradable, fiable y maniobrable.<\/p>\n<p><strong>LOS PUNTOS FUERTES DEL CO2<\/strong><br \/>&#8211; Propiedades f\u00edsicas y qu\u00edmicas que mejoran tu pr\u00e1ctica y la comodidad del paciente: El gas es puro, seco y bacteriost\u00e1tico. Por lo tanto, es muy c\u00f3modo y puede utilizarse alrededor de las heridas o despu\u00e9s de una intervenci\u00f3n quir\u00fargica, de forma totalmente as\u00e9ptica y sin reblandecer el tejido.<br \/>&#8211; Almacenamiento: Los cilindros deben almacenarse en un lugar seco y alejado de fuentes de calor (balneo-radiadores). No es inflamable ni peligroso.<br \/>&#8211; Ecorresponsabilidad: el CO2 utilizado procede de la combusti\u00f3n reciclada. Se purifica y limpia antes de comprimirla en nuestras botellas. Por lo tanto, no hay contaminaci\u00f3n cuando se utiliza esta t\u00e9cnica.  <\/p>\n<p><strong>LOG\u00cdSTICA<\/strong><br \/>En Francia, ofrecemos dos tipos de bombonas: bombonas de CO2 est\u00e1ndar de 10 kilos y bombonas m\u00e1s peque\u00f1as (de 1 a 2 kilos) para uso port\u00e1til. Todas las botellas son rellenables. El servicio log\u00edstico de Cryonic medical es extremadamente eficaz y podemos realizar entregas en toda Francia en un plazo de 48-72 horas, recogiendo los frascos vac\u00edos. Se comprueba la trazabilidad de las botellas y \u00e9stas se reacondicionan peri\u00f3dicamente.<\/p>\n<p>Puedes pedir tus bombonas en <a href=\"mailto:gaz@cryonic-medical.com\">gaz@cryonic-medical.com<\/a><br \/>En el extranjero, el CO2 est\u00e1 disponible en todos los proveedores de gas. Cryonic Medical trabaja con varios distribuidores locales que asesoran a los usuarios.<\/p>\n<\/div>\r\n            <\/div>\r\n                    <\/div>\r\n                <div class=\"theplus-accordion-item\"  role=\"tab\">\r\n            <div id=\"elementor-tab-title-7672\" class=\"elementor-tab-title plus-accordion-header no text-left \" data-tab=\"2\" aria-controls=\"elementor-tab-content-7672\">\r\n                                <span class=\"elementor-accordion-icon elementor-accordion-icon-left\" aria-hidden=\"true\"><i class=\"elementor-accordion-icon-closed fa fa-plus\"><\/i><i class=\"elementor-accordion-icon-opened fa fa-minus\"><\/i><\/span>\r\n                <span style=\"width:100%\">formaci\u00f3n<\/span>                            <\/div>\r\n\r\n                        <div id=\"elementor-tab-content-7672\" class=\"elementor-tab-content elementor-clearfix plus-accordion-content no \" data-tab=\"2\" role=\"tabpanel\" aria-labelledby=\"elementor-tab-title-7672\">\r\n                <div class=\"plus-content-editor\" ><p><strong>FORMACI\u00d3N M\u00c1S CERCA DE TUS NECESIDADES<\/strong><br \/>En Francia, Cryonic Medical ofrece formaci\u00f3n a los usuarios de sus equipos para que puedan optimizar el uso de la NCS y ofrecerla a sus pacientes de forma adaptada a sus necesidades. El gesto profesional y la mejora de los conocimientos son puntos fundamentales en el uso de esta t\u00e9cnica.<\/p>\n<p>En Francia continental, se ofrece un curso de formaci\u00f3n de media jornada impartido por un especialista en NeuroCrioestimulaci\u00f3n, con el siguiente programa:<br \/>&#8211; Recordatorio de los principios de la NeuroCrioestimulaci\u00f3n, su funcionamiento y sus efectos.<br \/>&#8211; Comprensi\u00f3n y definici\u00f3n del tipo de patolog\u00edas tratadas.<br \/>&#8211; Aplicaciones pr\u00e1cticas y gestos t\u00e9cnicos &#8211; tratamientos en pacientes.  <\/p>\n<p>Tras la sesi\u00f3n de formaci\u00f3n de media jornada se expide un certificado del curso. Puede ofrecerse en la sede de Cryonic M\u00e9dical en Besan\u00e7on (25000-FR), en sus instalaciones o en centros especializados en NCS repartidos por toda Francia.<\/p>\n<p><strong>PARA TODOS LOS CURSOS EN EL EXTRANJERO<\/strong><\/p>\n<p>Los socios internacionales est\u00e1n presentes en muchos pa\u00edses y est\u00e1n acreditados por Cryonic Medical para ofrecer formaci\u00f3n a sus clientes que utilizan la t\u00e9cnica de NeuroCryoStimulation. Cryonic Medical expide los certificados al final del curso.<\/p>\n<p>Muchos pacientes nos piden los datos de contacto de profesionales formados en nuestra t\u00e9cnica, por lo que nuestra lista se actualiza con regularidad. Adem\u00e1s, contamos con una red de profesionales sanitarios por especialidad que llevan muchos a\u00f1os utilizando NCS y que pueden ayudarle con cualquier petici\u00f3n especial que tenga.<\/p>\n<\/div>\r\n            <\/div>\r\n                    <\/div>\r\n                <div class=\"theplus-accordion-item\"  role=\"tab\">\r\n            <div id=\"elementor-tab-title-7673\" class=\"elementor-tab-title plus-accordion-header no text-left \" data-tab=\"3\" aria-controls=\"elementor-tab-content-7673\">\r\n                                <span class=\"elementor-accordion-icon elementor-accordion-icon-left\" aria-hidden=\"true\"><i class=\"elementor-accordion-icon-closed fa fa-plus\"><\/i><i class=\"elementor-accordion-icon-opened fa fa-minus\"><\/i><\/span>\r\n                <span style=\"width:100%\">calidad y mantenimiento<\/span>                            <\/div>\r\n\r\n                        <div id=\"elementor-tab-content-7673\" class=\"elementor-tab-content elementor-clearfix plus-accordion-content no \" data-tab=\"3\" role=\"tabpanel\" aria-labelledby=\"elementor-tab-title-7673\">\r\n                <div class=\"plus-content-editor\" ><p><strong>EL SISTEMA DE CALIDAD<\/strong><br \/>Cada a\u00f1o, un organismo certificador inspecciona a las empresas que fabrican productos sanitarios. Deben cumplir las normas m\u00e9dicas europeas y responder a las exigencias de las directivas y reglamentos vigentes.<br \/>Gracias al rigor de su sistema, a su equipo y al compromiso de cada colaborador, Cryonic Medical dispone de varias certificaciones y homologaciones que le permiten vender sus productos sanitarios en diferentes mercados internacionales y en todos los hospitales: <br \/><strong>&#8211; Certificaci\u00f3n: ISO 13485  <\/strong><\/p>\n<p>No dude en comprobar el marcado m\u00e9dico CE de los equipos que utilice. En caso de siniestro, su aseguradora se lo pedir\u00e1.<\/p>\n<p><strong>MANTENIMIENTO Y SERVICIO POST-VENTA<\/strong><br \/>En Francia:<br \/>CRYONIC MEDICAL pondr\u00e1 a tu disposici\u00f3n un t\u00e9cnico posventa especializado en equipos CRYONIC MEDICAL.<br \/>El servicio en l\u00ednea te permite identificar la aver\u00eda, si la hay, y resolverla por tel\u00e9fono en la mayor\u00eda de los casos. Si el diagn\u00f3stico requiere una intervenci\u00f3n, se ofrecen varias soluciones, incluida la posibilidad de enviar un dispositivo en pr\u00e9stamo mientras dure la intervenci\u00f3n. La capacidad de respuesta de este servicio es uno de los puntos fuertes de Cryonic Medical.<\/p>\n<p>Fuera de Francia:<br \/>Nuestros distribuidores y revendedores est\u00e1n formados para responder a todas las preguntas t\u00e9cnicas. Si tienes un problema espec\u00edfico, pueden ponerse en contacto con nuestros ingenieros o puedes enviar tu solicitud directamente a technique@cryonic-medical.com <br \/>. Tambi\u00e9n disponemos de asistencia por v\u00eddeo Skype. <\/p>\n<\/div>\r\n            <\/div>\r\n                    <\/div>\r\n                <div class=\"theplus-accordion-item\"  role=\"tab\">\r\n            <div id=\"elementor-tab-title-7674\" class=\"elementor-tab-title plus-accordion-header no text-left \" data-tab=\"4\" aria-controls=\"elementor-tab-content-7674\">\r\n                                <span class=\"elementor-accordion-icon elementor-accordion-icon-left\" aria-hidden=\"true\"><i class=\"elementor-accordion-icon-closed fa fa-plus\"><\/i><i class=\"elementor-accordion-icon-opened fa fa-minus\"><\/i><\/span>\r\n                <span style=\"width:100%\">reciclaje<\/span>                            <\/div>\r\n\r\n                        <div id=\"elementor-tab-content-7674\" class=\"elementor-tab-content elementor-clearfix plus-accordion-content no \" data-tab=\"4\" role=\"tabpanel\" aria-labelledby=\"elementor-tab-title-7674\">\r\n                <div class=\"plus-content-editor\" ><p>CRYONIC MEDICAL financia el programa de reciclaje WEEE Pro, que recupera gratuitamente aparatos el\u00e9ctricos de iluminaci\u00f3n, equipos de control y supervisi\u00f3n y dispositivos m\u00e9dicos usados (m\u00e1s informaci\u00f3n en <a href=\"http:\/\/www.recylum.com\" target=\"_blank\" rel=\"noopener\">www.ecosystem.com)<\/a>.<\/p>\n<p><a href=\"http:\/\/www.recylum.com\" target=\"_blank\" rel=\"noopener\"><img decoding=\"async\" class=\"alignnone size-medium wp-image-7767\" src=\"https:\/\/cryonic-medical.com\/wp-content\/uploads\/2020\/04\/logo-300x73.png\" alt=\"\" width=\"300\" height=\"73\" srcset=\"https:\/\/cryonic-medical.com\/wp-content\/uploads\/2020\/04\/logo-300x73.png 300w, https:\/\/cryonic-medical.com\/wp-content\/uploads\/2020\/04\/logo-1024x250.png 1024w, https:\/\/cryonic-medical.com\/wp-content\/uploads\/2020\/04\/logo.png 1154w\" sizes=\"(max-width: 300px) 100vw, 300px\" \/><\/a><\/p>\n<\/div>\r\n            <\/div>\r\n                    <\/div>\r\n        \r\n<\/div>\r\n\t\t\t\t<\/div>\n\t\t\t\t<\/div>\n\t\t\t\t\t<\/div>\n\t\t<\/div>\n\t\t\t\t\t<\/div>\n\t\t<\/section>\n\t\t\t\t<\/div>\n\t\t","protected":false},"excerpt":{"rendered":"<p>le ofrecemos un servicio de gas&nbsp;log\u00edstica&nbsp;formaci\u00f3n&nbsp;mantenimiento&nbsp;reciclaje La satisfacci\u00f3n del cliente es nuestra m\u00e1xima prioridad. Cryonic Medical ha desarrollado servicios adaptados a las necesidades de los profesionales en Francia y en el extranjero. En funci\u00f3n de las limitaciones profesionales de cada uno, la cri\u00f3nica es capaz de adaptarse para optimizar al m\u00e1ximo los resultados de la [&hellip;]<\/p>\n","protected":false},"author":1,"featured_media":0,"parent":0,"menu_order":0,"comment_status":"closed","ping_status":"closed","template":"","meta":{"footnotes":""},"class_list":["post-17262","page","type-page","status-publish","hentry"],"_links":{"self":[{"href":"https:\/\/cryonic-medical.com\/es\/wp-json\/wp\/v2\/pages\/17262","targetHints":{"allow":["GET"]}}],"collection":[{"href":"https:\/\/cryonic-medical.com\/es\/wp-json\/wp\/v2\/pages"}],"about":[{"href":"https:\/\/cryonic-medical.com\/es\/wp-json\/wp\/v2\/types\/page"}],"author":[{"embeddable":true,"href":"https:\/\/cryonic-medical.com\/es\/wp-json\/wp\/v2\/users\/1"}],"replies":[{"embeddable":true,"href":"https:\/\/cryonic-medical.com\/es\/wp-json\/wp\/v2\/comments?post=17262"}],"version-history":[{"count":14,"href":"https:\/\/cryonic-medical.com\/es\/wp-json\/wp\/v2\/pages\/17262\/revisions"}],"predecessor-version":[{"id":18551,"href":"https:\/\/cryonic-medical.com\/es\/wp-json\/wp\/v2\/pages\/17262\/revisions\/18551"}],"wp:attachment":[{"href":"https:\/\/cryonic-medical.com\/es\/wp-json\/wp\/v2\/media?parent=17262"}],"curies":[{"name":"wp","href":"https:\/\/api.w.org\/{rel}","templated":true}]}}