{"id":17680,"date":"2023-09-17T18:20:25","date_gmt":"2023-09-17T16:20:25","guid":{"rendered":"https:\/\/cryonic-medical.com\/rechtliche-hinweise\/"},"modified":"2025-01-20T18:20:49","modified_gmt":"2025-01-20T17:20:49","slug":"rechtliche-hinweise","status":"publish","type":"page","link":"https:\/\/cryonic-medical.com\/de\/rechtliche-hinweise\/","title":{"rendered":"Rechtliche Hinweise"},"content":{"rendered":"\t\t<div data-elementor-type=\"wp-page\" data-elementor-id=\"17680\" class=\"elementor elementor-17680 elementor-3\" data-elementor-post-type=\"page\">\n\t\t\t\t\t\t<section class=\"elementor-section elementor-top-section elementor-element elementor-element-97b82e8 elementor-section-full_width elementor-section-height-default elementor-section-height-default\" data-id=\"97b82e8\" data-element_type=\"section\">\n\t\t\t\t\t\t<div class=\"elementor-container elementor-column-gap-default\">\n\t\t\t\t\t<div class=\"elementor-column elementor-col-100 elementor-top-column elementor-element elementor-element-f93527f\" data-id=\"f93527f\" data-element_type=\"column\">\n\t\t\t<div class=\"elementor-widget-wrap elementor-element-populated\">\n\t\t\t\t\t\t<div class=\"elementor-element elementor-element-e9dccf4 elementor-widget elementor-widget-heading\" data-id=\"e9dccf4\" data-element_type=\"widget\" data-widget_type=\"heading.default\">\n\t\t\t\t<div class=\"elementor-widget-container\">\n\t\t\t\t\t<h2 class=\"elementor-heading-title elementor-size-default\">rechtliche Hinweise<\/h2>\t\t\t\t<\/div>\n\t\t\t\t<\/div>\n\t\t\t\t<div class=\"elementor-element elementor-element-4a2c897 elementor-widget elementor-widget-spacer\" data-id=\"4a2c897\" data-element_type=\"widget\" data-widget_type=\"spacer.default\">\n\t\t\t\t<div class=\"elementor-widget-container\">\n\t\t\t\t\t\t\t<div class=\"elementor-spacer\">\n\t\t\t<div class=\"elementor-spacer-inner\"><\/div>\n\t\t<\/div>\n\t\t\t\t\t\t<\/div>\n\t\t\t\t<\/div>\n\t\t\t\t<div class=\"elementor-element elementor-element-e4e141e elementor-widget elementor-widget-heading\" data-id=\"e4e141e\" data-element_type=\"widget\" data-widget_type=\"heading.default\">\n\t\t\t\t<div class=\"elementor-widget-container\">\n\t\t\t\t\t<h2 class=\"elementor-heading-title elementor-size-default\">Besitzer<\/h2>\t\t\t\t<\/div>\n\t\t\t\t<\/div>\n\t\t\t\t<div class=\"elementor-element elementor-element-cfab718 elementor-widget elementor-widget-text-editor\" data-id=\"cfab718\" data-element_type=\"widget\" data-widget_type=\"text-editor.default\">\n\t\t\t\t<div class=\"elementor-widget-container\">\n\t\t\t\t\t\t\t\t\t<p><strong>Eigent\u00fcmer der Website:<\/strong> Cryonic Medical SAS<br \/> SIRET<strong>:<\/strong> 78905851800026 <br \/> RCS<strong>Besan\u00e7on:<\/strong> B789 058 518 <br \/><strong>SAS mit einem Kapital<\/strong> von<strong>:<\/strong> 50.000,00 Euro<br \/><strong>Sitz der Gesellschaft<\/strong><strong>:<\/strong> 6 rue Berthelot 25000 Besan\u00e7on<\/p>\n\t\t\t\t\t\t\t\t<\/div>\n\t\t\t\t<\/div>\n\t\t\t\t<div class=\"elementor-element elementor-element-f95e6da elementor-widget elementor-widget-heading\" data-id=\"f95e6da\" data-element_type=\"widget\" data-widget_type=\"heading.default\">\n\t\t\t\t<div class=\"elementor-widget-container\">\n\t\t\t\t\t<h2 class=\"elementor-heading-title elementor-size-default\">Website und Hosting<\/h2>\t\t\t\t<\/div>\n\t\t\t\t<\/div>\n\t\t\t\t<div class=\"elementor-element elementor-element-29b1da3 elementor-widget elementor-widget-text-editor\" data-id=\"29b1da3\" data-element_type=\"widget\" data-widget_type=\"text-editor.default\">\n\t\t\t\t<div class=\"elementor-widget-container\">\n\t\t\t\t\t\t\t\t\t<p>Die Adresse unserer Website ist: https:\/\/cryonic-medical.com.  <br \/>Hosting : OVH SAS &#8211; 2 rue Kellermann, Roubaix &#8211; FRANCE<\/p>\n\t\t\t\t\t\t\t\t<\/div>\n\t\t\t\t<\/div>\n\t\t\t\t<div class=\"elementor-element elementor-element-e7d6086 elementor-widget elementor-widget-heading\" data-id=\"e7d6086\" data-element_type=\"widget\" data-widget_type=\"heading.default\">\n\t\t\t\t<div class=\"elementor-widget-container\">\n\t\t\t\t\t<h2 class=\"elementor-heading-title elementor-size-default\">Computer- und Freiheitsgesetz<\/h2>\t\t\t\t<\/div>\n\t\t\t\t<\/div>\n\t\t\t\t<div class=\"elementor-element elementor-element-d706283 elementor-widget elementor-widget-text-editor\" data-id=\"d706283\" data-element_type=\"widget\" data-widget_type=\"text-editor.default\">\n\t\t\t\t<div class=\"elementor-widget-container\">\n\t\t\t\t\t\t\t\t\t<p>Gem\u00e4\u00df dem franz\u00f6sischen Datenschutzgesetz vom 6. Januar 1978 informieren wir Sie dar\u00fcber, dass Sie das Recht haben, auf Ihren Beitrag zuzugreifen, ihn zu \u00e4ndern, zu berichtigen und zu l\u00f6schen. Schreiben Sie dazu an den Hauptsitz des Unternehmens. Die Informationen, die von Personen \u00fcber das Kontaktformular gesammelt werden, d\u00fcrfen nicht an andere Personen weitergegeben werden, die nicht zu unserem Unternehmen geh\u00f6ren. Wie es das Gesetz \u00fcber Informatik und Freiheiten verlangt, informieren wir Sie jedoch, dass Ihre Antworten freiwillig sind und dass das Ausbleiben einer Antwort keine besonderen Konsequenzen nach sich ziehen wird. Dennoch m\u00fcssen Ihre Antworten ausreichend sein, damit wir die Informationen verarbeiten k\u00f6nnen.<\/p>\n\t\t\t\t\t\t\t\t<\/div>\n\t\t\t\t<\/div>\n\t\t\t\t<div class=\"elementor-element elementor-element-4660c57 elementor-widget elementor-widget-heading\" data-id=\"4660c57\" data-element_type=\"widget\" data-widget_type=\"heading.default\">\n\t\t\t\t<div class=\"elementor-widget-container\">\n\t\t\t\t\t<h2 class=\"elementor-heading-title elementor-size-default\">F\u00e4lschung<\/h2>\t\t\t\t<\/div>\n\t\t\t\t<\/div>\n\t\t\t\t<div class=\"elementor-element elementor-element-26a1273 elementor-widget elementor-widget-text-editor\" data-id=\"26a1273\" data-element_type=\"widget\" data-widget_type=\"text-editor.default\">\n\t\t\t\t<div class=\"elementor-widget-container\">\n\t\t\t\t\t\t\t\t\t<p>Jede Vervielf\u00e4ltigung oder Darstellung, ganz oder teilweise, zu anderen Zwecken auf irgendeinem Medium ist untersagt. Die Nichtbeachtung dieses Verbots stellt eine F\u00e4lschung dar, f\u00fcr die der F\u00e4lscher zivil- und strafrechtlich haftbar gemacht werden kann. Die Informationen in diesem Service sind unverbindlich und k\u00f6nnen ohne Vorank\u00fcndigung ge\u00e4ndert werden.<\/p>\n\t\t\t\t\t\t\t\t<\/div>\n\t\t\t\t<\/div>\n\t\t\t\t<div class=\"elementor-element elementor-element-1a035af elementor-widget elementor-widget-heading\" data-id=\"1a035af\" data-element_type=\"widget\" data-widget_type=\"heading.default\">\n\t\t\t\t<div class=\"elementor-widget-container\">\n\t\t\t\t\t<h2 class=\"elementor-heading-title elementor-size-default\">Cookies<\/h2>\t\t\t\t<\/div>\n\t\t\t\t<\/div>\n\t\t\t\t<div class=\"elementor-element elementor-element-9b17b54 elementor-widget elementor-widget-text-editor\" data-id=\"9b17b54\" data-element_type=\"widget\" data-widget_type=\"text-editor.default\">\n\t\t\t\t<div class=\"elementor-widget-container\">\n\t\t\t\t\t\t\t\t\tWenn Sie einen Kommentar auf unserer Website abgeben, wird Ihnen angeboten, Ihren Namen, Ihre E-Mail-Adresse und Ihre Website in Cookies zu speichern. Dies dient lediglich Ihrer Bequemlichkeit, damit Sie diese Informationen nicht eingeben m\u00fcssen, wenn Sie sp\u00e4ter einen weiteren Kommentar abgeben. Diese Cookies laufen nach einem Jahr ab. Wenn Sie die Anmeldeseite aufrufen, wird ein tempor\u00e4res Cookie erstellt, um festzustellen, ob Ihr Browser Cookies akzeptiert. Sie enth\u00e4lt keine pers\u00f6nlichen Daten und wird automatisch gel\u00f6scht, wenn Sie Ihren Browser schlie\u00dfen. Wenn Sie sich anmelden, werden wir eine Reihe von Cookies setzen, um Ihre Anmeldeinformationen und Bildschirmeinstellungen zu speichern. Die Lebensdauer eines Verbindungs-Cookies betr\u00e4gt zwei Tage, die eines Bildschirmoptions-Cookies ein Jahr. Wenn Sie &#8222;An mich erinnern&#8220; ankreuzen, wird Ihr Anmelde-Cookie zwei Wochen lang gespeichert. Wenn Sie sich von Ihrem Konto abmelden, wird das Anmelde-Cookie gel\u00f6scht. Wenn Sie einen Beitrag bearbeiten oder ver\u00f6ffentlichen, wird ein zus\u00e4tzliches Cookie in Ihrem Browser gespeichert. Dieses Cookie enth\u00e4lt keine personenbezogenen Daten. Er zeigt lediglich die id des Beitrags an, den Sie gerade bearbeitet haben. Er l\u00e4uft nach einem Tag ab.  \t\t\t\t\t\t\t\t<\/div>\n\t\t\t\t<\/div>\n\t\t\t\t<div class=\"elementor-element elementor-element-94cd822 elementor-widget elementor-widget-heading\" data-id=\"94cd822\" data-element_type=\"widget\" data-widget_type=\"heading.default\">\n\t\t\t\t<div class=\"elementor-widget-container\">\n\t\t\t\t\t<h2 class=\"elementor-heading-title elementor-size-default\">eingebettete Inhalte von anderen Seiten<\/h2>\t\t\t\t<\/div>\n\t\t\t\t<\/div>\n\t\t\t\t<div class=\"elementor-element elementor-element-15b8103 elementor-widget elementor-widget-text-editor\" data-id=\"15b8103\" data-element_type=\"widget\" data-widget_type=\"text-editor.default\">\n\t\t\t\t<div class=\"elementor-widget-container\">\n\t\t\t\t\t\t\t\t\tDie Artikel auf dieser Website k\u00f6nnen eingebettete Inhalte enthalten (z. B. Videos, Bilder, Artikel &#8230;). Inhalte, die von anderen Websites eingebunden werden, verhalten sich so, als w\u00fcrde der Besucher diese andere Website besuchen. Diese Webseiten k\u00f6nnen Daten \u00fcber Sie sammeln, Cookies verwenden, Tracking-Tools von Dritten einbetten und Ihre Interaktionen mit diesen eingebetteten Inhalten verfolgen, wenn Sie ein angemeldetes Konto auf ihrer Webseite haben.  \t\t\t\t\t\t\t\t<\/div>\n\t\t\t\t<\/div>\n\t\t\t\t<div class=\"elementor-element elementor-element-1e94f53 elementor-widget elementor-widget-heading\" data-id=\"1e94f53\" data-element_type=\"widget\" data-widget_type=\"heading.default\">\n\t\t\t\t<div class=\"elementor-widget-container\">\n\t\t\t\t\t<h2 class=\"elementor-heading-title elementor-size-default\">Verwendung und Weitergabe Ihrer pers\u00f6nlichen Daten<\/h2>\t\t\t\t<\/div>\n\t\t\t\t<\/div>\n\t\t\t\t<div class=\"elementor-element elementor-element-cc545f8 elementor-widget elementor-widget-text-editor\" data-id=\"cc545f8\" data-element_type=\"widget\" data-widget_type=\"text-editor.default\">\n\t\t\t\t<div class=\"elementor-widget-container\">\n\t\t\t\t\t\t\t\t\t<p>F\u00fcr Nutzerinnen und Nutzer, die sich auf unserer Seite registrieren (sofern dies m\u00f6glich ist), speichern wir auch die in ihrem Profil angegebenen pers\u00f6nlichen Daten. Alle Nutzerinnen und Nutzer k\u00f6nnen ihre pers\u00f6nlichen Informationen (mit Ausnahme ihres Benutzernamens) jederzeit einsehen, \u00e4ndern oder l\u00f6schen. Auch die Verwalter der Website k\u00f6nnen diese Informationen einsehen und \u00e4ndern.<\/p>\n\t\t\t\t\t\t\t\t<\/div>\n\t\t\t\t<\/div>\n\t\t\t\t<div class=\"elementor-element elementor-element-d67e680 elementor-widget elementor-widget-heading\" data-id=\"d67e680\" data-element_type=\"widget\" data-widget_type=\"heading.default\">\n\t\t\t\t<div class=\"elementor-widget-container\">\n\t\t\t\t\t<h2 class=\"elementor-heading-title elementor-size-default\">Rechte an Ihren Daten<\/h2>\t\t\t\t<\/div>\n\t\t\t\t<\/div>\n\t\t\t\t<div class=\"elementor-element elementor-element-576aca9 elementor-widget elementor-widget-text-editor\" data-id=\"576aca9\" data-element_type=\"widget\" data-widget_type=\"text-editor.default\">\n\t\t\t\t<div class=\"elementor-widget-container\">\n\t\t\t\t\t\t\t\t\t<p>Wenn Sie ein Konto haben oder Kommentare auf der Website hinterlassen haben, k\u00f6nnen Sie eine Datei anfordern, die alle personenbezogenen Daten enth\u00e4lt, die wir \u00fcber Sie haben, einschlie\u00dflich der Daten, die Sie uns zur Verf\u00fcgung gestellt haben. Sie k\u00f6nnen auch die L\u00f6schung Ihrer personenbezogenen Daten verlangen. Dies gilt nicht f\u00fcr Daten, die f\u00fcr administrative, rechtliche oder Sicherheitszwecke gespeichert werden.<\/p>\n\t\t\t\t\t\t\t\t<\/div>\n\t\t\t\t<\/div>\n\t\t\t\t<div class=\"elementor-element elementor-element-4f2de39 elementor-widget elementor-widget-heading\" data-id=\"4f2de39\" data-element_type=\"widget\" data-widget_type=\"heading.default\">\n\t\t\t\t<div class=\"elementor-widget-container\">\n\t\t\t\t\t<h2 class=\"elementor-heading-title elementor-size-default\">Kontaktinformationen<\/h2>\t\t\t\t<\/div>\n\t\t\t\t<\/div>\n\t\t\t\t<div class=\"elementor-element elementor-element-b940254 elementor-widget elementor-widget-text-editor\" data-id=\"b940254\" data-element_type=\"widget\" data-widget_type=\"text-editor.default\">\n\t\t\t\t<div class=\"elementor-widget-container\">\n\t\t\t\t\t\t\t\t\t<p>F\u00fcr alle Informationen bez\u00fcglich der Nutzung, des Schutzes und Ihrer Rechte in Bezug auf Daten wenden Sie sich bitte direkt an den Webmaster unter webmaster@cryonic-medical.com. F\u00fcr allgemeine oder kommerzielle Informationen wenden Sie sich bitte direkt an uns, entweder \u00fcber unsere Kontaktseite oder direkt per E-Mail an commercial@cryonic-medical.com oder telefonisch unter 03 81 54 35 40.  <\/p>\n\t\t\t\t\t\t\t\t<\/div>\n\t\t\t\t<\/div>\n\t\t\t\t<div class=\"elementor-element elementor-element-a718e0c elementor-widget elementor-widget-spacer\" data-id=\"a718e0c\" data-element_type=\"widget\" data-widget_type=\"spacer.default\">\n\t\t\t\t<div class=\"elementor-widget-container\">\n\t\t\t\t\t\t\t<div class=\"elementor-spacer\">\n\t\t\t<div class=\"elementor-spacer-inner\"><\/div>\n\t\t<\/div>\n\t\t\t\t\t\t<\/div>\n\t\t\t\t<\/div>\n\t\t\t\t\t<\/div>\n\t\t<\/div>\n\t\t\t\t\t<\/div>\n\t\t<\/section>\n\t\t\t\t<\/div>\n\t\t","protected":false},"excerpt":{"rendered":"<p>rechtliche Hinweise Besitzer Eigent\u00fcmer der Website: Cryonic Medical SAS SIRET: 78905851800026 RCSBesan\u00e7on: B789 058 518 SAS mit einem Kapital von: 50.000,00 EuroSitz der Gesellschaft: 6 rue Berthelot 25000 Besan\u00e7on Website und Hosting Die Adresse unserer Website ist: https:\/\/cryonic-medical.com. Hosting : OVH SAS &#8211; 2 rue Kellermann, Roubaix &#8211; FRANCE Computer- und Freiheitsgesetz Gem\u00e4\u00df dem franz\u00f6sischen [&hellip;]<\/p>\n","protected":false},"author":1,"featured_media":0,"parent":0,"menu_order":0,"comment_status":"closed","ping_status":"closed","template":"","meta":{"footnotes":""},"class_list":["post-17680","page","type-page","status-publish","hentry"],"_links":{"self":[{"href":"https:\/\/cryonic-medical.com\/de\/wp-json\/wp\/v2\/pages\/17680","targetHints":{"allow":["GET"]}}],"collection":[{"href":"https:\/\/cryonic-medical.com\/de\/wp-json\/wp\/v2\/pages"}],"about":[{"href":"https:\/\/cryonic-medical.com\/de\/wp-json\/wp\/v2\/types\/page"}],"author":[{"embeddable":true,"href":"https:\/\/cryonic-medical.com\/de\/wp-json\/wp\/v2\/users\/1"}],"replies":[{"embeddable":true,"href":"https:\/\/cryonic-medical.com\/de\/wp-json\/wp\/v2\/comments?post=17680"}],"version-history":[{"count":2,"href":"https:\/\/cryonic-medical.com\/de\/wp-json\/wp\/v2\/pages\/17680\/revisions"}],"predecessor-version":[{"id":18247,"href":"https:\/\/cryonic-medical.com\/de\/wp-json\/wp\/v2\/pages\/17680\/revisions\/18247"}],"wp:attachment":[{"href":"https:\/\/cryonic-medical.com\/de\/wp-json\/wp\/v2\/media?parent=17680"}],"curies":[{"name":"wp","href":"https:\/\/api.w.org\/{rel}","templated":true}]}}