{"id":17215,"date":"2023-09-15T09:59:35","date_gmt":"2023-09-15T07:59:35","guid":{"rendered":"https:\/\/cryonic-medical.com\/unsere-dienstleistungen\/"},"modified":"2025-10-20T10:50:06","modified_gmt":"2025-10-20T08:50:06","slug":"unsere-dienstleistungen","status":"publish","type":"page","link":"https:\/\/cryonic-medical.com\/de\/unsere-dienstleistungen\/","title":{"rendered":"Unsere Dienstleistungen"},"content":{"rendered":"\t\t<div data-elementor-type=\"wp-post\" data-elementor-id=\"17215\" class=\"elementor elementor-17215 elementor-2656\" data-elementor-post-type=\"page\">\n\t\t\t\t\t\t<section class=\"elementor-section elementor-top-section elementor-element elementor-element-2f5870d elementor-section-stretched elementor-section-height-min-height elementor-section-content-middle elementor-section-boxed elementor-section-height-default elementor-section-items-middle\" data-id=\"2f5870d\" data-element_type=\"section\" data-settings=\"{&quot;stretch_section&quot;:&quot;section-stretched&quot;,&quot;background_background&quot;:&quot;classic&quot;}\">\n\t\t\t\t\t\t\t<div class=\"elementor-background-overlay\"><\/div>\n\t\t\t\t\t\t\t<div class=\"elementor-container elementor-column-gap-no\">\n\t\t\t\t\t<div class=\"elementor-column elementor-col-100 elementor-top-column elementor-element elementor-element-88f2249\" data-id=\"88f2249\" data-element_type=\"column\">\n\t\t\t<div class=\"elementor-widget-wrap elementor-element-populated\">\n\t\t\t\t\t\t<div class=\"elementor-element elementor-element-0685722 animated-slow elementor-invisible elementor-widget elementor-widget-heading\" data-id=\"0685722\" data-element_type=\"widget\" data-settings=\"{&quot;_animation&quot;:&quot;fadeIn&quot;}\" data-widget_type=\"heading.default\">\n\t\t\t\t<div class=\"elementor-widget-container\">\n\t\t\t\t\t<h4 class=\"elementor-heading-title elementor-size-default\">wir bieten Ihnen<\/h4>\t\t\t\t<\/div>\n\t\t\t\t<\/div>\n\t\t\t\t<div class=\"elementor-element elementor-element-675b214 elementor-headline--style-rotate elementor-widget elementor-widget-animated-headline\" data-id=\"675b214\" data-element_type=\"widget\" data-settings=\"{&quot;headline_style&quot;:&quot;rotate&quot;,&quot;animation_type&quot;:&quot;drop-in&quot;,&quot;rotating_text&quot;:&quot;Gaslogistik\\nSchulungen\\nWartung\\nRecycling\\n&quot;,&quot;loop&quot;:&quot;yes&quot;,&quot;rotate_iteration_delay&quot;:2500}\" data-widget_type=\"animated-headline.default\">\n\t\t\t\t<div class=\"elementor-widget-container\">\n\t\t\t\t\t\t\t<h3 class=\"elementor-headline elementor-headline-animation-type-drop-in\">\n\t\t\t\t\t<span class=\"elementor-headline-plain-text elementor-headline-text-wrapper\">ein Service von<\/span>\n\t\t\t\t<span class=\"elementor-headline-dynamic-wrapper elementor-headline-text-wrapper\">\n\t\t\t\t\t<span class=\"elementor-headline-dynamic-text elementor-headline-text-active\">\n\t\t\t\tGaslogistik\t\t\t<\/span>\n\t\t\t\t\t<span class=\"elementor-headline-dynamic-text\">\n\t\t\t\tSchulungen\t\t\t<\/span>\n\t\t\t\t\t<span class=\"elementor-headline-dynamic-text\">\n\t\t\t\tWartung\t\t\t<\/span>\n\t\t\t\t\t<span class=\"elementor-headline-dynamic-text\">\n\t\t\t\tRecycling\t\t\t<\/span>\n\t\t\t\t\t<span class=\"elementor-headline-dynamic-text\">\n\t\t\t\t\t\t\t<\/span>\n\t\t\t\t\t\t<\/span>\n\t\t\t\t<\/h3>\n\t\t\t\t\t\t<\/div>\n\t\t\t\t<\/div>\n\t\t\t\t\t<\/div>\n\t\t<\/div>\n\t\t\t\t\t<\/div>\n\t\t<\/section>\n\t\t\t\t<section class=\"elementor-section elementor-top-section elementor-element elementor-element-7f8fe6d elementor-section-stretched elementor-section-full_width animated-slow elementor-reverse-mobile elementor-section-height-default elementor-section-height-default elementor-invisible\" data-id=\"7f8fe6d\" data-element_type=\"section\" data-settings=\"{&quot;stretch_section&quot;:&quot;section-stretched&quot;,&quot;animation&quot;:&quot;fadeInUp&quot;}\">\n\t\t\t\t\t\t<div class=\"elementor-container elementor-column-gap-no\">\n\t\t\t\t\t<div class=\"elementor-column elementor-col-50 elementor-top-column elementor-element elementor-element-e6b75ef\" data-id=\"e6b75ef\" data-element_type=\"column\" data-settings=\"{&quot;background_background&quot;:&quot;classic&quot;}\">\n\t\t\t<div class=\"elementor-widget-wrap elementor-element-populated\">\n\t\t\t\t\t\t<div class=\"elementor-element elementor-element-3452626 elementor-widget elementor-widget-spacer\" data-id=\"3452626\" data-element_type=\"widget\" data-widget_type=\"spacer.default\">\n\t\t\t\t<div class=\"elementor-widget-container\">\n\t\t\t\t\t\t\t<div class=\"elementor-spacer\">\n\t\t\t<div class=\"elementor-spacer-inner\"><\/div>\n\t\t<\/div>\n\t\t\t\t\t\t<\/div>\n\t\t\t\t<\/div>\n\t\t\t\t<div class=\"elementor-element elementor-element-ebb4dfd elementor-hidden-mobile elementor-widget elementor-widget-tp-shape-divider\" data-id=\"ebb4dfd\" data-element_type=\"widget\" data-widget_type=\"tp-shape-divider.default\">\n\t\t\t\t<div class=\"elementor-widget-container\">\n\t\t\t\t\t<div id=\"shapeebb4dfd\" class=\"tp-plus-shape-divider shape-shape-1 shapeebb4dfd shape-right flip-right \" data-id=\"shapeebb4dfd\" data-position=\"right\" data-section-type=\"column\"><svg class=\"shape-1\" xmlns=\"http:\/\/www.w3.org\/2000\/svg\" xmlns:xlink=\"http:\/\/www.w3.org\/1999\/xlink\" width=\"44px\" height=\"200px\" viewBox=\"0 0 44 200\" preserveAspectRatio=\"none\"><g><path fill=\"rgba(255,255,255,1)\" stroke=\"#ffffff\" stroke-width=\"1\" stroke-linecap=\"butt\" stroke-linejoin=\"miter\" opacity=\"1\" d=\"M 45.703505156528365 200.19885384998346 C 45.73301315307617 190.79171752929688 45.365841356073965 101.6338238086374 45.662750244140625 0.25295501947402954 C 45.52727381388346 10.878458460172016 41.63068771362305 22.985551555951435 34.041473388671875 36.57423400878906 C 24.181148529052734 56.518985748291016 1.116410493850708 75.28781127929688 0.9567615985870361 100.19087982177734 C 1.1245900392532349 125.75543975830078 23.82019805908203 145.14585876464844 34.17644691467285 165.19732666015625 C 41.07911682128906 178.5620574951172 45.73301315307617 190.79171752929688 45.703505156528365 200.19885384998346 Z\" transform=\"matrix(1 0 0 1 -0.729369 -0.220138)\"><\/path><\/g><\/svg><i class=\" fa fa-angle-down shape-1-icon\"><\/i><a href=\"#tabs\" target=\"_blank\" rel=\"nofollow\" class=\"shape-1-url\"><\/a><\/div>\t\t\t\t<\/div>\n\t\t\t\t<\/div>\n\t\t\t\t\t<\/div>\n\t\t<\/div>\n\t\t\t\t<div class=\"elementor-column elementor-col-50 elementor-top-column elementor-element elementor-element-358be66\" data-id=\"358be66\" data-element_type=\"column\">\n\t\t\t<div class=\"elementor-widget-wrap elementor-element-populated\">\n\t\t\t\t\t\t<div class=\"elementor-element elementor-element-c04ad47 elementor-view-default elementor-widget elementor-widget-icon\" data-id=\"c04ad47\" data-element_type=\"widget\" data-widget_type=\"icon.default\">\n\t\t\t\t<div class=\"elementor-widget-container\">\n\t\t\t\t\t\t\t<div class=\"elementor-icon-wrapper\">\n\t\t\t<div class=\"elementor-icon\">\n\t\t\t<svg xmlns=\"http:\/\/www.w3.org\/2000\/svg\" viewBox=\"0 0 53.41 53.41\"><defs><style>.cls-1{fill:#13b1f0;}<\/style><\/defs><g id=\"Calque_2\" data-name=\"Calque 2\"><g id=\"Calque_1-2\" data-name=\"Calque 1\"><path class=\"cls-1\" d=\"M47.53,10,34.45,23.08a8.56,8.56,0,1,1-3.93-4L43.61,6A26.71,26.71,0,0,0,6,43.61l4.08-4.08A21,21,0,0,1,26.7,5.77v5.58A15.39,15.39,0,1,0,42.09,26.73v0h5.58v0a21,21,0,0,1-33.6,16.73L10,47.53A26.7,26.7,0,0,0,47.53,10Z\"><\/path><\/g><\/g><\/svg>\t\t\t<\/div>\n\t\t<\/div>\n\t\t\t\t\t\t<\/div>\n\t\t\t\t<\/div>\n\t\t\t\t<div class=\"elementor-element elementor-element-9548cf8 elementor-widget elementor-widget-text-editor\" data-id=\"9548cf8\" data-element_type=\"widget\" data-widget_type=\"text-editor.default\">\n\t\t\t\t<div class=\"elementor-widget-container\">\n\t\t\t\t\t\t\t\t\t<p>Die Zufriedenheit unserer Kunden steht bei uns an erster Stelle.  <\/p>\t\t\t\t\t\t\t\t<\/div>\n\t\t\t\t<\/div>\n\t\t\t\t<div class=\"elementor-element elementor-element-a04e1a1 elementor-widget elementor-widget-text-editor\" data-id=\"a04e1a1\" data-element_type=\"widget\" data-widget_type=\"text-editor.default\">\n\t\t\t\t<div class=\"elementor-widget-container\">\n\t\t\t\t\t\t\t\t\t<p>Cryonic Medical hat Dienstleistungen entwickelt, die auf die Bed\u00fcrfnisse von Fachleuten in Frankreich und im Ausland zugeschnitten sind. Je nach den beruflichen Zw\u00e4ngen des Einzelnen kann sich cryonic anpassen, um die Ergebnisse der Technik so weit wie m\u00f6glich zu optimieren.<\/p>\t\t\t\t\t\t\t\t<\/div>\n\t\t\t\t<\/div>\n\t\t\t\t\t<\/div>\n\t\t<\/div>\n\t\t\t\t\t<\/div>\n\t\t<\/section>\n\t\t\t\t<section class=\"elementor-section elementor-top-section elementor-element elementor-element-b6b034c elementor-section-stretched elementor-section-full_width elementor-section-height-default elementor-section-height-default\" data-id=\"b6b034c\" data-element_type=\"section\" data-settings=\"{&quot;stretch_section&quot;:&quot;section-stretched&quot;}\">\n\t\t\t\t\t\t<div class=\"elementor-container elementor-column-gap-no\">\n\t\t\t\t\t<div class=\"elementor-column elementor-col-100 elementor-top-column elementor-element elementor-element-daeec22\" data-id=\"daeec22\" data-element_type=\"column\" id=\"tabs\">\n\t\t\t<div class=\"elementor-widget-wrap elementor-element-populated\">\n\t\t\t\t\t\t<div class=\"elementor-element elementor-element-493d34f elementor-widget elementor-widget-tp-accordion\" data-id=\"493d34f\" data-element_type=\"widget\" data-widget_type=\"tp-accordion.default\">\n\t\t\t\t<div class=\"elementor-widget-container\">\n\t\t\t\t\t\r\n<div class=\"theplus-accordion-wrapper elementor-accordion  hover-style-1 \"\r\n    id=\"accordion69df3a89f3daa\" data-accordion-id=\"accordion69df3a89f3daa\"\r\n    data-connection=\"\"\r\n    data-accordion-type=\"accordion\"\r\n    data-heightlight-text       role=\"tablist\" >\r\n\r\n            <div class=\"theplus-accordion-item\"  role=\"tab\">\r\n            <div id=\"elementor-tab-title-7671\" class=\"elementor-tab-title plus-accordion-header active-default text-left \" data-tab=\"1\" aria-controls=\"elementor-tab-content-7671\">\r\n                                <span class=\"elementor-accordion-icon elementor-accordion-icon-left\" aria-hidden=\"true\"><i class=\"elementor-accordion-icon-closed fa fa-plus\"><\/i><i class=\"elementor-accordion-icon-opened fa fa-minus\"><\/i><\/span>\r\n                <span style=\"width:100%\">Gaslogistik<\/span>                            <\/div>\r\n\r\n                        <div id=\"elementor-tab-content-7671\" class=\"elementor-tab-content elementor-clearfix plus-accordion-content active-default \" data-tab=\"1\" role=\"tabpanel\" aria-labelledby=\"elementor-tab-title-7671\">\r\n                <div class=\"plus-content-editor\" ><p><strong>MEDIZINISCHES CO2 ( KOHLENDIOXID ): WARUM?<\/strong><br \/>Der &#8222;Hitzeschock&#8220; ist der Schl\u00fcssel zur Wirksamkeit der Kryotherapie. Nun kann es aber nur bei einer K\u00e4lte von weniger als -60\u00b0 erzeugt werden. Nat\u00fcrlich gibt es diese Art von K\u00e4lte nicht, sie kann ohne Gas nicht erzeugt werden, daher ist es nicht denkbar, ohne Verbrauchsmaterial effizient zu sein. Das empfohlene Gas ist medizinisches fl\u00fcssiges CO2, das durch Expansion in Luft eine konstante Temperatur von -78 \u00b0C erzeugt. Die Flaschen m\u00fcssen daher mit TAUCHROHREN ausgestattet sein, da wir die fl\u00fcssige Phase des Gases nutzen m\u00fcssen.<\/p>\n<p>CO2 ist einfach zu verwenden, angenehm, zuverl\u00e4ssig und handlich.<\/p>\n<p><strong>DIE ST\u00c4RKEN DES CO2<\/strong><br \/>&#8211; Physikalische und chemische Eigenschaften f\u00fcr Ihre Praxis und den Komfort der Patienten: Das Gas ist rein, trocken und bakteriostatisch. Daher ist es sehr bequem und kann um Wunden herum oder nach einer Operation keimfrei und ohne Aufweichung des Gewebes verwendet werden.<br \/>&#8211; Die Lagerung: Die Flaschen sollten an einem trockenen Ort und nicht in der N\u00e4he von W\u00e4rmequellen (Whirlpools) gelagert werden. Es ist weder entflammbar noch gef\u00e4hrlich.<br \/>&#8211; \u00d6ko-Verantwortung: Das verwendete CO2 stammt aus der Wiederverwertung von Verbrennungsprozessen. Denn es wird gereinigt und ges\u00e4ubert, bevor es in unsere Flaschen gepresst wird. Daher gibt es bei der Anwendung der Technik keine Umweltverschmutzung.  <\/p>\n<p><strong>DIE LOGISTIK<\/strong><br \/>In Frankreich bieten wir zwei Arten von Flaschen an: Standardflaschen mit 10 kg CO2 und kleinere Flaschen (1-2 kg) f\u00fcr das tragbare Ger\u00e4t. Alle Flaschen sind nachf\u00fcllbar. Die Logistikabteilung von Cryonic medical ist \u00e4u\u00dferst leistungsf\u00e4hig, denn wir sind in der Lage, ganz Frankreich innerhalb von 48-72 Stunden zu beliefern, indem wir die leeren Flaschen zur\u00fccknehmen. Die R\u00fcckverfolgbarkeit der Flaschen wird \u00fcberpr\u00fcft und die Flaschen werden regelm\u00e4\u00dfig aufgearbeitet.<\/p>\n<p>Sie k\u00f6nnen Ihre Flaschen unter folgender Adresse bestellen <a href=\"mailto:gaz@cryonic-medical.com\">: gaz@cryonic-medical.com<\/a><br \/>Im Ausland ist CO2 bei allen Gasanbietern erh\u00e4ltlich. Cryonic Medical arbeitet mit vielen lokalen Vertriebspartnern zusammen, die die Anwender beraten.<\/p>\n<\/div>\r\n            <\/div>\r\n                    <\/div>\r\n                <div class=\"theplus-accordion-item\"  role=\"tab\">\r\n            <div id=\"elementor-tab-title-7672\" class=\"elementor-tab-title plus-accordion-header no text-left \" data-tab=\"2\" aria-controls=\"elementor-tab-content-7672\">\r\n                                <span class=\"elementor-accordion-icon elementor-accordion-icon-left\" aria-hidden=\"true\"><i class=\"elementor-accordion-icon-closed fa fa-plus\"><\/i><i class=\"elementor-accordion-icon-opened fa fa-minus\"><\/i><\/span>\r\n                <span style=\"width:100%\">Schulungen<\/span>                            <\/div>\r\n\r\n                        <div id=\"elementor-tab-content-7672\" class=\"elementor-tab-content elementor-clearfix plus-accordion-content no \" data-tab=\"2\" role=\"tabpanel\" aria-labelledby=\"elementor-tab-title-7672\">\r\n                <div class=\"plus-content-editor\" ><p><strong>EINE SCHULUNG, DIE IHREN ANFORDERUNGEN<\/strong> N\u00c4HER IST<br \/>In Frankreich bietet Cryonic Medical Schulungen f\u00fcr die Benutzer seiner Ger\u00e4te an, damit jeder die Anwendung des NCS optimieren und es seinen Patienten in geeigneter Weise anbieten kann. Professionelles Handeln und die Aufwertung von Kenntnissen sind grundlegende Punkte bei der Anwendung dieser Technik.<\/p>\n<p>In Frankreich wird ein halbt\u00e4giger Kurs von einem Spezialisten f\u00fcr Neurokryostimulation angeboten. Das Programm umfasst:<br \/>&#8211; Erinnerung an die Prinzipien der NeuroCryoStimulation, ihre Funktionsweise und ihre Wirkungen.<br \/>&#8211; Verst\u00e4ndnis und Definition der Art der behandelten Krankheiten.<br \/>&#8211; Praktische Anwendungen und technische Gesten &#8211; Behandlungen an den Patienten.  <\/p>\n<p>Im Anschluss an die halbt\u00e4gige Schulung wird ein Praktikumszertifikat ausgestellt. Diese kann am Hauptsitz von Cryonic M\u00e9dical in Besan\u00e7on (25000-FR), in Ihren R\u00e4umlichkeiten oder in spezialisierten NCS-Zentren in ganz Frankreich angeboten werden .<\/p>\n<p><strong>F\u00dcR JEDE AUSBILDUNG IM AUSLAND<\/strong><\/p>\n<p>Internationale Partner sind in vielen L\u00e4ndern vertreten und von der Firma Cryonic Medical akkreditiert, um Schulungen f\u00fcr ihre Kunden, die Anwender der NeuroCryoStimulationstechnik sind, anzubieten. Am Ende des Kurses werden von der Firma Cryonic Medical Zertifikate ausgestellt.<\/p>\n<p>Viele Patienten fragen uns nach den Kontaktdaten von ausgebildeten Praktikern, um von unserer Technik zu profitieren; unsere Liste wird daher regelm\u00e4\u00dfig aktualisiert! Dar\u00fcber hinaus stehen Ihnen nach Fachgebieten geordnete Relais von Gesundheitsexperten, die die NCS seit vielen Jahren anwenden, zur Verf\u00fcgung, um jede besondere Anfrage zu beantworten.<\/p>\n<\/div>\r\n            <\/div>\r\n                    <\/div>\r\n                <div class=\"theplus-accordion-item\"  role=\"tab\">\r\n            <div id=\"elementor-tab-title-7673\" class=\"elementor-tab-title plus-accordion-header no text-left \" data-tab=\"3\" aria-controls=\"elementor-tab-content-7673\">\r\n                                <span class=\"elementor-accordion-icon elementor-accordion-icon-left\" aria-hidden=\"true\"><i class=\"elementor-accordion-icon-closed fa fa-plus\"><\/i><i class=\"elementor-accordion-icon-opened fa fa-minus\"><\/i><\/span>\r\n                <span style=\"width:100%\">Qualit\u00e4t und Wartung<\/span>                            <\/div>\r\n\r\n                        <div id=\"elementor-tab-content-7673\" class=\"elementor-tab-content elementor-clearfix plus-accordion-content no \" data-tab=\"3\" role=\"tabpanel\" aria-labelledby=\"elementor-tab-title-7673\">\r\n                <div class=\"plus-content-editor\" ><p>DAS <strong>QUALIT\u00c4TSSYSTEM<\/strong><br \/>Jedes Jahr werden Unternehmen, die medizinische Ger\u00e4te herstellen, von einer Zertifizierungsstelle \u00fcberpr\u00fcft. Sie m\u00fcssen den europ\u00e4ischen medizinischen Standards entsprechen und die Anforderungen der geltenden Richtlinien und Verordnungen erf\u00fcllen.<br \/>Dank der Strenge des Systems, des Teams und des Engagements jedes Partners verf\u00fcgt Cryonic Medical \u00fcber mehrere Zertifizierungen und Zulassungen, um seine medizinischen Ger\u00e4te auf verschiedenen internationalen M\u00e4rkten und in allen Krankenh\u00e4usern verkaufen zu k\u00f6nnen: <br \/><strong>&#8211; Zertifizierung: ISO 13485  <\/strong><\/p>\n<p>Z\u00f6gern Sie nicht, die medizinische CE-Kennzeichnung der Ger\u00e4te, die Sie verwenden, zu \u00fcberpr\u00fcfen. Im Falle eines Vorfalls wird Ihre Versicherung dies von Ihnen verlangen.<\/p>\n<p><strong>WARTUNGS- UND<\/strong> KUNDENDIENST<br \/>In Deutschland:<br \/>CRYONIC MEDICAL stellt Ihnen einen Kundendiensttechniker zur Verf\u00fcgung, der auf CRYONIC MEDICAL-Ger\u00e4te spezialisiert ist.<br \/>Der Online-Service erm\u00f6glicht es, den Fehler zu identifizieren, wenn es einen gibt, und ihn in den meisten F\u00e4llen per Telefon zu beheben. Wenn die Diagnose einen Eingriff erfordert, werden Ihnen verschiedene L\u00f6sungen angeboten, mit der M\u00f6glichkeit, f\u00fcr die Dauer des Eingriffs ein Leihger\u00e4t zu schicken. Die Reaktionsf\u00e4higkeit dieses Dienstes ist eine der St\u00e4rken von Cryonic Medical.<\/p>\n<p>Im Ausland:<br \/>Die Vertriebspartner &#8211; Wiederverk\u00e4ufer von Ger\u00e4ten sind geschult, um alle technischen Fragen zu beantworten. Bei besonderen Problemen k\u00f6nnen sie mit unseren Ingenieuren zusammenarbeiten oder Sie k\u00f6nnen Ihre Anfrage direkt an technique@cryonic-medical.com <br \/>richten. <\/p>\n<\/div>\r\n            <\/div>\r\n                    <\/div>\r\n                <div class=\"theplus-accordion-item\"  role=\"tab\">\r\n            <div id=\"elementor-tab-title-7674\" class=\"elementor-tab-title plus-accordion-header no text-left \" data-tab=\"4\" aria-controls=\"elementor-tab-content-7674\">\r\n                                <span class=\"elementor-accordion-icon elementor-accordion-icon-left\" aria-hidden=\"true\"><i class=\"elementor-accordion-icon-closed fa fa-plus\"><\/i><i class=\"elementor-accordion-icon-opened fa fa-minus\"><\/i><\/span>\r\n                <span style=\"width:100%\">Recycling<\/span>                            <\/div>\r\n\r\n                        <div id=\"elementor-tab-content-7674\" class=\"elementor-tab-content elementor-clearfix plus-accordion-content no \" data-tab=\"4\" role=\"tabpanel\" aria-labelledby=\"elementor-tab-title-7674\">\r\n                <div class=\"plus-content-editor\" ><p>CRYONIC MEDICAL finanziert den speziellen Recyclingpfad f\u00fcr WEEE Pro, der kostenlos gebrauchte elektrische Beleuchtungsger\u00e4te, Kontroll- und \u00dcberwachungsger\u00e4te und Medizinprodukte zur\u00fccknimmt (Weitere Informationen unter <a href=\"http:\/\/www.recylum.com\" target=\"_blank\" rel=\"noopener\">www.ecosystem.com)<\/a>.<\/p>\n<p><a href=\"http:\/\/www.recylum.com\" target=\"_blank\" rel=\"noopener\"><img decoding=\"async\" class=\"alignnone size-medium wp-image-7767\" src=\"https:\/\/cryonic-medical.com\/wp-content\/uploads\/2020\/04\/logo-300x73.png\" alt=\"\" width=\"300\" height=\"73\" srcset=\"https:\/\/cryonic-medical.com\/wp-content\/uploads\/2020\/04\/logo-300x73.png 300w, https:\/\/cryonic-medical.com\/wp-content\/uploads\/2020\/04\/logo-1024x250.png 1024w, https:\/\/cryonic-medical.com\/wp-content\/uploads\/2020\/04\/logo.png 1154w\" sizes=\"(max-width: 300px) 100vw, 300px\" \/><\/a><\/p>\n<\/div>\r\n            <\/div>\r\n                    <\/div>\r\n        \r\n<\/div>\r\n\t\t\t\t<\/div>\n\t\t\t\t<\/div>\n\t\t\t\t\t<\/div>\n\t\t<\/div>\n\t\t\t\t\t<\/div>\n\t\t<\/section>\n\t\t\t\t<\/div>\n\t\t","protected":false},"excerpt":{"rendered":"<p>wir bieten Ihnen ein Service von Gaslogistik Schulungen Wartung Recycling Die Zufriedenheit unserer Kunden steht bei uns an erster Stelle. Cryonic Medical hat Dienstleistungen entwickelt, die auf die Bed\u00fcrfnisse von Fachleuten in Frankreich und im Ausland zugeschnitten sind. Je nach den beruflichen Zw\u00e4ngen des Einzelnen kann sich cryonic anpassen, um die Ergebnisse der Technik so [&hellip;]<\/p>\n","protected":false},"author":1,"featured_media":0,"parent":0,"menu_order":0,"comment_status":"closed","ping_status":"closed","template":"","meta":{"footnotes":""},"class_list":["post-17215","page","type-page","status-publish","hentry"],"_links":{"self":[{"href":"https:\/\/cryonic-medical.com\/de\/wp-json\/wp\/v2\/pages\/17215","targetHints":{"allow":["GET"]}}],"collection":[{"href":"https:\/\/cryonic-medical.com\/de\/wp-json\/wp\/v2\/pages"}],"about":[{"href":"https:\/\/cryonic-medical.com\/de\/wp-json\/wp\/v2\/types\/page"}],"author":[{"embeddable":true,"href":"https:\/\/cryonic-medical.com\/de\/wp-json\/wp\/v2\/users\/1"}],"replies":[{"embeddable":true,"href":"https:\/\/cryonic-medical.com\/de\/wp-json\/wp\/v2\/comments?post=17215"}],"version-history":[{"count":15,"href":"https:\/\/cryonic-medical.com\/de\/wp-json\/wp\/v2\/pages\/17215\/revisions"}],"predecessor-version":[{"id":18550,"href":"https:\/\/cryonic-medical.com\/de\/wp-json\/wp\/v2\/pages\/17215\/revisions\/18550"}],"wp:attachment":[{"href":"https:\/\/cryonic-medical.com\/de\/wp-json\/wp\/v2\/media?parent=17215"}],"curies":[{"name":"wp","href":"https:\/\/api.w.org\/{rel}","templated":true}]}}