{"id":17172,"date":"2023-09-15T09:58:08","date_gmt":"2023-09-15T07:58:08","guid":{"rendered":"https:\/\/cryonic-medical.com\/kontakt\/"},"modified":"2025-01-20T17:03:42","modified_gmt":"2025-01-20T16:03:42","slug":"kontakt","status":"publish","type":"page","link":"https:\/\/cryonic-medical.com\/de\/kontakt\/","title":{"rendered":"Kontakt"},"content":{"rendered":"\t\t<div data-elementor-type=\"wp-post\" data-elementor-id=\"17172\" class=\"elementor elementor-17172 elementor-1902\" data-elementor-post-type=\"page\">\n\t\t\t\t\t\t<section class=\"elementor-section elementor-top-section elementor-element elementor-element-5890f30 elementor-section-stretched elementor-section-full_width elementor-section-height-full elementor-section-items-top elementor-section-height-default\" data-id=\"5890f30\" data-element_type=\"section\" data-settings=\"{&quot;stretch_section&quot;:&quot;section-stretched&quot;}\">\n\t\t\t\t\t\t<div class=\"elementor-container elementor-column-gap-no\">\n\t\t\t\t\t<div class=\"elementor-column elementor-col-50 elementor-top-column elementor-element elementor-element-19a3ee5\" data-id=\"19a3ee5\" data-element_type=\"column\" data-settings=\"{&quot;background_background&quot;:&quot;classic&quot;}\">\n\t\t\t<div class=\"elementor-widget-wrap elementor-element-populated\">\n\t\t\t\t\t<div class=\"elementor-background-overlay\"><\/div>\n\t\t\t\t\t\t<div class=\"elementor-element elementor-element-c002508 elementor-widget elementor-widget-spacer\" data-id=\"c002508\" data-element_type=\"widget\" data-widget_type=\"spacer.default\">\n\t\t\t\t<div class=\"elementor-widget-container\">\n\t\t\t\t\t\t\t<div class=\"elementor-spacer\">\n\t\t\t<div class=\"elementor-spacer-inner\"><\/div>\n\t\t<\/div>\n\t\t\t\t\t\t<\/div>\n\t\t\t\t<\/div>\n\t\t\t\t\t<\/div>\n\t\t<\/div>\n\t\t\t\t<div class=\"elementor-column elementor-col-50 elementor-top-column elementor-element elementor-element-50fa107\" data-id=\"50fa107\" data-element_type=\"column\" data-settings=\"{&quot;background_background&quot;:&quot;classic&quot;,&quot;animation&quot;:&quot;none&quot;}\">\n\t\t\t<div class=\"elementor-widget-wrap elementor-element-populated\">\n\t\t\t\t\t\t<div class=\"elementor-element elementor-element-b86ea8d animated-slow elementor-invisible elementor-widget elementor-widget-heading\" data-id=\"b86ea8d\" data-element_type=\"widget\" data-settings=\"{&quot;_animation&quot;:&quot;fadeInUp&quot;}\" data-widget_type=\"heading.default\">\n\t\t\t\t<div class=\"elementor-widget-container\">\n\t\t\t\t\t<h2 class=\"elementor-heading-title elementor-size-default\">kontaktieren Sie uns<\/h2>\t\t\t\t<\/div>\n\t\t\t\t<\/div>\n\t\t\t\t<div class=\"elementor-element elementor-element-907f3bb animated-slow elementor-invisible elementor-widget elementor-widget-text-editor\" data-id=\"907f3bb\" data-element_type=\"widget\" data-settings=\"{&quot;_animation&quot;:&quot;fadeInUp&quot;}\" data-widget_type=\"text-editor.default\">\n\t\t\t\t<div class=\"elementor-widget-container\">\n\t\t\t\t\t\t\t\t\t<p>M\u00f6chten Sie mehr \u00fcber unsere Ger\u00e4te, unsere Dienstleistungen oder unsere Preise erfahren? M\u00f6chten Sie sich zu unseren L\u00f6sungen beraten lassen und uns Ihre Fragen stellen? Was auch immer Ihr Anliegen ist, wir laden Sie ein, sich mit uns in Verbindung zu setzen, unsere Abteilungen werden Ihnen gerne Auskunft geben.<\/p>\n\t\t\t\t\t\t\t\t<\/div>\n\t\t\t\t<\/div>\n\t\t\t\t<div class=\"elementor-element elementor-element-90029fa elementor-position-left elementor-vertical-align-middle animated-slow elementor-view-default elementor-mobile-position-top elementor-invisible elementor-widget elementor-widget-icon-box\" data-id=\"90029fa\" data-element_type=\"widget\" data-settings=\"{&quot;_animation&quot;:&quot;fadeInUp&quot;}\" data-widget_type=\"icon-box.default\">\n\t\t\t\t<div class=\"elementor-widget-container\">\n\t\t\t\t\t\t\t<div class=\"elementor-icon-box-wrapper\">\n\n\t\t\t\t\t\t<div class=\"elementor-icon-box-icon\">\n\t\t\t\t<span  class=\"elementor-icon\">\n\t\t\t\t<svg xmlns=\"http:\/\/www.w3.org\/2000\/svg\" height=\"512\" viewBox=\"0 0 64 64\" width=\"512\"><path d=\"m44 21a12 12 0 1 0 -12 12 12.013 12.013 0 0 0 12-12zm-22 0a10 10 0 1 1 10 10 10.011 10.011 0 0 1 -10-10z\"><\/path><path d=\"m39.414 46.544c5.579-6.544 12.586-16.376 12.586-24.544a20 20 0 0 0 -40 0c0 8.168 7.007 18 12.586 24.544-7.706 1.165-12.586 4.011-12.586 7.456 0 5.2 10.305 8 20 8s20-2.8 20-8c0-3.445-4.88-6.291-12.586-7.456zm-7.414-42.544a18.021 18.021 0 0 1 18 18c0 11.042-14.625 26.241-18 29.6-3.375-3.359-18-18.558-18-29.6a18.021 18.021 0 0 1 18-18zm0 56c-10.607 0-18-3.162-18-6 0-2.052 4.264-4.693 12.162-5.65 2.759 3.092 4.894 5.133 5.15 5.376a1 1 0 0 0 1.376 0c.256-.243 2.391-2.284 5.15-5.376 7.898.957 12.162 3.598 12.162 5.65 0 2.838-7.393 6-18 6z\"><\/path><\/svg>\t\t\t\t<\/span>\n\t\t\t<\/div>\n\t\t\t\n\t\t\t\t\t\t<div class=\"elementor-icon-box-content\">\n\n\t\t\t\t\t\t\t\t\t<h3 class=\"elementor-icon-box-title\">\n\t\t\t\t\t\t<span  >\n\t\t\t\t\t\t\t6 rue Berthelot, Besan\u00e7on 25000, Frankreich\t\t\t\t\t\t<\/span>\n\t\t\t\t\t<\/h3>\n\t\t\t\t\n\t\t\t\t\n\t\t\t<\/div>\n\t\t\t\n\t\t<\/div>\n\t\t\t\t\t\t<\/div>\n\t\t\t\t<\/div>\n\t\t\t\t<div class=\"elementor-element elementor-element-df4d022 elementor-position-left elementor-vertical-align-middle animated-slow elementor-view-default elementor-mobile-position-top elementor-invisible elementor-widget elementor-widget-icon-box\" data-id=\"df4d022\" data-element_type=\"widget\" data-settings=\"{&quot;_animation&quot;:&quot;fadeInUp&quot;}\" data-widget_type=\"icon-box.default\">\n\t\t\t\t<div class=\"elementor-widget-container\">\n\t\t\t\t\t\t\t<div class=\"elementor-icon-box-wrapper\">\n\n\t\t\t\t\t\t<div class=\"elementor-icon-box-icon\">\n\t\t\t\t<span  class=\"elementor-icon\">\n\t\t\t\t<svg xmlns=\"http:\/\/www.w3.org\/2000\/svg\" xmlns:xlink=\"http:\/\/www.w3.org\/1999\/xlink\" viewBox=\"0 0 463.009 463.009\"><g><path d=\"m462.692,381.085c-1.472-11.126-7.895-20.719-17.62-26.318l-114.226-65.767c-13.99-8.055-31.738-5.71-43.157,5.708l-22.499,22.499c-5.987,5.988-15.459,6.518-22.028,1.231-17.737-14.272-35.201-29.979-51.906-46.685-16.705-16.705-32.412-34.168-46.685-51.906-5.287-6.57-4.758-16.041 1.231-22.029l22.498-22.499c11.418-11.417 13.766-29.163 5.709-43.156l-65.767-114.226c-5.6-9.726-15.192-16.148-26.318-17.62-11.127-1.475-22.06,2.236-29.996,10.172l-33.901,33.902c-23.661,23.662-24.041,66.944-1.07,121.875 22.088,52.818 63.308,110.962 116.065,163.721 52.759,52.758 110.903,93.978 163.722,116.066 27.039,11.307 51.253,16.957 71.697,16.956 21.088,0 38.163-6.013 50.178-18.027l33.901-33.902c7.935-7.936 11.643-18.869 10.172-29.995zm-139.33-79.086l114.226,65.767c5.649,3.252 9.379,8.824 10.233,15.286 0.718,5.423-0.691,10.763-3.885,15.066l-151.805-86.638 6.165-6.165c6.631-6.631 16.941-7.994 25.066-3.316zm-243.406-286.811c6.463,0.855 12.034,4.585 15.286,10.234l65.767,114.226c4.68,8.127 3.316,18.435-3.315,25.065l-5.663,5.663-87.114-151.303c3.561-2.637 7.82-4.069 12.26-4.069 0.921-1.77636e-15 1.85,0.061 2.779,0.184zm328.055,419.187c-18.798,18.798-57.244,18.01-105.48-2.162-51.06-21.352-107.491-61.424-158.901-112.833-51.41-51.41-91.482-107.842-112.834-158.901-20.173-48.237-20.96-86.683-2.162-105.482l25.167-25.168 87.245,151.532-5.851,5.851c-11.415,11.416-12.409,29.488-2.311,42.04 14.609,18.156 30.68,36.024 47.764,53.108 17.086,17.085 34.954,33.156 53.109,47.765 12.55,10.098 30.622,9.105 42.04-2.312l5.338-5.338 152.016,86.759-25.14,25.141z\"><\/path><\/g><\/svg>\t\t\t\t<\/span>\n\t\t\t<\/div>\n\t\t\t\n\t\t\t\t\t\t<div class=\"elementor-icon-box-content\">\n\n\t\t\t\t\t\t\t\t\t<h3 class=\"elementor-icon-box-title\">\n\t\t\t\t\t\t<span  >\n\t\t\t\t\t\t\t(+33) 03 81 54 35 40  \t\t\t\t\t\t<\/span>\n\t\t\t\t\t<\/h3>\n\t\t\t\t\n\t\t\t\t\n\t\t\t<\/div>\n\t\t\t\n\t\t<\/div>\n\t\t\t\t\t\t<\/div>\n\t\t\t\t<\/div>\n\t\t\t\t<div class=\"elementor-element elementor-element-259be06 elementor-position-left elementor-vertical-align-middle animated-slow elementor-view-default elementor-mobile-position-top elementor-invisible elementor-widget elementor-widget-icon-box\" data-id=\"259be06\" data-element_type=\"widget\" data-settings=\"{&quot;_animation&quot;:&quot;fadeInUp&quot;}\" data-widget_type=\"icon-box.default\">\n\t\t\t\t<div class=\"elementor-widget-container\">\n\t\t\t\t\t\t\t<div class=\"elementor-icon-box-wrapper\">\n\n\t\t\t\t\t\t<div class=\"elementor-icon-box-icon\">\n\t\t\t\t<a href=\"mailto:cryonic@cryonic-medical.com\" class=\"elementor-icon\" tabindex=\"-1\" aria-label=\"cryonic@cryonic-medical.com\">\n\t\t\t\t<svg xmlns=\"http:\/\/www.w3.org\/2000\/svg\" id=\"Capa_1\" height=\"512\" viewBox=\"0 0 512 512\" width=\"512\"><path d=\"m474.5 61h-437c-20.678 0-37.5 16.822-37.5 37.5v315c0 20.678 16.822 37.5 37.5 37.5h437c20.678 0 37.5-16.822 37.5-37.5v-315c0-20.678-16.822-37.5-37.5-37.5zm-146.893 195 167.194-167.194c1.409 2.937 2.199 6.225 2.199 9.694v315c0 3.469-.79 6.757-2.199 9.694zm146.893-180c3.469 0 6.757.791 9.694 2.199l-191.072 191.072c-9.915 9.916-23.099 15.377-37.122 15.377s-27.207-5.461-37.122-15.378l-88.037-88.037c-2.93-2.928-7.678-2.928-10.607 0-2.929 2.93-2.929 7.678 0 10.607l64.159 64.16-167.194 167.194c-1.409-2.937-2.199-6.225-2.199-9.694v-315c0-3.469.79-6.757 2.199-9.694l81.822 81.822c1.465 1.464 3.385 2.196 5.304 2.196s3.839-.732 5.304-2.196c2.929-2.93 2.929-7.678 0-10.607l-81.823-81.822c2.937-1.409 6.225-2.199 9.694-2.199zm-437 360c-3.469 0-6.757-.79-9.694-2.199l167.194-167.194 13.27 13.27c12.749 12.75 29.699 19.771 47.729 19.771s34.98-7.021 47.729-19.771l13.272-13.27 167.194 167.194c-2.937 1.408-6.225 2.199-9.694 2.199z\"><\/path><\/svg>\t\t\t\t<\/a>\n\t\t\t<\/div>\n\t\t\t\n\t\t\t\t\t\t<div class=\"elementor-icon-box-content\">\n\n\t\t\t\t\t\t\t\t\t<h3 class=\"elementor-icon-box-title\">\n\t\t\t\t\t\t<a href=\"mailto:cryonic@cryonic-medical.com\" >\n\t\t\t\t\t\t\tcryonic@cryonic-medical.com\t\t\t\t\t\t<\/a>\n\t\t\t\t\t<\/h3>\n\t\t\t\t\n\t\t\t\t\n\t\t\t<\/div>\n\t\t\t\n\t\t<\/div>\n\t\t\t\t\t\t<\/div>\n\t\t\t\t<\/div>\n\t\t\t\t<div class=\"elementor-element elementor-element-da50039 animated-slow elementor-button-align-stretch elementor-invisible elementor-widget elementor-widget-form\" data-id=\"da50039\" data-element_type=\"widget\" data-settings=\"{&quot;_animation&quot;:&quot;fadeInUp&quot;,&quot;step_next_label&quot;:&quot;Weiter zu&quot;,&quot;step_previous_label&quot;:&quot;Vorherige&quot;,&quot;button_width&quot;:&quot;100&quot;,&quot;step_type&quot;:&quot;number_text&quot;,&quot;step_icon_shape&quot;:&quot;circle&quot;}\" data-widget_type=\"form.default\">\n\t\t\t\t<div class=\"elementor-widget-container\">\n\t\t\t\t\t\t\t<form class=\"elementor-form\" method=\"post\" name=\"Neues Formular\">\n\t\t\t<input type=\"hidden\" name=\"post_id\" value=\"17172\"\/>\n\t\t\t<input type=\"hidden\" name=\"form_id\" value=\"da50039\"\/>\n\t\t\t<input type=\"hidden\" name=\"referer_title\" value=\"\" \/>\n\n\t\t\t\n\t\t\t<div class=\"elementor-form-fields-wrapper elementor-labels-above\">\n\t\t\t\t\t\t\t\t<div class=\"elementor-field-type-text elementor-field-group elementor-column elementor-field-group-name elementor-col-50 elementor-field-required\">\n\t\t\t\t\t\t\t\t\t\t\t\t\t<input size=\"1\" type=\"text\" name=\"form_fields[name]\" id=\"form-field-name\" class=\"elementor-field elementor-size-sm  elementor-field-textual\" placeholder=\"Name\" required=\"required\">\n\t\t\t\t\t\t\t\t\t\t\t<\/div>\n\t\t\t\t\t\t\t\t<div class=\"elementor-field-type-email elementor-field-group elementor-column elementor-field-group-email elementor-col-50 elementor-field-required\">\n\t\t\t\t\t\t\t\t\t\t\t\t\t<input size=\"1\" type=\"email\" name=\"form_fields[email]\" id=\"form-field-email\" class=\"elementor-field elementor-size-sm  elementor-field-textual\" placeholder=\"E-Mail\" required=\"required\">\n\t\t\t\t\t\t\t\t\t\t\t<\/div>\n\t\t\t\t\t\t\t\t<div class=\"elementor-field-type-text elementor-field-group elementor-column elementor-field-group-field_20e971a elementor-col-50 elementor-field-required\">\n\t\t\t\t\t\t\t\t\t\t\t\t\t<input size=\"1\" type=\"text\" name=\"form_fields[field_20e971a]\" id=\"form-field-field_20e971a\" class=\"elementor-field elementor-size-sm  elementor-field-textual\" placeholder=\"Land\" required=\"required\">\n\t\t\t\t\t\t\t\t\t\t\t<\/div>\n\t\t\t\t\t\t\t\t<div class=\"elementor-field-type-text elementor-field-group elementor-column elementor-field-group-field_844667d elementor-col-50 elementor-field-required\">\n\t\t\t\t\t\t\t\t\t\t\t\t\t<input size=\"1\" type=\"text\" name=\"form_fields[field_844667d]\" id=\"form-field-field_844667d\" class=\"elementor-field elementor-size-sm  elementor-field-textual\" placeholder=\"Aktivit\u00e4t\" required=\"required\">\n\t\t\t\t\t\t\t\t\t\t\t<\/div>\n\t\t\t\t\t\t\t\t<div class=\"elementor-field-type-textarea elementor-field-group elementor-column elementor-field-group-message elementor-col-100 elementor-field-required\">\n\t\t\t\t\t<textarea class=\"elementor-field-textual elementor-field  elementor-size-sm\" name=\"form_fields[message]\" id=\"form-field-message\" rows=\"4\" placeholder=\"Nachricht\" required=\"required\"><\/textarea>\t\t\t\t<\/div>\n\t\t\t\t\t\t\t\t<div class=\"elementor-field-type-recaptcha_v3 elementor-field-group elementor-column elementor-field-group-field_a038f6a elementor-col-100 recaptcha_v3-bottomright\">\n\t\t\t\t\t<div class=\"elementor-field\" id=\"form-field-field_a038f6a\"><div class=\"elementor-g-recaptcha\" data-sitekey=\"6LdBZuYUAAAAAD4G4GD8t7BDGyiRS6maN6AewKxh\" data-type=\"v3\" data-action=\"Form\" data-badge=\"bottomright\" data-size=\"invisible\"><\/div><\/div>\t\t\t\t<\/div>\n\t\t\t\t\t\t\t\t<div class=\"elementor-field-group elementor-column elementor-field-type-submit elementor-col-100 e-form__buttons\">\n\t\t\t\t\t<button class=\"elementor-button elementor-size-sm elementor-animation-shrink\" type=\"submit\">\n\t\t\t\t\t\t<span class=\"elementor-button-content-wrapper\">\n\t\t\t\t\t\t\t\t\t\t\t\t\t\t\t\t\t\t\t\t\t\t<span class=\"elementor-button-text\">senden<\/span>\n\t\t\t\t\t\t\t\t\t\t\t\t\t<\/span>\n\t\t\t\t\t<\/button>\n\t\t\t\t<\/div>\n\t\t\t<\/div>\n\t\t<\/form>\n\t\t\t\t\t\t<\/div>\n\t\t\t\t<\/div>\n\t\t\t\t<div class=\"elementor-element elementor-element-a1d5384 elementor-widget elementor-widget-spacer\" data-id=\"a1d5384\" data-element_type=\"widget\" data-widget_type=\"spacer.default\">\n\t\t\t\t<div class=\"elementor-widget-container\">\n\t\t\t\t\t\t\t<div class=\"elementor-spacer\">\n\t\t\t<div class=\"elementor-spacer-inner\"><\/div>\n\t\t<\/div>\n\t\t\t\t\t\t<\/div>\n\t\t\t\t<\/div>\n\t\t\t\t<div class=\"elementor-element elementor-element-afd1225 elementor-widget elementor-widget-tp-shape-divider\" data-id=\"afd1225\" data-element_type=\"widget\" data-widget_type=\"tp-shape-divider.default\">\n\t\t\t\t<div class=\"elementor-widget-container\">\n\t\t\t\t\t<div id=\"shapeafd1225\" class=\"tp-plus-shape-divider shape-shape-1 shapeafd1225 shape-left \" data-id=\"shapeafd1225\" data-position=\"left\" data-section-type=\"column\"><svg class=\"shape-1\" xmlns=\"http:\/\/www.w3.org\/2000\/svg\" xmlns:xlink=\"http:\/\/www.w3.org\/1999\/xlink\" width=\"44px\" height=\"200px\" viewBox=\"0 0 44 200\" preserveAspectRatio=\"none\"><g><path fill=\"rgba(255,255,255,1)\" stroke=\"#ffffff\" stroke-width=\"1\" stroke-linecap=\"butt\" stroke-linejoin=\"miter\" opacity=\"1\" d=\"M 45.703505156528365 200.19885384998346 C 45.73301315307617 190.79171752929688 45.365841356073965 101.6338238086374 45.662750244140625 0.25295501947402954 C 45.52727381388346 10.878458460172016 41.63068771362305 22.985551555951435 34.041473388671875 36.57423400878906 C 24.181148529052734 56.518985748291016 1.116410493850708 75.28781127929688 0.9567615985870361 100.19087982177734 C 1.1245900392532349 125.75543975830078 23.82019805908203 145.14585876464844 34.17644691467285 165.19732666015625 C 41.07911682128906 178.5620574951172 45.73301315307617 190.79171752929688 45.703505156528365 200.19885384998346 Z\" transform=\"matrix(1 0 0 1 -0.729369 -0.220138)\"><\/path><\/g><\/svg><i class=\" fa fa-angle-right shape-1-icon\"><\/i><a ><\/a><\/div>\t\t\t\t<\/div>\n\t\t\t\t<\/div>\n\t\t\t\t\t<\/div>\n\t\t<\/div>\n\t\t\t\t\t<\/div>\n\t\t<\/section>\n\t\t\t\t<\/div>\n\t\t","protected":false},"excerpt":{"rendered":"<p>kontaktieren Sie uns M\u00f6chten Sie mehr \u00fcber unsere Ger\u00e4te, unsere Dienstleistungen oder unsere Preise erfahren? M\u00f6chten Sie sich zu unseren L\u00f6sungen beraten lassen und uns Ihre Fragen stellen? Was auch immer Ihr Anliegen ist, wir laden Sie ein, sich mit uns in Verbindung zu setzen, unsere Abteilungen werden Ihnen gerne Auskunft geben. 6 rue Berthelot, [&hellip;]<\/p>\n","protected":false},"author":1,"featured_media":0,"parent":0,"menu_order":0,"comment_status":"closed","ping_status":"closed","template":"","meta":{"footnotes":""},"class_list":["post-17172","page","type-page","status-publish","hentry"],"_links":{"self":[{"href":"https:\/\/cryonic-medical.com\/de\/wp-json\/wp\/v2\/pages\/17172","targetHints":{"allow":["GET"]}}],"collection":[{"href":"https:\/\/cryonic-medical.com\/de\/wp-json\/wp\/v2\/pages"}],"about":[{"href":"https:\/\/cryonic-medical.com\/de\/wp-json\/wp\/v2\/types\/page"}],"author":[{"embeddable":true,"href":"https:\/\/cryonic-medical.com\/de\/wp-json\/wp\/v2\/users\/1"}],"replies":[{"embeddable":true,"href":"https:\/\/cryonic-medical.com\/de\/wp-json\/wp\/v2\/comments?post=17172"}],"version-history":[{"count":5,"href":"https:\/\/cryonic-medical.com\/de\/wp-json\/wp\/v2\/pages\/17172\/revisions"}],"predecessor-version":[{"id":17310,"href":"https:\/\/cryonic-medical.com\/de\/wp-json\/wp\/v2\/pages\/17172\/revisions\/17310"}],"wp:attachment":[{"href":"https:\/\/cryonic-medical.com\/de\/wp-json\/wp\/v2\/media?parent=17172"}],"curies":[{"name":"wp","href":"https:\/\/api.w.org\/{rel}","templated":true}]}}